{"id":9083,"date":"2025-07-03T15:02:40","date_gmt":"2025-07-03T12:02:40","guid":{"rendered":"https:\/\/factoryfam.ua\/product\/kerastase-chronologiste-bain-regenerant\/"},"modified":"2025-07-03T15:02:40","modified_gmt":"2025-07-03T12:02:40","slug":"kerastase-chronologiste-bain-regenerant","status":"publish","type":"product","link":"https:\/\/factoryfam.ua\/en\/product\/kerastase-chronologiste-bain-regenerant\/","title":{"rendered":"Kerastase Chronologiste Bain R\u00e9g\u00e9n\u00e9rant."},"content":{"rendered":"<p data-start=\"129\" data-end=\"168\"><strong data-start=\"129\" data-end=\"168\">K\u00e9rastase Bain Revitalisant Shampoo<\/strong><\/p>\n<p data-start=\"170\" data-end=\"481\">A caring, all-in-one shampoo for scalp and hair.<br data-start=\"218\" data-end=\"221\" \/>Thanks to the latest research in <strong data-start=\"254\" data-end=\"273\">Kerastase Paris<\/strong> laboratories, the <strong data-start=\"292\" data-end=\"313\">Bain Revitalisant<\/strong> shampoo is enriched with precious active ingredients.<br data-start=\"367\" data-end=\"370\" \/>It gently and naturally cleanses the scalp and hair, combining softness with nourishment down to the very tips.<\/p>\n<p data-start=\"483\" data-end=\"615\"><strong data-start=\"483\" data-end=\"504\">Bain Revitalisant<\/strong> is a true technological breakthrough, combining the most valuable active ingredients in high concentrations:<\/p>\n<ul data-start=\"616\" data-end=\"1193\">\n<li data-start=\"616\" data-end=\"800\">\n<p data-start=\"618\" data-end=\"800\"><strong data-start=\"618\" data-end=\"630\">Abyssine<\/strong>: a &#8220;huge molecule&#8221; discovered in volcanic cracks of the Pacific Ocean, combined with <strong data-start=\"716\" data-end=\"735\">Gluco-lipid GL\u00ae<\/strong> and bisabolol for nourishment and a <strong data-start=\"772\" data-end=\"797\">&#8220;Velvet Touch&#8221; effect<\/strong>.<\/p>\n<\/li>\n<li data-start=\"801\" data-end=\"887\">\n<p data-start=\"803\" data-end=\"887\"><strong data-start=\"803\" data-end=\"816\">Vitamin F<\/strong>: carefully cleanses scalp and hair thanks to its healing properties.<\/p>\n<\/li>\n<li data-start=\"888\" data-end=\"998\">\n<p data-start=\"890\" data-end=\"998\"><strong data-start=\"890\" data-end=\"903\">Vitamin E<\/strong>: its antioxidant action protects hair fiber from daily UV rays and environmental pollutants.<\/p>\n<\/li>\n<li data-start=\"999\" data-end=\"1105\">\n<p data-start=\"1001\" data-end=\"1105\"><strong data-start=\"1001\" data-end=\"1014\">Ceramides<\/strong>: a health-promoting technology that strengthens the cuticle for better fiber resistance.<\/p>\n<\/li>\n<li data-start=\"1106\" data-end=\"1142\">\n<p data-start=\"1108\" data-end=\"1142\"><strong data-start=\"1108\" data-end=\"1140\">Oils \u2014 Camellia, Amla, Argan<\/strong><\/p>\n<\/li>\n<li data-start=\"1143\" data-end=\"1193\">\n<p data-start=\"1145\" data-end=\"1193\"><strong data-start=\"1145\" data-end=\"1161\">Corn extract<\/strong>: nourishes hair and adds shine<\/p>\n<\/li>\n<\/ul>\n","protected":false},"excerpt":{"rendered":"<p>Transform your regular hair washing routine into true pleasure. The anti-aging shampoo for strengthening and revitalizing hair, <strong data-start=\"1328\" data-end=\"1371\">K\u00e9rastase Chronologiste Bain R\u00e9g\u00e9n\u00e9rant<\/strong>, energizes your hair and lifts your mood with its distinctive fragrance.<\/p>\n","protected":false},"featured_media":8730,"comment_status":"open","ping_status":"closed","template":"","meta":[],"product_brand":[118],"product_cat":[141],"product_tag":[],"class_list":{"0":"post-9083","1":"product","2":"type-product","3":"status-publish","4":"has-post-thumbnail","6":"product_brand-kerastase","7":"product_cat-makeup","9":"first","10":"instock","11":"shipping-taxable","12":"purchasable","13":"product-type-simple"},"yoast_head":"<!-- This site is optimized with the Yoast SEO plugin v26.8 - https:\/\/yoast.com\/product\/yoast-seo-wordpress\/ -->\n<title>Kerastase Chronologiste Bain R\u00e9g\u00e9n\u00e9rant. - Factory Family<\/title>\n<meta name=\"robots\" content=\"index, follow, max-snippet:-1, max-image-preview:large, max-video-preview:-1\" \/>\n<link rel=\"canonical\" href=\"https:\/\/factoryfam.ua\/en\/product\/kerastase-chronologiste-bain-regenerant\/\" \/>\n<meta property=\"og:locale\" content=\"en_US\" \/>\n<meta property=\"og:type\" content=\"article\" \/>\n<meta property=\"og:title\" content=\"Kerastase Chronologiste Bain R\u00e9g\u00e9n\u00e9rant. - Factory Family\" \/>\n<meta property=\"og:description\" content=\"Transform your regular hair washing routine into true pleasure. The anti-aging shampoo for strengthening and revitalizing hair, K\u00e9rastase Chronologiste Bain R\u00e9g\u00e9n\u00e9rant, energizes your hair and lifts your mood with its distinctive fragrance.\" \/>\n<meta property=\"og:url\" content=\"https:\/\/factoryfam.ua\/en\/product\/kerastase-chronologiste-bain-regenerant\/\" \/>\n<meta property=\"og:site_name\" content=\"Factory Family\" \/>\n<meta property=\"og:image\" content=\"https:\/\/factoryfam.ua\/wp-content\/uploads\/2025\/07\/bain-regenerant.jpg\" \/>\n\t<meta property=\"og:image:width\" content=\"650\" \/>\n\t<meta property=\"og:image:height\" content=\"650\" \/>\n\t<meta property=\"og:image:type\" content=\"image\/jpeg\" \/>\n<meta name=\"twitter:card\" content=\"summary_large_image\" \/>\n<meta name=\"twitter:label1\" content=\"Est. reading time\" \/>\n\t<meta name=\"twitter:data1\" content=\"1 minute\" \/>\n<script type=\"application\/ld+json\" class=\"yoast-schema-graph\">{\"@context\":\"https:\/\/schema.org\",\"@graph\":[{\"@type\":\"WebPage\",\"@id\":\"https:\/\/factoryfam.ua\/en\/product\/kerastase-chronologiste-bain-regenerant\/\",\"url\":\"https:\/\/factoryfam.ua\/en\/product\/kerastase-chronologiste-bain-regenerant\/\",\"name\":\"Kerastase Chronologiste Bain R\u00e9g\u00e9n\u00e9rant. - Factory Family\",\"isPartOf\":{\"@id\":\"https:\/\/factoryfam.ua\/en\/#website\"},\"primaryImageOfPage\":{\"@id\":\"https:\/\/factoryfam.ua\/en\/product\/kerastase-chronologiste-bain-regenerant\/#primaryimage\"},\"image\":{\"@id\":\"https:\/\/factoryfam.ua\/en\/product\/kerastase-chronologiste-bain-regenerant\/#primaryimage\"},\"thumbnailUrl\":\"https:\/\/factoryfam.ua\/wp-content\/uploads\/2025\/07\/bain-regenerant.jpg\",\"datePublished\":\"2025-07-03T12:02:40+00:00\",\"breadcrumb\":{\"@id\":\"https:\/\/factoryfam.ua\/en\/product\/kerastase-chronologiste-bain-regenerant\/#breadcrumb\"},\"inLanguage\":\"en-US\",\"potentialAction\":[{\"@type\":\"ReadAction\",\"target\":[\"https:\/\/factoryfam.ua\/en\/product\/kerastase-chronologiste-bain-regenerant\/\"]}]},{\"@type\":\"ImageObject\",\"inLanguage\":\"en-US\",\"@id\":\"https:\/\/factoryfam.ua\/en\/product\/kerastase-chronologiste-bain-regenerant\/#primaryimage\",\"url\":\"https:\/\/factoryfam.ua\/wp-content\/uploads\/2025\/07\/bain-regenerant.jpg\",\"contentUrl\":\"https:\/\/factoryfam.ua\/wp-content\/uploads\/2025\/07\/bain-regenerant.jpg\",\"width\":650,\"height\":650},{\"@type\":\"BreadcrumbList\",\"@id\":\"https:\/\/factoryfam.ua\/en\/product\/kerastase-chronologiste-bain-regenerant\/#breadcrumb\",\"itemListElement\":[{\"@type\":\"ListItem\",\"position\":1,\"name\":\"\u0413\u043e\u043b\u043e\u0432\u043d\u0430\",\"item\":\"https:\/\/factoryfam.ua\/en\/\"},{\"@type\":\"ListItem\",\"position\":2,\"name\":\"Shop\",\"item\":\"https:\/\/factoryfam.ua\/shop\/\"},{\"@type\":\"ListItem\",\"position\":3,\"name\":\"Kerastase Chronologiste Bain R\u00e9g\u00e9n\u00e9rant.\"}]},{\"@type\":\"WebSite\",\"@id\":\"https:\/\/factoryfam.ua\/en\/#website\",\"url\":\"https:\/\/factoryfam.ua\/en\/\",\"name\":\"Factory Family\",\"description\":\"\",\"potentialAction\":[{\"@type\":\"SearchAction\",\"target\":{\"@type\":\"EntryPoint\",\"urlTemplate\":\"https:\/\/factoryfam.ua\/en\/?s={search_term_string}\"},\"query-input\":{\"@type\":\"PropertyValueSpecification\",\"valueRequired\":true,\"valueName\":\"search_term_string\"}}],\"inLanguage\":\"en-US\"}]}<\/script>\n<!-- \/ Yoast SEO plugin. -->","yoast_head_json":{"title":"Kerastase Chronologiste Bain R\u00e9g\u00e9n\u00e9rant. - Factory Family","robots":{"index":"index","follow":"follow","max-snippet":"max-snippet:-1","max-image-preview":"max-image-preview:large","max-video-preview":"max-video-preview:-1"},"canonical":"https:\/\/factoryfam.ua\/en\/product\/kerastase-chronologiste-bain-regenerant\/","og_locale":"en_US","og_type":"article","og_title":"Kerastase Chronologiste Bain R\u00e9g\u00e9n\u00e9rant. - Factory Family","og_description":"Transform your regular hair washing routine into true pleasure. The anti-aging shampoo for strengthening and revitalizing hair, K\u00e9rastase Chronologiste Bain R\u00e9g\u00e9n\u00e9rant, energizes your hair and lifts your mood with its distinctive fragrance.","og_url":"https:\/\/factoryfam.ua\/en\/product\/kerastase-chronologiste-bain-regenerant\/","og_site_name":"Factory Family","og_image":[{"width":650,"height":650,"url":"https:\/\/factoryfam.ua\/wp-content\/uploads\/2025\/07\/bain-regenerant.jpg","type":"image\/jpeg"}],"twitter_card":"summary_large_image","twitter_misc":{"Est. reading time":"1 minute"},"schema":{"@context":"https:\/\/schema.org","@graph":[{"@type":"WebPage","@id":"https:\/\/factoryfam.ua\/en\/product\/kerastase-chronologiste-bain-regenerant\/","url":"https:\/\/factoryfam.ua\/en\/product\/kerastase-chronologiste-bain-regenerant\/","name":"Kerastase Chronologiste Bain R\u00e9g\u00e9n\u00e9rant. - Factory Family","isPartOf":{"@id":"https:\/\/factoryfam.ua\/en\/#website"},"primaryImageOfPage":{"@id":"https:\/\/factoryfam.ua\/en\/product\/kerastase-chronologiste-bain-regenerant\/#primaryimage"},"image":{"@id":"https:\/\/factoryfam.ua\/en\/product\/kerastase-chronologiste-bain-regenerant\/#primaryimage"},"thumbnailUrl":"https:\/\/factoryfam.ua\/wp-content\/uploads\/2025\/07\/bain-regenerant.jpg","datePublished":"2025-07-03T12:02:40+00:00","breadcrumb":{"@id":"https:\/\/factoryfam.ua\/en\/product\/kerastase-chronologiste-bain-regenerant\/#breadcrumb"},"inLanguage":"en-US","potentialAction":[{"@type":"ReadAction","target":["https:\/\/factoryfam.ua\/en\/product\/kerastase-chronologiste-bain-regenerant\/"]}]},{"@type":"ImageObject","inLanguage":"en-US","@id":"https:\/\/factoryfam.ua\/en\/product\/kerastase-chronologiste-bain-regenerant\/#primaryimage","url":"https:\/\/factoryfam.ua\/wp-content\/uploads\/2025\/07\/bain-regenerant.jpg","contentUrl":"https:\/\/factoryfam.ua\/wp-content\/uploads\/2025\/07\/bain-regenerant.jpg","width":650,"height":650},{"@type":"BreadcrumbList","@id":"https:\/\/factoryfam.ua\/en\/product\/kerastase-chronologiste-bain-regenerant\/#breadcrumb","itemListElement":[{"@type":"ListItem","position":1,"name":"\u0413\u043e\u043b\u043e\u0432\u043d\u0430","item":"https:\/\/factoryfam.ua\/en\/"},{"@type":"ListItem","position":2,"name":"Shop","item":"https:\/\/factoryfam.ua\/shop\/"},{"@type":"ListItem","position":3,"name":"Kerastase Chronologiste Bain R\u00e9g\u00e9n\u00e9rant."}]},{"@type":"WebSite","@id":"https:\/\/factoryfam.ua\/en\/#website","url":"https:\/\/factoryfam.ua\/en\/","name":"Factory Family","description":"","potentialAction":[{"@type":"SearchAction","target":{"@type":"EntryPoint","urlTemplate":"https:\/\/factoryfam.ua\/en\/?s={search_term_string}"},"query-input":{"@type":"PropertyValueSpecification","valueRequired":true,"valueName":"search_term_string"}}],"inLanguage":"en-US"}]}},"_links":{"self":[{"href":"https:\/\/factoryfam.ua\/en\/wp-json\/wp\/v2\/product\/9083","targetHints":{"allow":["GET"]}}],"collection":[{"href":"https:\/\/factoryfam.ua\/en\/wp-json\/wp\/v2\/product"}],"about":[{"href":"https:\/\/factoryfam.ua\/en\/wp-json\/wp\/v2\/types\/product"}],"replies":[{"embeddable":true,"href":"https:\/\/factoryfam.ua\/en\/wp-json\/wp\/v2\/comments?post=9083"}],"wp:featuredmedia":[{"embeddable":true,"href":"https:\/\/factoryfam.ua\/en\/wp-json\/wp\/v2\/media\/8730"}],"wp:attachment":[{"href":"https:\/\/factoryfam.ua\/en\/wp-json\/wp\/v2\/media?parent=9083"}],"wp:term":[{"taxonomy":"product_brand","embeddable":true,"href":"https:\/\/factoryfam.ua\/en\/wp-json\/wp\/v2\/product_brand?post=9083"},{"taxonomy":"product_cat","embeddable":true,"href":"https:\/\/factoryfam.ua\/en\/wp-json\/wp\/v2\/product_cat?post=9083"},{"taxonomy":"product_tag","embeddable":true,"href":"https:\/\/factoryfam.ua\/en\/wp-json\/wp\/v2\/product_tag?post=9083"}],"curies":[{"name":"wp","href":"https:\/\/api.w.org\/{rel}","templated":true}]}}