{"id":7038,"date":"2025-06-10T19:44:08","date_gmt":"2025-06-10T16:44:08","guid":{"rendered":"https:\/\/factoryfam.ua\/?page_id=7038"},"modified":"2025-10-29T14:43:34","modified_gmt":"2025-10-29T12:43:34","slug":"uslugi","status":"publish","type":"page","link":"https:\/\/factoryfam.ua\/pl\/uslugi\/","title":{"rendered":"Us\u0142ugi"},"content":{"rendered":"\t\t<div data-elementor-type=\"wp-page\" data-elementor-id=\"7038\" class=\"elementor elementor-7038\" data-elementor-post-type=\"page\">\n\t\t\t\t<div class=\"elementor-element elementor-element-1403ffb e-flex e-con-boxed e-con e-parent\" data-id=\"1403ffb\" data-element_type=\"container\">\n\t\t\t\t\t<div class=\"e-con-inner\">\n\t\t\t\t<div class=\"elementor-element elementor-element-70145c4 prices_list e-n-tabs-mobile elementor-widget elementor-widget-n-tabs\" data-id=\"70145c4\" data-element_type=\"widget\" data-settings=\"{&quot;tabs_justify_horizontal&quot;:&quot;stretch&quot;,&quot;horizontal_scroll&quot;:&quot;disable&quot;}\" data-widget_type=\"nested-tabs.default\">\n\t\t\t\t<div class=\"elementor-widget-container\">\n\t\t\t\t\t\t\t<div class=\"e-n-tabs\" data-widget-number=\"117523908\" aria-label=\"Karty. Otwieraj elementy za pomoc\u0105 Enter lub Spacji, zamykaj za pomoc\u0105 Escape i nawiguj za pomoc\u0105 klawiszy strza\u0142ek.\">\n\t\t\t<div class=\"e-n-tabs-heading\" role=\"tablist\">\n\t\t\t\t\t<button id=\"e-n-tab-title-1175239081\" data-tab-title-id=\"e-n-tab-title-1175239081\" class=\"e-n-tab-title\" aria-selected=\"true\" data-tab-index=\"1\" role=\"tab\" tabindex=\"0\" aria-controls=\"e-n-tab-content-1175239081\" style=\"--n-tabs-title-order: 1;\">\n\t\t\t\t\t\t<span class=\"e-n-tab-title-text\">\n\t\t\t\tManicure\/Pedicure\t\t\t<\/span>\n\t\t<\/button>\n\t\t\t\t<button id=\"e-n-tab-title-1175239082\" data-tab-title-id=\"e-n-tab-title-1175239082\" class=\"e-n-tab-title\" aria-selected=\"false\" data-tab-index=\"2\" role=\"tab\" tabindex=\"-1\" aria-controls=\"e-n-tab-content-1175239082\" style=\"--n-tabs-title-order: 2;\">\n\t\t\t\t\t\t<span class=\"e-n-tab-title-text\">\n\t\t\t\tW\u0142osy\t\t\t<\/span>\n\t\t<\/button>\n\t\t\t\t<button id=\"e-n-tab-title-1175239083\" data-tab-title-id=\"e-n-tab-title-1175239083\" class=\"e-n-tab-title\" aria-selected=\"false\" data-tab-index=\"3\" role=\"tab\" tabindex=\"-1\" aria-controls=\"e-n-tab-content-1175239083\" style=\"--n-tabs-title-order: 3;\">\n\t\t\t\t\t\t<span class=\"e-n-tab-title-text\">\n\t\t\t\tTwarz\t\t\t<\/span>\n\t\t<\/button>\n\t\t\t\t<button id=\"e-n-tab-title-1175239084\" data-tab-title-id=\"e-n-tab-title-1175239084\" class=\"e-n-tab-title\" aria-selected=\"false\" data-tab-index=\"4\" role=\"tab\" tabindex=\"-1\" aria-controls=\"e-n-tab-content-1175239084\" style=\"--n-tabs-title-order: 4;\">\n\t\t\t\t\t\t<span class=\"e-n-tab-title-text\">\n\t\t\t\tMasa\u017c\t\t\t<\/span>\n\t\t<\/button>\n\t\t\t\t\t<\/div>\n\t\t\t<div class=\"e-n-tabs-content\">\n\t\t\t\t<div id=\"e-n-tab-content-1175239081\" role=\"tabpanel\" aria-labelledby=\"e-n-tab-title-1175239081\" data-tab-index=\"1\" style=\"--n-tabs-title-order: 1;\" class=\"e-active elementor-element elementor-element-ab09cd7 e-con-full e-flex e-con e-child\" data-id=\"ab09cd7\" data-element_type=\"container\">\n\t\t<div class=\"elementor-element elementor-element-ea406a5 e-flex e-con-boxed e-con e-child\" data-id=\"ea406a5\" data-element_type=\"container\">\n\t\t\t\t\t<div class=\"e-con-inner\">\n\t\t\t\t<div class=\"elementor-element elementor-element-a1d3289 elementor-widget elementor-widget-text-editor\" data-id=\"a1d3289\" data-element_type=\"widget\" data-widget_type=\"text-editor.default\">\n\t\t\t\t<div class=\"elementor-widget-container\">\n\t\t\t\t\t\t\t\t\t<ul><li>Manicure hybrydowy (SET 1) <strong>170<\/strong><\/li><li>Manicure klasyczny bez malowania <strong>100<\/strong><\/li><li>Manicure Japonski <strong>160<\/strong><\/li><li>Manicure hybrydowy (SET 2) <strong>140<\/strong><\/li><li>Manicure hybrydowy (SET 3) <strong>185<\/strong><\/li><li>Manicure hybrydowy (SET 4) <strong>200<\/strong><\/li><li>Manicure meski <strong>120<\/strong><\/li><li>Mani frezarkowy bez malowania <strong>100<\/strong><\/li><li>Mani kombinowany bez malowania <strong>100<\/strong><\/li><li>Zdjecie hybrydy manicure <strong>50<\/strong><\/li><li>Naprawa paznokcia manicure <strong>10<\/strong><\/li><li>Naprawa paznokcia <strong>35<\/strong><\/li><li>Regeneracja IBX <strong>60<\/strong><\/li><li>SPA dloni <strong>50<\/strong><\/li><li>Malowanie dzieciece manicure <strong>25<\/strong><\/li><li>Manicure dzieciecy <strong>65<\/strong><\/li><li>Pedicure hybrydowy | SET 1 <strong>180<\/strong><\/li><li>Pedicure hybrydowy | SET 2 <strong>200<\/strong><\/li><li>Pedicure damski kombinowany <strong>130<\/strong><\/li><li>Pedicure damski aparatowy <strong>150<\/strong><\/li><li>Pedicure meski <strong>160<\/strong><\/li><li>Zdjecie hybrydy pedicure <strong>50<\/strong><\/li><li>Naprawa paznokcia pedicure <strong>10<\/strong><\/li><li>Malowanie Kinetics pedicure <strong>40<\/strong><\/li><li>SPA nog <strong>50<\/strong><\/li><li>Manicure + Pedicure hybrydowe (jednocze\u015bnie) <strong>340<\/strong><\/li><li>Brwi+mani hybrydowy <strong>230<\/strong><\/li><li>Utwardzenie paznokci 1-2 d\u0142ugo\u015b\u0107 <strong>45<\/strong><\/li><li>Utwardzenie paznokci 3-4 d\u0142ugo\u015b\u0107 <strong>65<\/strong><\/li><\/ul>\t\t\t\t\t\t\t\t<\/div>\n\t\t\t\t<\/div>\n\t\t\t\t\t<\/div>\n\t\t\t\t<\/div>\n\t\t\t\t<\/div>\n\t\t<div id=\"e-n-tab-content-1175239082\" role=\"tabpanel\" aria-labelledby=\"e-n-tab-title-1175239082\" data-tab-index=\"2\" style=\"--n-tabs-title-order: 2;\" class=\" elementor-element elementor-element-c174ce3 e-con-full e-flex e-con e-child\" data-id=\"c174ce3\" data-element_type=\"container\">\n\t\t<div class=\"elementor-element elementor-element-39330af e-flex e-con-boxed e-con e-child\" data-id=\"39330af\" data-element_type=\"container\">\n\t\t\t\t\t<div class=\"e-con-inner\">\n\t\t\t\t<div class=\"elementor-element elementor-element-7b82e2c elementor-widget elementor-widget-text-editor\" data-id=\"7b82e2c\" data-element_type=\"widget\" data-widget_type=\"text-editor.default\">\n\t\t\t\t<div class=\"elementor-widget-container\">\n\t\t\t\t\t\t\t\t\t<h4>STRZY\u017bENIE<\/h4><ul><li>Strzy\u017cenie ko\u0144c\u00f3wek <strong>130<\/strong><\/li><li>Strzy\u017cenie grzywki <strong>50<\/strong><\/li><li>Strzy\u017cenie damskie <strong>160<\/strong><\/li><li>Strzy\u017cenie m\u0119skie <strong>120<\/strong><\/li><li>Strzy\u017cenia ko\u0144c\u00f3wek + Kerastase FUSIO DOSE <strong>0<\/strong><\/li><li>Strzy\u017cenia damskie + Kerastase FUSIO DOSE <strong>0<\/strong><\/li><\/ul><h4>KOLORYZACJA<\/h4><ul><li>Konsultacja kolorysty <strong>0<\/strong><\/li><li>Koloryzacja odrost\u00f3w do 2 cm <strong>250<\/strong><\/li><li>Koloryzacja w ton\/tonowanie 1 d\u0142ugo\u015b\u0107 <strong>330<\/strong><\/li><li>Koloryzacja w ton\/tonowanie 2 d\u0142ugo\u015b\u0107 <strong>350<\/strong><\/li><li>Koloryzacja w ton\/tonowanie 3 d\u0142ugo\u015b\u0107 <strong>410<\/strong><\/li><li>Koloryzacja w ton\/tonowanie 4 d\u0142ugo\u015b\u0107 <strong>490<\/strong><\/li><li>Koloryzacja 3D konturowanie kolorem <strong>550<\/strong><\/li><li>Konturing 1 sk\u0142adno\u015b\u0107 <strong>280<\/strong><\/li><li>Konturing 2 sk\u0142adno\u015b\u0107 <strong>380<\/strong><\/li><li>Konturing 3 sk\u0142adno\u015b\u0107 <strong>480<\/strong><\/li><li>Konturing 4 sk\u0142adno\u015b\u0107 <strong>580<\/strong><\/li><li>Dualne farbowanie 1 d\u0142ugo\u015b\u0107 <strong>450<\/strong><\/li><li>Dualne farbowanie 2 d\u0142ugo\u015b\u0107 <strong>550<\/strong><\/li><li>Dualne farbowanie 3 d\u0142ugo\u015b\u0107 <strong>650<\/strong><\/li><li>Dualne farbowanie 4 d\u0142ugo\u015b\u0107 <strong>750<\/strong><\/li><li>Farbowanie w r\u00f3\u017cnych technikach 1 d\u0142ugo\u015b\u0107 <strong>900<\/strong><\/li><li>Farbowanie w r\u00f3\u017cnych technikach 2 d\u0142ugo\u015b\u0107 <strong>950<\/strong><\/li><li>Farbowanie w r\u00f3\u017cnych technikach 3 d\u0142ugo\u015b\u0107 <strong>1250<\/strong><\/li><li>Farbowanie w r\u00f3\u017cnych technikach 4 d\u0142ugo\u015b\u0107 <strong>1450<\/strong><\/li><\/ul><h4>W\u0141OSY<\/h4><ul><li>Brushing proste w\u0142osy 1 d\u0142ugo\u015b\u0107 <strong>110<\/strong><\/li><li>Brushing proste w\u0142osy 2 d\u0142ugo\u015b\u0107 <strong>130<\/strong><\/li><li>Brushing proste w\u0142osy 3 d\u0142ugo\u015b\u0107 <strong>160<\/strong><\/li><li>Brushing kr\u0119cone w\u0142osy 1 d\u0142ugo\u015b\u0107 <strong>120<\/strong><\/li><li>Brushing kr\u0119cone w\u0142osy 2 d\u0142ugo\u015b\u0107 <strong>140<\/strong><\/li><li>Brushing kr\u0119cone w\u0142osy 3 d\u0142ugo\u015b\u0107 <strong>170<\/strong><\/li><li>Loki Light 1 d\u0142ugo\u015b\u0107 <strong>120<\/strong><\/li><li>Loki Light 2 d\u0142ugo\u015b\u0107 <strong>150<\/strong><\/li><li>Loki Light 3 d\u0142ugo\u015b\u0107 <strong>180<\/strong><\/li><li>Loki Light MAX d\u0142ugo\u015b\u0107 <strong>210<\/strong><\/li><li>Loki Hollywood 1 d\u0142ugo\u015b\u0107 <strong>150<\/strong><\/li><li>Loki Hollywood 2 d\u0142ugo\u015b\u0107 <strong>180<\/strong><\/li><li>Loki Hollywood 3 d\u0142ugo\u015b\u0107 <strong>240<\/strong><\/li><li>Loki AFRO 1 d\u0142ugo\u015b\u0107 <strong>160<\/strong><\/li><li>Loki AFRO 2 d\u0142ugo\u015b\u0107 <strong>185<\/strong><\/li><li>Loki AFRO 3 d\u0142ugo\u015b\u0107 <strong>240<\/strong><\/li><li>Warkocz z k\u00f3\u0142kami <strong>60<\/strong><\/li><li>Prostowanie w\u0142os\u00f3w <strong>40<\/strong><\/li><li>Fryzura 1 d\u0142ugo\u015b\u0107 <strong>170<\/strong><\/li><li>Fryzura 2 d\u0142ugo\u015b\u0107 <strong>210<\/strong><\/li><li>Fryzura 3 d\u0142ugo\u015b\u0107 <strong>260<\/strong><\/li><li>Warkocze 1 d\u0142ugo\u015b\u0107 <strong>100<\/strong><\/li><li>Warkocze 2 d\u0142ugo\u015b\u0107 <strong>120<\/strong><\/li><li>Warkocze 3 d\u0142ugo\u015b\u0107 <strong>140<\/strong><\/li><li>Mycie w\u0142os\u00f3w <strong>50<\/strong><\/li><\/ul><h4>ZABIEGI PIEL\u0118GNACYJNE<\/h4><ul><li>Kerastase FUSIO-DOSE <strong>200<\/strong><\/li><li>Kerastase PREMIERE 1-2 d\u0142ugo\u015b\u0107 <strong>250<\/strong><\/li><li>Kerastase PREMIERE 3-4 d\u0142ugo\u015b\u0107 <strong>300<\/strong><\/li><li>Milbon CRONNA | SPA piel\u0119gnacja wlos\u00f2w <strong>180<\/strong><\/li><li>Lebel HITA Active Plex (odbudowa w\u0142os\u00f3w) 1-2 d\u0142ugo\u015b\u0107 <strong>300<\/strong><\/li><li>Lebel HITA Active Plex (odbudowa w\u0142os\u00f3w) 3-4 d\u0142ugo\u015b\u0107 <strong>400<\/strong><\/li><li>Absolutne szcz\u0119\u015bcie LEBEL 1 d\u0142ugo\u015b\u0107 <strong>350<\/strong><\/li><li>Absolutne szcz\u0119\u015bcie LEBEL 2 d\u0142ugo\u015b\u0107 <strong>450<\/strong><\/li><li>Absolutne szcz\u0119\u015bcie LEBEL 3 d\u0142ugo\u015b\u0107 <strong>500<\/strong><\/li><li>Peeling sk\u00f3ry g\u0142owy <strong>120<\/strong><\/li><li>Ampu\u0142ka Brae <strong>130<\/strong><\/li><li>SPA Keratin <strong>360<\/strong><\/li><li>Rekonstrukcja BRAE REVIVAL 1 d\u0142ugo\u015b\u0107 <strong>300<\/strong><\/li><li>Rekonstrukcja BRAE REVIVAL 2 d\u0142ugo\u015b\u0107 <strong>300<\/strong><\/li><li>Rekonstrukcja BRAE REVIVAL 3 d\u0142ugo\u015b\u0107 <strong>290<\/strong><\/li><li>Perfect Care BRAE 1 d\u0142ugo\u015b\u0107 <strong>310<\/strong><\/li><li>Perfect Care BRAE 2 d\u0142ugo\u015b\u0107 <strong>320<\/strong><\/li><li>Perfect Care BRAE 3 d\u0142ugo\u015b\u0107 <strong>330<\/strong><\/li><li>Kerastase FUSIO &#8211; DOSE <strong>100<\/strong><\/li><li>Milbon CRONNA (podczas farbowania) <strong>100<\/strong><\/li><\/ul>\t\t\t\t\t\t\t\t<\/div>\n\t\t\t\t<\/div>\n\t\t\t\t\t<\/div>\n\t\t\t\t<\/div>\n\t\t\t\t<\/div>\n\t\t<div id=\"e-n-tab-content-1175239083\" role=\"tabpanel\" aria-labelledby=\"e-n-tab-title-1175239083\" data-tab-index=\"3\" style=\"--n-tabs-title-order: 3;\" class=\" elementor-element elementor-element-3a8cf8a e-con-full e-flex e-con e-child\" data-id=\"3a8cf8a\" data-element_type=\"container\">\n\t\t<div class=\"elementor-element elementor-element-f121a95 e-flex e-con-boxed e-con e-child\" data-id=\"f121a95\" data-element_type=\"container\">\n\t\t\t\t\t<div class=\"e-con-inner\">\n\t\t\t\t<div class=\"elementor-element elementor-element-bfe2de6 elementor-widget elementor-widget-text-editor\" data-id=\"bfe2de6\" data-element_type=\"widget\" data-widget_type=\"text-editor.default\">\n\t\t\t\t<div class=\"elementor-widget-container\">\n\t\t\t\t\t\t\t\t\t<h4>MAKIJA\u017b<\/h4>\n<ul>\n  <li>Bridal MakeUp \/ Makija\u017c wieczorowy <strong>250<\/strong><\/li>\n  <li>Dzienny makija\u017c <strong>180<\/strong><\/li>\n  <li>Baby face <strong>130<\/strong><\/li>\n  <li>Wow MakeUp \/ Makija\u017c koktajlowy <strong>230<\/strong><\/li>\n<\/ul>\n\n<h4>RZ\u0118SY<\/h4>\n<ul>\n  <li>Farbowanie rz\u0119s <strong>45<\/strong><\/li>\n  <li>Botoks rz\u0119s <strong>35<\/strong><\/li>\n  <li>Laminacja rz\u0119s <strong>210<\/strong><\/li>\n  <li>Laminacja rzes + Regulacja i farbowanie brwi <strong>250<\/strong><\/li>\n<\/ul>\n\n<h4>BRWI<\/h4>\n<ul>\n  <li>M\u0119ska regulacja brwi <strong>80<\/strong><\/li>\n  <li>Botoks brwi <strong>40<\/strong><\/li>\n  <li>Regulacja i farbowanie brwi <strong>100<\/strong><\/li>\n  <li>Regulacja brwi <strong>50<\/strong><\/li>\n  <li>Farbowanie brwi <strong>60<\/strong><\/li>\n  <li>Depilacja w\u0105sika <strong>45<\/strong><\/li>\n  <li>Laminacja brwi <strong>150<\/strong><\/li>\n  <li>SET 1: Laminacja, regulacja, farbowanie brwi <strong>0<\/strong><\/li>\n  <li>Farbowanie brwi + farbowanie rzes <strong>0<\/strong><\/li>\n  <li>SET FULL FACE (brwi + rz\u0119sy) <strong>320<\/strong><\/li>\n<\/ul>\t\t\t\t\t\t\t\t<\/div>\n\t\t\t\t<\/div>\n\t\t\t\t\t<\/div>\n\t\t\t\t<\/div>\n\t\t\t\t<\/div>\n\t\t<div id=\"e-n-tab-content-1175239084\" role=\"tabpanel\" aria-labelledby=\"e-n-tab-title-1175239084\" data-tab-index=\"4\" style=\"--n-tabs-title-order: 4;\" class=\" elementor-element elementor-element-28662ce e-con-full e-flex e-con e-child\" data-id=\"28662ce\" data-element_type=\"container\">\n\t\t<div class=\"elementor-element elementor-element-a3a6795 e-flex e-con-boxed e-con e-child\" data-id=\"a3a6795\" data-element_type=\"container\">\n\t\t\t\t\t<div class=\"e-con-inner\">\n\t\t\t\t<div class=\"elementor-element elementor-element-c8ed2c8 elementor-widget elementor-widget-text-editor\" data-id=\"c8ed2c8\" data-element_type=\"widget\" data-widget_type=\"text-editor.default\">\n\t\t\t\t<div class=\"elementor-widget-container\">\n\t\t\t\t\t\t\t\t\t<ul><li>Klasyczny masa\u017c ca\u0142ego cia\u0142a <strong>60 min \u2013 250 z\u0142, <br \/>90 min \u2013 325 z\u0142<\/strong><\/li><li>Drena\u017c limfatyczny manualny <strong>60 min \u2013 250 z\u0142, <br \/>90 min \u2013 320 z\u0142<\/strong><\/li><li>Masa\u017c antycellulitowy <strong>60 min \u2013 270 z\u0142, <br \/>90 min \u2013 330 z\u0142<\/strong><\/li><li>Masa\u017c gor\u0105cymi kamieniami <strong>60 min \u2013 300 z\u0142, <br \/>90 min \u2013 400 z\u0142<\/strong><\/li><li>Masa\u017c Lomi Lomi <strong>60 min \u2013 300 z\u0142, <br \/>90 min \u2013 400 z\u0142<\/strong><\/li><li>Masa\u017c balijski <strong>60 min \u2013 250 z\u0142, <br \/>90 min \u2013 325 z\u0142<\/strong><\/li><li>Masa\u017c sportowy <strong>60 min \u2013 250 z\u0142, <br \/>90 min \u2013 300 z\u0142<\/strong><\/li><li>Masa\u017c plec\u00f3w <strong>30 min \u2013 200 z\u0142<\/strong><\/li><li>Masa\u017c twarzy Kobido <strong>75 min \u2013 250 z\u0142<\/strong><\/li><li>Chiromasa\u017c twarzy <strong>40 min \u2013 200 z\u0142<\/strong><\/li><li>Masa\u017c g\u0142owy <strong>25 min \u2013 120 z\u0142<\/strong><\/li><li>Masa\u017c st\u00f3p <strong>40 min \u2013 200 z\u0142<\/strong><\/li><\/ul>\t\t\t\t\t\t\t\t<\/div>\n\t\t\t\t<\/div>\n\t\t\t\t\t<\/div>\n\t\t\t\t<\/div>\n\t\t\t\t<\/div>\n\t\t\t\t\t<\/div>\n\t\t<\/div>\n\t\t\t\t\t\t<\/div>\n\t\t\t\t<\/div>\n\t\t\t\t\t<\/div>\n\t\t\t\t<\/div>\n\t\t\t\t<section class=\"mkdf-parallax-row-holder elementor-section elementor-top-section elementor-element elementor-element-6feab67 elementor-section-full_width mkdf-parallax-row-holder elementor-section-stretched elementor-section-height-default elementor-section-height-default mkdf-content-aligment-left mkdf-elementor-row-grid-no mkdf-disabled-bg-image-bellow-no\" data-parallax-bg-speed=\"1\" data-parallax-bg-image=\"https:\/\/curly.qodeinteractive.com\/elementor\/wp-content\/uploads\/2018\/04\/h3-parallax-1.jpg\" data-parallax-bg-height=\"0\" data-id=\"6feab67\" data-element_type=\"section\" data-settings=\"{&quot;mikado_parallax_image&quot;:{&quot;url&quot;:&quot;https:\\\/\\\/curly.qodeinteractive.com\\\/elementor\\\/wp-content\\\/uploads\\\/2018\\\/04\\\/h3-parallax-1.jpg&quot;,&quot;id&quot;:1551,&quot;size&quot;:&quot;&quot;},&quot;stretch_section&quot;:&quot;section-stretched&quot;}\">\n\t\t\t\t\t\t<div class=\"elementor-container elementor-column-gap-default\">\n\t\t\t\t\t<div class=\"elementor-column elementor-col-100 elementor-top-column elementor-element elementor-element-261445b\" data-id=\"261445b\" data-element_type=\"column\">\n\t\t\t<div class=\"elementor-widget-wrap elementor-element-populated\">\n\t\t\t\t\t\t<div class=\"elementor-element elementor-element-e5ebd4d elementor-widget elementor-widget-text-editor\" data-id=\"e5ebd4d\" data-element_type=\"widget\" data-widget_type=\"text-editor.default\">\n\t\t\t\t<div class=\"elementor-widget-container\">\n\t\t\t\t\t\t\t\t\t<h2 style=\"text-align: center;\"><span style=\"color: #ffffff;\">Gotowa na sw\u00f3j nowy wygl\u0105d?<\/span><\/h2>\t\t\t\t\t\t\t\t<\/div>\n\t\t\t\t<\/div>\n\t\t\t\t<div class=\"elementor-element elementor-element-acb86bc elementor-widget elementor-widget-text-editor\" data-id=\"acb86bc\" data-element_type=\"widget\" data-widget_type=\"text-editor.default\">\n\t\t\t\t<div class=\"elementor-widget-container\">\n\t\t\t\t\t\t\t\t\t<h5 style=\"text-align: center;\"><strong><span style=\"color: #ffffff;\">Zapisz si\u0119 ju\u017c teraz \u2014 to najlepszy czas, aby zadba\u0107 o siebie.<\/span><\/strong><\/h5>\t\t\t\t\t\t\t\t<\/div>\n\t\t\t\t<\/div>\n\t\t\t\t<div class=\"elementor-element elementor-element-c6b7431 elementor-widget-tablet__width-auto elementor-widget elementor-widget-text-editor\" data-id=\"c6b7431\" data-element_type=\"widget\" data-widget_type=\"text-editor.default\">\n\t\t\t\t<div class=\"elementor-widget-container\">\n\t\t\t\t\t\t\t\t\t<h6 style=\"text-align: center;\"><span style=\"color: #ffffff;\">Nie odk\u0142adaj troski o siebie na p\u00f3\u017aniej. Wybierz dogodny termin, ulubiony salon i specjalist\u0119 \u2014 pozw\u00f3l nam zadba\u0107 o Twoje pi\u0119kno z mi\u0142o\u015bci\u0105 i profesjonalizmem.<\/span><\/h6>\t\t\t\t\t\t\t\t<\/div>\n\t\t\t\t<\/div>\n\t\t\t\t<div class=\"elementor-element elementor-element-69d88bf elementor-widget__width-auto elementor-widget elementor-widget-qi_addons_for_elementor_button\" data-id=\"69d88bf\" data-element_type=\"widget\" data-widget_type=\"qi_addons_for_elementor_button.default\">\n\t\t\t\t<div class=\"elementor-widget-container\">\n\t\t\t\t\t<a class=\"qodef-shortcode qodef-m qodef-qi-button qodef-html--link qodef-layout--filled qodef-type--standard qodef-icon--right qodef-hover--icon-move-horizontal-short\" href=\"https:\/\/cbox.mobi\/go\/factory?fbclid=PAQ0xDSwKlIhxleHRuA2FlbQIxMQABp6yTM4rIHfOzQAvb1YRR2jdRjsfTF2UqxvT15JcEsbC8yJN7obtyZxSBEIWJ_aem_h0kxzEyVXeDbeSFUQJQRmQ\" target=\"_blank\" rel=\"nofollow\">\n\t<span class=\"qodef-m-text\">Zapisz si\u0119<\/span>\n\t<\/a>\n\t\t\t\t<\/div>\n\t\t\t\t<\/div>\n\t\t\t\t\t<\/div>\n\t\t<\/div>\n\t\t\t\t\t<\/div>\n\t\t<\/section>\n\t\t\t\t<\/div>\n\t\t","protected":false},"excerpt":{"rendered":"<p>Manicure\/Pedicure W\u0142osy Twarz Masa\u017c Manicure hybrydowy (SET 1) 170 Manicure klasyczny bez malowania 100 Manicure Japonski 160 Manicure hybrydowy (SET 2) 140 Manicure hybrydowy (SET 3) 185 Manicure hybrydowy (SET 4) 200 Manicure meski 120 Mani frezarkowy bez malowania 100 [&hellip;]<\/p>\n","protected":false},"author":1,"featured_media":0,"parent":0,"menu_order":0,"comment_status":"closed","ping_status":"closed","template":"","meta":{"footnotes":""},"class_list":["post-7038","page","type-page","status-publish","hentry"],"yoast_head":"<!-- This site is optimized with the Yoast SEO plugin v26.8 - https:\/\/yoast.com\/product\/yoast-seo-wordpress\/ -->\n<title>Us\u0142ugi - Factory Family<\/title>\n<meta name=\"robots\" content=\"index, follow, max-snippet:-1, max-image-preview:large, max-video-preview:-1\" \/>\n<link rel=\"canonical\" href=\"https:\/\/factoryfam.ua\/pl\/uslugi\/\" \/>\n<meta property=\"og:locale\" content=\"pl_PL\" \/>\n<meta property=\"og:type\" content=\"article\" \/>\n<meta property=\"og:title\" content=\"Us\u0142ugi - Factory Family\" \/>\n<meta property=\"og:description\" content=\"Manicure\/Pedicure W\u0142osy Twarz Masa\u017c Manicure hybrydowy (SET 1) 170 Manicure klasyczny bez malowania 100 Manicure Japonski 160 Manicure hybrydowy (SET 2) 140 Manicure hybrydowy (SET 3) 185 Manicure hybrydowy (SET 4) 200 Manicure meski 120 Mani frezarkowy bez malowania 100 [&hellip;]\" \/>\n<meta property=\"og:url\" content=\"https:\/\/factoryfam.ua\/pl\/uslugi\/\" \/>\n<meta property=\"og:site_name\" content=\"Factory Family\" \/>\n<meta property=\"article:modified_time\" content=\"2025-10-29T12:43:34+00:00\" \/>\n<meta name=\"twitter:card\" content=\"summary_large_image\" \/>\n<meta name=\"twitter:label1\" content=\"Szacowany czas czytania\" \/>\n\t<meta name=\"twitter:data1\" content=\"9 minut\" \/>\n<script type=\"application\/ld+json\" class=\"yoast-schema-graph\">{\"@context\":\"https:\/\/schema.org\",\"@graph\":[{\"@type\":\"WebPage\",\"@id\":\"https:\/\/factoryfam.ua\/pl\/uslugi\/\",\"url\":\"https:\/\/factoryfam.ua\/pl\/uslugi\/\",\"name\":\"Us\u0142ugi - Factory Family\",\"isPartOf\":{\"@id\":\"https:\/\/factoryfam.ua\/pl\/#website\"},\"datePublished\":\"2025-06-10T16:44:08+00:00\",\"dateModified\":\"2025-10-29T12:43:34+00:00\",\"breadcrumb\":{\"@id\":\"https:\/\/factoryfam.ua\/pl\/uslugi\/#breadcrumb\"},\"inLanguage\":\"pl-PL\",\"potentialAction\":[{\"@type\":\"ReadAction\",\"target\":[\"https:\/\/factoryfam.ua\/pl\/uslugi\/\"]}]},{\"@type\":\"BreadcrumbList\",\"@id\":\"https:\/\/factoryfam.ua\/pl\/uslugi\/#breadcrumb\",\"itemListElement\":[{\"@type\":\"ListItem\",\"position\":1,\"name\":\"\u0413\u043e\u043b\u043e\u0432\u043d\u0430\",\"item\":\"https:\/\/factoryfam.ua\/pl\/\"},{\"@type\":\"ListItem\",\"position\":2,\"name\":\"Us\u0142ugi\"}]},{\"@type\":\"WebSite\",\"@id\":\"https:\/\/factoryfam.ua\/pl\/#website\",\"url\":\"https:\/\/factoryfam.ua\/pl\/\",\"name\":\"Factory Family\",\"description\":\"\",\"potentialAction\":[{\"@type\":\"SearchAction\",\"target\":{\"@type\":\"EntryPoint\",\"urlTemplate\":\"https:\/\/factoryfam.ua\/pl\/?s={search_term_string}\"},\"query-input\":{\"@type\":\"PropertyValueSpecification\",\"valueRequired\":true,\"valueName\":\"search_term_string\"}}],\"inLanguage\":\"pl-PL\"}]}<\/script>\n<!-- \/ Yoast SEO plugin. -->","yoast_head_json":{"title":"Us\u0142ugi - Factory Family","robots":{"index":"index","follow":"follow","max-snippet":"max-snippet:-1","max-image-preview":"max-image-preview:large","max-video-preview":"max-video-preview:-1"},"canonical":"https:\/\/factoryfam.ua\/pl\/uslugi\/","og_locale":"pl_PL","og_type":"article","og_title":"Us\u0142ugi - Factory Family","og_description":"Manicure\/Pedicure W\u0142osy Twarz Masa\u017c Manicure hybrydowy (SET 1) 170 Manicure klasyczny bez malowania 100 Manicure Japonski 160 Manicure hybrydowy (SET 2) 140 Manicure hybrydowy (SET 3) 185 Manicure hybrydowy (SET 4) 200 Manicure meski 120 Mani frezarkowy bez malowania 100 [&hellip;]","og_url":"https:\/\/factoryfam.ua\/pl\/uslugi\/","og_site_name":"Factory Family","article_modified_time":"2025-10-29T12:43:34+00:00","twitter_card":"summary_large_image","twitter_misc":{"Szacowany czas czytania":"9 minut"},"schema":{"@context":"https:\/\/schema.org","@graph":[{"@type":"WebPage","@id":"https:\/\/factoryfam.ua\/pl\/uslugi\/","url":"https:\/\/factoryfam.ua\/pl\/uslugi\/","name":"Us\u0142ugi - Factory Family","isPartOf":{"@id":"https:\/\/factoryfam.ua\/pl\/#website"},"datePublished":"2025-06-10T16:44:08+00:00","dateModified":"2025-10-29T12:43:34+00:00","breadcrumb":{"@id":"https:\/\/factoryfam.ua\/pl\/uslugi\/#breadcrumb"},"inLanguage":"pl-PL","potentialAction":[{"@type":"ReadAction","target":["https:\/\/factoryfam.ua\/pl\/uslugi\/"]}]},{"@type":"BreadcrumbList","@id":"https:\/\/factoryfam.ua\/pl\/uslugi\/#breadcrumb","itemListElement":[{"@type":"ListItem","position":1,"name":"\u0413\u043e\u043b\u043e\u0432\u043d\u0430","item":"https:\/\/factoryfam.ua\/pl\/"},{"@type":"ListItem","position":2,"name":"Us\u0142ugi"}]},{"@type":"WebSite","@id":"https:\/\/factoryfam.ua\/pl\/#website","url":"https:\/\/factoryfam.ua\/pl\/","name":"Factory Family","description":"","potentialAction":[{"@type":"SearchAction","target":{"@type":"EntryPoint","urlTemplate":"https:\/\/factoryfam.ua\/pl\/?s={search_term_string}"},"query-input":{"@type":"PropertyValueSpecification","valueRequired":true,"valueName":"search_term_string"}}],"inLanguage":"pl-PL"}]}},"_links":{"self":[{"href":"https:\/\/factoryfam.ua\/pl\/wp-json\/wp\/v2\/pages\/7038","targetHints":{"allow":["GET"]}}],"collection":[{"href":"https:\/\/factoryfam.ua\/pl\/wp-json\/wp\/v2\/pages"}],"about":[{"href":"https:\/\/factoryfam.ua\/pl\/wp-json\/wp\/v2\/types\/page"}],"author":[{"embeddable":true,"href":"https:\/\/factoryfam.ua\/pl\/wp-json\/wp\/v2\/users\/1"}],"replies":[{"embeddable":true,"href":"https:\/\/factoryfam.ua\/pl\/wp-json\/wp\/v2\/comments?post=7038"}],"version-history":[{"count":0,"href":"https:\/\/factoryfam.ua\/pl\/wp-json\/wp\/v2\/pages\/7038\/revisions"}],"wp:attachment":[{"href":"https:\/\/factoryfam.ua\/pl\/wp-json\/wp\/v2\/media?parent=7038"}],"curies":[{"name":"wp","href":"https:\/\/api.w.org\/{rel}","templated":true}]}}