{"id":7305,"date":"2025-05-30T14:17:58","date_gmt":"2025-05-30T11:17:58","guid":{"rendered":"https:\/\/factoryfam.ua\/?page_id=7305"},"modified":"2025-07-04T15:15:11","modified_gmt":"2025-07-04T12:15:11","slug":"zaplac-na-raty","status":"publish","type":"page","link":"https:\/\/factoryfam.ua\/pl\/zaplac-na-raty\/","title":{"rendered":"Zap\u0142a\u0107 na raty"},"content":{"rendered":"\t\t<div data-elementor-type=\"wp-page\" data-elementor-id=\"7305\" class=\"elementor elementor-7305 elementor-6337\" data-elementor-post-type=\"page\">\n\t\t\t\t\t\t<section class=\"elementor-section elementor-top-section elementor-element elementor-element-44eaef4 elementor-section-stretched elementor-section-content-top elementor-section-boxed elementor-section-height-default elementor-section-height-default mkdf-parallax-row-no mkdf-content-aligment-left mkdf-elementor-row-grid-no mkdf-disabled-bg-image-bellow-no\" data-id=\"44eaef4\" data-element_type=\"section\" data-settings=\"{&quot;stretch_section&quot;:&quot;section-stretched&quot;,&quot;background_background&quot;:&quot;classic&quot;}\">\n\t\t\t\t\t\t<div class=\"elementor-container elementor-column-gap-default\">\n\t\t\t\t\t<div class=\"elementor-column elementor-col-50 elementor-top-column elementor-element elementor-element-d474fa9\" data-id=\"d474fa9\" data-element_type=\"column\">\n\t\t\t<div class=\"elementor-widget-wrap elementor-element-populated\">\n\t\t\t\t<div class=\"elementor-element elementor-element-d5718c8 e-flex e-con-boxed e-con e-parent\" data-id=\"d5718c8\" data-element_type=\"container\">\n\t\t\t\t\t<div class=\"e-con-inner\">\n\t\t\t\t<div class=\"elementor-element elementor-element-c3c14b8 elementor-widget elementor-widget-image\" data-id=\"c3c14b8\" data-element_type=\"widget\" data-widget_type=\"image.default\">\n\t\t\t\t<div class=\"elementor-widget-container\">\n\t\t\t\t\t\t\t\t\t\t\t\t\t\t\t<img fetchpriority=\"high\" decoding=\"async\" width=\"800\" height=\"1000\" src=\"https:\/\/factoryfam.ua\/wp-content\/uploads\/2025\/07\/oplata_chast-1-2.jpg\" class=\"attachment-large size-large wp-image-9180\" alt=\"\" srcset=\"https:\/\/factoryfam.ua\/wp-content\/uploads\/2025\/07\/oplata_chast-1-2.jpg 800w, https:\/\/factoryfam.ua\/wp-content\/uploads\/2025\/07\/oplata_chast-1-2-240x300.jpg 240w, https:\/\/factoryfam.ua\/wp-content\/uploads\/2025\/07\/oplata_chast-1-2-768x960.jpg 768w, https:\/\/factoryfam.ua\/wp-content\/uploads\/2025\/07\/oplata_chast-1-2-635x794.jpg 635w\" sizes=\"(max-width: 800px) 100vw, 800px\" \/>\t\t\t\t\t\t\t\t\t\t\t\t\t\t\t<\/div>\n\t\t\t\t<\/div>\n\t\t\t\t\t<\/div>\n\t\t\t\t<\/div>\n\t\t\t\t\t<\/div>\n\t\t<\/div>\n\t\t\t\t<div class=\"elementor-column elementor-col-50 elementor-top-column elementor-element elementor-element-436f10a\" data-id=\"436f10a\" data-element_type=\"column\">\n\t\t\t<div class=\"elementor-widget-wrap elementor-element-populated\">\n\t\t\t\t<div class=\"elementor-element elementor-element-f38e42e e-flex e-con-boxed e-con e-parent\" data-id=\"f38e42e\" data-element_type=\"container\">\n\t\t\t\t\t<div class=\"e-con-inner\">\n\t\t\t\t<div class=\"elementor-element elementor-element-0c15077 elementor-widget elementor-widget-mkdf_info_section\" data-id=\"0c15077\" data-element_type=\"widget\" data-widget_type=\"mkdf_info_section.default\">\n\t\t\t\t<div class=\"elementor-widget-container\">\n\t\t\t\t\t<div class=\"mkdf-info-section justify mkdf-dark mkdf-center\">\n\n    \n    <div class=\"mkdf-is-inner\" style=\"width:100%\">\n\n        \n                    <h3 class=\"mkdf-is-title\">\n            P\u0141ATNO\u015a\u0106 NA RATY \u2014 TROSKA W WYGODNYM FORMACIE            <\/h3>\n        \n                    <div class=\"mkdf-is-text\">            <p>Wierzymy, \u017ce komfort powinien zaczyna\u0107 si\u0119 ju\u017c na etapie wyboru. Dlatego oferujemy Ci wygodn\u0105 mo\u017cliwo\u015b\u0107 \u2014 p\u0142acenia za us\u0142ugi na raty.<\/p><p>Jak to dzia\u0142a?<\/p><p>1. Wybierz procedur\u0119 lub us\u0142ug\u0119.<\/p><p>2. Poinformuj administratora o ch\u0119ci skorzystania z p\u0142atno\u015bci ratalnej przez Privat24.<\/p><p>3. Potwierd\u017a p\u0142atno\u015b\u0107 \u2014 i wszystko gotowe.<\/p><p>Pierwsza p\u0142atno\u015b\u0107 \u2014 od razu, reszta automatycznie co miesi\u0105c. Zadbaj o siebie teraz \u2014 p\u0142a\u0107 wtedy, gdy Ci wygodnie.<\/p>            <\/div>        \n        \n    <\/div>\n<\/div>\t\t\t\t<\/div>\n\t\t\t\t<\/div>\n\t\t\t\t<div class=\"elementor-element elementor-element-fd6d9a0 elementor-widget elementor-widget-qi_addons_for_elementor_product_list\" data-id=\"fd6d9a0\" data-element_type=\"widget\" data-widget_type=\"qi_addons_for_elementor_product_list.default\">\n\t\t\t\t<div class=\"elementor-widget-container\">\n\t\t\t\t\t<div class=\"qodef-shortcode qodef-m qodef-addons-woo-shortcode qodef-qi-woo-shortcode-product-list qodef-item-layout--info-below qodef-image--hover-zoom qodef-qi-grid qodef-layout--qi-columns qodef-col-num--3 qodef-item-layout--info-below qodef-responsive--custom qodef-col-num--1680--2 qodef-col-num--1440--2 qodef-col-num--1366--2 qodef-col-num--1024--2 qodef-col-num--768--2 qodef-col-num--680--2 qodef-col-num--480--1\" >\n\t<div class=\"qodef-grid-inner\">\n\t\t<div class=\"qodef-e qodef-grid-item product type-product post-9494 status-publish first instock product_cat-certyfikaty has-post-thumbnail shipping-taxable purchasable product-type-simple\">\n\t<div class=\"qodef-e-product-inner\">\n\t\t\t\t\t<div class=\"qodef-e-product-image\">\n\t\t\t\t\t\t\t\t<div class=\"qodef-e-product-image-holder\">\n\t\t\t\t\t<img decoding=\"async\" width=\"615\" height=\"615\" src=\"https:\/\/factoryfam.ua\/wp-content\/uploads\/2025\/10\/certifikate.jpg\" class=\"attachment-full size-full\" alt=\"\" srcset=\"https:\/\/factoryfam.ua\/wp-content\/uploads\/2025\/10\/certifikate.jpg 615w, https:\/\/factoryfam.ua\/wp-content\/uploads\/2025\/10\/certifikate-300x300.jpg 300w, https:\/\/factoryfam.ua\/wp-content\/uploads\/2025\/10\/certifikate-150x150.jpg 150w, https:\/\/factoryfam.ua\/wp-content\/uploads\/2025\/10\/certifikate-550x550.jpg 550w, https:\/\/factoryfam.ua\/wp-content\/uploads\/2025\/10\/certifikate-400x400.jpg 400w, https:\/\/factoryfam.ua\/wp-content\/uploads\/2025\/10\/certifikate-100x100.jpg 100w\" sizes=\"(max-width: 615px) 100vw, 615px\" \/>\t\t\t\t<\/div>\n\t\t\t<\/div>\n\t\t\t\t<div class=\"qodef-e-product-content\">\n\t\t\t\t<div class=\"qodef-e-product-categories\"><a href=\"https:\/\/factoryfam.ua\/pl\/product-category\/certyfikaty\/\" rel=\"tag\">Certyfikaty<\/a><\/div>\n\t\t\t<h5 itemprop=\"name\" class=\"qodef-e-product-title qodef-e-title entry-title\">\n\t<a itemprop=\"url\" class=\"qodef-e-product-title-link\" href=\"https:\/\/factoryfam.ua\/pl\/product\/karnet-na-8-masazy\/\">\n\t\tKarnet na 8 masa\u017cy\t<\/a>\n<\/h5>\n\t\t\t\t\t<div class=\"qodef-woo-product-price price\"><span class=\"woocommerce-Price-amount amount\">8 000&nbsp;<span class=\"woocommerce-Price-currencySymbol\">&#8372;<\/span><\/span><\/div>\n\t\t\t\t\t\t\t\t<a class=\"qodef-shortcode qodef-m button product_type_simple add_to_cart_button ajax_add_to_cart qodef-qi-button qodef-html--link qodef-layout--filled qodef-type--standard qodef-icon--right qodef-hover--icon-move-horizontal-short\" href=\"\/pl\/wp-json\/wp\/v2\/pages\/7305?add-to-cart=9494\" target=\"_self\" data-product_id=\"9494\"  aria-label=\"Dodaj do koszyka: \u201eKarnet na 8 masa\u017cy\u201d\" rel=\"nofollow\" data-quantity=\"1\">\t<span class=\"qodef-m-text\">Dodaj do koszyka<\/span>\t<\/a>\t\t\t\t\t<\/div>\n\t\t<a href=\"https:\/\/factoryfam.ua\/pl\/product\/karnet-na-8-masazy\/\" class=\"woocommerce-LoopProduct-link woocommerce-loop-product__link\"><\/a>\t<\/div>\n<\/div>\n<div class=\"qodef-e qodef-grid-item product type-product post-9496 status-publish instock product_cat-certyfikaty has-post-thumbnail shipping-taxable purchasable product-type-simple\">\n\t<div class=\"qodef-e-product-inner\">\n\t\t\t\t\t<div class=\"qodef-e-product-image\">\n\t\t\t\t\t\t\t\t<div class=\"qodef-e-product-image-holder\">\n\t\t\t\t\t<img decoding=\"async\" width=\"615\" height=\"615\" src=\"https:\/\/factoryfam.ua\/wp-content\/uploads\/2025\/10\/certifikate.jpg\" class=\"attachment-full size-full\" alt=\"\" srcset=\"https:\/\/factoryfam.ua\/wp-content\/uploads\/2025\/10\/certifikate.jpg 615w, https:\/\/factoryfam.ua\/wp-content\/uploads\/2025\/10\/certifikate-300x300.jpg 300w, https:\/\/factoryfam.ua\/wp-content\/uploads\/2025\/10\/certifikate-150x150.jpg 150w, https:\/\/factoryfam.ua\/wp-content\/uploads\/2025\/10\/certifikate-550x550.jpg 550w, https:\/\/factoryfam.ua\/wp-content\/uploads\/2025\/10\/certifikate-400x400.jpg 400w, https:\/\/factoryfam.ua\/wp-content\/uploads\/2025\/10\/certifikate-100x100.jpg 100w\" sizes=\"(max-width: 615px) 100vw, 615px\" \/>\t\t\t\t<\/div>\n\t\t\t<\/div>\n\t\t\t\t<div class=\"qodef-e-product-content\">\n\t\t\t\t<div class=\"qodef-e-product-categories\"><a href=\"https:\/\/factoryfam.ua\/pl\/product-category\/certyfikaty\/\" rel=\"tag\">Certyfikaty<\/a><\/div>\n\t\t\t<h5 itemprop=\"name\" class=\"qodef-e-product-title qodef-e-title entry-title\">\n\t<a itemprop=\"url\" class=\"qodef-e-product-title-link\" href=\"https:\/\/factoryfam.ua\/pl\/product\/abonament-na-5-masazy\/\">\n\t\tAbonament na 5 masa\u017cy\t<\/a>\n<\/h5>\n\t\t\t\t\t<div class=\"qodef-woo-product-price price\"><span class=\"woocommerce-Price-amount amount\">5 000&nbsp;<span class=\"woocommerce-Price-currencySymbol\">&#8372;<\/span><\/span><\/div>\n\t\t\t\t\t\t\t\t<a class=\"qodef-shortcode qodef-m button product_type_simple add_to_cart_button ajax_add_to_cart qodef-qi-button qodef-html--link qodef-layout--filled qodef-type--standard qodef-icon--right qodef-hover--icon-move-horizontal-short\" href=\"\/pl\/wp-json\/wp\/v2\/pages\/7305?add-to-cart=9496\" target=\"_self\" data-product_id=\"9496\"  aria-label=\"Dodaj do koszyka: \u201eAbonament na 5 masa\u017cy\u201d\" rel=\"nofollow\" data-quantity=\"1\">\t<span class=\"qodef-m-text\">Dodaj do koszyka<\/span>\t<\/a>\t\t\t\t\t<\/div>\n\t\t<a href=\"https:\/\/factoryfam.ua\/pl\/product\/abonament-na-5-masazy\/\" class=\"woocommerce-LoopProduct-link woocommerce-loop-product__link\"><\/a>\t<\/div>\n<\/div>\n<div class=\"qodef-e qodef-grid-item product type-product post-9498 status-publish instock product_cat-certyfikaty has-post-thumbnail shipping-taxable purchasable product-type-simple\">\n\t<div class=\"qodef-e-product-inner\">\n\t\t\t\t\t<div class=\"qodef-e-product-image\">\n\t\t\t\t\t\t\t\t<div class=\"qodef-e-product-image-holder\">\n\t\t\t\t\t<img decoding=\"async\" width=\"615\" height=\"615\" src=\"https:\/\/factoryfam.ua\/wp-content\/uploads\/2025\/10\/certifikate.jpg\" class=\"attachment-full size-full\" alt=\"\" srcset=\"https:\/\/factoryfam.ua\/wp-content\/uploads\/2025\/10\/certifikate.jpg 615w, https:\/\/factoryfam.ua\/wp-content\/uploads\/2025\/10\/certifikate-300x300.jpg 300w, https:\/\/factoryfam.ua\/wp-content\/uploads\/2025\/10\/certifikate-150x150.jpg 150w, https:\/\/factoryfam.ua\/wp-content\/uploads\/2025\/10\/certifikate-550x550.jpg 550w, https:\/\/factoryfam.ua\/wp-content\/uploads\/2025\/10\/certifikate-400x400.jpg 400w, https:\/\/factoryfam.ua\/wp-content\/uploads\/2025\/10\/certifikate-100x100.jpg 100w\" sizes=\"(max-width: 615px) 100vw, 615px\" \/>\t\t\t\t<\/div>\n\t\t\t<\/div>\n\t\t\t\t<div class=\"qodef-e-product-content\">\n\t\t\t\t<div class=\"qodef-e-product-categories\"><a href=\"https:\/\/factoryfam.ua\/pl\/product-category\/certyfikaty\/\" rel=\"tag\">Certyfikaty<\/a><\/div>\n\t\t\t<h5 itemprop=\"name\" class=\"qodef-e-product-title qodef-e-title entry-title\">\n\t<a itemprop=\"url\" class=\"qodef-e-product-title-link\" href=\"https:\/\/factoryfam.ua\/pl\/product\/karnet-na-3-masaze\/\">\n\t\tKarnet na 3 masa\u017ce\t<\/a>\n<\/h5>\n\t\t\t\t\t<div class=\"qodef-woo-product-price price\"><span class=\"woocommerce-Price-amount amount\">3 000&nbsp;<span class=\"woocommerce-Price-currencySymbol\">&#8372;<\/span><\/span><\/div>\n\t\t\t\t\t\t\t\t<a class=\"qodef-shortcode qodef-m button product_type_simple add_to_cart_button ajax_add_to_cart qodef-qi-button qodef-html--link qodef-layout--filled qodef-type--standard qodef-icon--right qodef-hover--icon-move-horizontal-short\" href=\"\/pl\/wp-json\/wp\/v2\/pages\/7305?add-to-cart=9498\" target=\"_self\" data-product_id=\"9498\"  aria-label=\"Dodaj do koszyka: \u201eKarnet na 3 masa\u017ce\u201d\" rel=\"nofollow\" data-quantity=\"1\">\t<span class=\"qodef-m-text\">Dodaj do koszyka<\/span>\t<\/a>\t\t\t\t\t<\/div>\n\t\t<a href=\"https:\/\/factoryfam.ua\/pl\/product\/karnet-na-3-masaze\/\" class=\"woocommerce-LoopProduct-link woocommerce-loop-product__link\"><\/a>\t<\/div>\n<\/div>\n\t<\/div>\n\t<\/div>\n\t\t\t\t<\/div>\n\t\t\t\t<\/div>\n\t\t\t\t\t<\/div>\n\t\t\t\t<\/div>\n\t\t\t\t\t<\/div>\n\t\t<\/div>\n\t\t\t\t\t<\/div>\n\t\t<\/section>\n\t\t\t\t<\/div>\n\t\t","protected":false},"excerpt":{"rendered":"<p>P\u0141ATNO\u015a\u0106 NA RATY \u2014 TROSKA W WYGODNYM FORMACIE Wierzymy, \u017ce komfort powinien zaczyna\u0107 si\u0119 ju\u017c na etapie wyboru. Dlatego oferujemy Ci wygodn\u0105 mo\u017cliwo\u015b\u0107 \u2014 p\u0142acenia za us\u0142ugi na raty. Jak to dzia\u0142a? 1. Wybierz procedur\u0119 lub us\u0142ug\u0119. 2. Poinformuj administratora [&hellip;]<\/p>\n","protected":false},"author":1,"featured_media":0,"parent":0,"menu_order":0,"comment_status":"closed","ping_status":"closed","template":"","meta":{"footnotes":""},"class_list":["post-7305","page","type-page","status-publish","hentry"],"yoast_head":"<!-- This site is optimized with the Yoast SEO plugin v26.8 - https:\/\/yoast.com\/product\/yoast-seo-wordpress\/ -->\n<title>Zap\u0142a\u0107 na raty - Factory Family<\/title>\n<meta name=\"robots\" content=\"index, follow, max-snippet:-1, max-image-preview:large, max-video-preview:-1\" \/>\n<link rel=\"canonical\" href=\"https:\/\/factoryfam.ua\/pl\/zaplac-na-raty\/\" \/>\n<meta property=\"og:locale\" content=\"pl_PL\" \/>\n<meta property=\"og:type\" content=\"article\" \/>\n<meta property=\"og:title\" content=\"Zap\u0142a\u0107 na raty - Factory Family\" \/>\n<meta property=\"og:description\" content=\"P\u0141ATNO\u015a\u0106 NA RATY \u2014 TROSKA W WYGODNYM FORMACIE Wierzymy, \u017ce komfort powinien zaczyna\u0107 si\u0119 ju\u017c na etapie wyboru. Dlatego oferujemy Ci wygodn\u0105 mo\u017cliwo\u015b\u0107 \u2014 p\u0142acenia za us\u0142ugi na raty. Jak to dzia\u0142a? 1. Wybierz procedur\u0119 lub us\u0142ug\u0119. 2. Poinformuj administratora [&hellip;]\" \/>\n<meta property=\"og:url\" content=\"https:\/\/factoryfam.ua\/pl\/zaplac-na-raty\/\" \/>\n<meta property=\"og:site_name\" content=\"Factory Family\" \/>\n<meta property=\"article:modified_time\" content=\"2025-07-04T12:15:11+00:00\" \/>\n<meta property=\"og:image\" content=\"https:\/\/factoryfam.ua\/wp-content\/uploads\/2025\/07\/oplata_chast-1-2.jpg\" \/>\n\t<meta property=\"og:image:width\" content=\"800\" \/>\n\t<meta property=\"og:image:height\" content=\"1000\" \/>\n\t<meta property=\"og:image:type\" content=\"image\/jpeg\" \/>\n<meta name=\"twitter:card\" content=\"summary_large_image\" \/>\n<meta name=\"twitter:label1\" content=\"Szacowany czas czytania\" \/>\n\t<meta name=\"twitter:data1\" content=\"1 minuta\" \/>\n<script type=\"application\/ld+json\" class=\"yoast-schema-graph\">{\"@context\":\"https:\/\/schema.org\",\"@graph\":[{\"@type\":\"WebPage\",\"@id\":\"https:\/\/factoryfam.ua\/pl\/zaplac-na-raty\/\",\"url\":\"https:\/\/factoryfam.ua\/pl\/zaplac-na-raty\/\",\"name\":\"Zap\u0142a\u0107 na raty - Factory Family\",\"isPartOf\":{\"@id\":\"https:\/\/factoryfam.ua\/pl\/#website\"},\"primaryImageOfPage\":{\"@id\":\"https:\/\/factoryfam.ua\/pl\/zaplac-na-raty\/#primaryimage\"},\"image\":{\"@id\":\"https:\/\/factoryfam.ua\/pl\/zaplac-na-raty\/#primaryimage\"},\"thumbnailUrl\":\"https:\/\/factoryfam.ua\/wp-content\/uploads\/2025\/07\/oplata_chast-1-2.jpg\",\"datePublished\":\"2025-05-30T11:17:58+00:00\",\"dateModified\":\"2025-07-04T12:15:11+00:00\",\"breadcrumb\":{\"@id\":\"https:\/\/factoryfam.ua\/pl\/zaplac-na-raty\/#breadcrumb\"},\"inLanguage\":\"pl-PL\",\"potentialAction\":[{\"@type\":\"ReadAction\",\"target\":[\"https:\/\/factoryfam.ua\/pl\/zaplac-na-raty\/\"]}]},{\"@type\":\"ImageObject\",\"inLanguage\":\"pl-PL\",\"@id\":\"https:\/\/factoryfam.ua\/pl\/zaplac-na-raty\/#primaryimage\",\"url\":\"https:\/\/factoryfam.ua\/wp-content\/uploads\/2025\/07\/oplata_chast-1-2.jpg\",\"contentUrl\":\"https:\/\/factoryfam.ua\/wp-content\/uploads\/2025\/07\/oplata_chast-1-2.jpg\"},{\"@type\":\"BreadcrumbList\",\"@id\":\"https:\/\/factoryfam.ua\/pl\/zaplac-na-raty\/#breadcrumb\",\"itemListElement\":[{\"@type\":\"ListItem\",\"position\":1,\"name\":\"\u0413\u043e\u043b\u043e\u0432\u043d\u0430\",\"item\":\"https:\/\/factoryfam.ua\/pl\/\"},{\"@type\":\"ListItem\",\"position\":2,\"name\":\"Zap\u0142a\u0107 na raty\"}]},{\"@type\":\"WebSite\",\"@id\":\"https:\/\/factoryfam.ua\/pl\/#website\",\"url\":\"https:\/\/factoryfam.ua\/pl\/\",\"name\":\"Factory Family\",\"description\":\"\",\"potentialAction\":[{\"@type\":\"SearchAction\",\"target\":{\"@type\":\"EntryPoint\",\"urlTemplate\":\"https:\/\/factoryfam.ua\/pl\/?s={search_term_string}\"},\"query-input\":{\"@type\":\"PropertyValueSpecification\",\"valueRequired\":true,\"valueName\":\"search_term_string\"}}],\"inLanguage\":\"pl-PL\"}]}<\/script>\n<!-- \/ Yoast SEO plugin. -->","yoast_head_json":{"title":"Zap\u0142a\u0107 na raty - Factory Family","robots":{"index":"index","follow":"follow","max-snippet":"max-snippet:-1","max-image-preview":"max-image-preview:large","max-video-preview":"max-video-preview:-1"},"canonical":"https:\/\/factoryfam.ua\/pl\/zaplac-na-raty\/","og_locale":"pl_PL","og_type":"article","og_title":"Zap\u0142a\u0107 na raty - Factory Family","og_description":"P\u0141ATNO\u015a\u0106 NA RATY \u2014 TROSKA W WYGODNYM FORMACIE Wierzymy, \u017ce komfort powinien zaczyna\u0107 si\u0119 ju\u017c na etapie wyboru. Dlatego oferujemy Ci wygodn\u0105 mo\u017cliwo\u015b\u0107 \u2014 p\u0142acenia za us\u0142ugi na raty. Jak to dzia\u0142a? 1. Wybierz procedur\u0119 lub us\u0142ug\u0119. 2. Poinformuj administratora [&hellip;]","og_url":"https:\/\/factoryfam.ua\/pl\/zaplac-na-raty\/","og_site_name":"Factory Family","article_modified_time":"2025-07-04T12:15:11+00:00","og_image":[{"width":800,"height":1000,"url":"https:\/\/factoryfam.ua\/wp-content\/uploads\/2025\/07\/oplata_chast-1-2.jpg","type":"image\/jpeg"}],"twitter_card":"summary_large_image","twitter_misc":{"Szacowany czas czytania":"1 minuta"},"schema":{"@context":"https:\/\/schema.org","@graph":[{"@type":"WebPage","@id":"https:\/\/factoryfam.ua\/pl\/zaplac-na-raty\/","url":"https:\/\/factoryfam.ua\/pl\/zaplac-na-raty\/","name":"Zap\u0142a\u0107 na raty - Factory Family","isPartOf":{"@id":"https:\/\/factoryfam.ua\/pl\/#website"},"primaryImageOfPage":{"@id":"https:\/\/factoryfam.ua\/pl\/zaplac-na-raty\/#primaryimage"},"image":{"@id":"https:\/\/factoryfam.ua\/pl\/zaplac-na-raty\/#primaryimage"},"thumbnailUrl":"https:\/\/factoryfam.ua\/wp-content\/uploads\/2025\/07\/oplata_chast-1-2.jpg","datePublished":"2025-05-30T11:17:58+00:00","dateModified":"2025-07-04T12:15:11+00:00","breadcrumb":{"@id":"https:\/\/factoryfam.ua\/pl\/zaplac-na-raty\/#breadcrumb"},"inLanguage":"pl-PL","potentialAction":[{"@type":"ReadAction","target":["https:\/\/factoryfam.ua\/pl\/zaplac-na-raty\/"]}]},{"@type":"ImageObject","inLanguage":"pl-PL","@id":"https:\/\/factoryfam.ua\/pl\/zaplac-na-raty\/#primaryimage","url":"https:\/\/factoryfam.ua\/wp-content\/uploads\/2025\/07\/oplata_chast-1-2.jpg","contentUrl":"https:\/\/factoryfam.ua\/wp-content\/uploads\/2025\/07\/oplata_chast-1-2.jpg"},{"@type":"BreadcrumbList","@id":"https:\/\/factoryfam.ua\/pl\/zaplac-na-raty\/#breadcrumb","itemListElement":[{"@type":"ListItem","position":1,"name":"\u0413\u043e\u043b\u043e\u0432\u043d\u0430","item":"https:\/\/factoryfam.ua\/pl\/"},{"@type":"ListItem","position":2,"name":"Zap\u0142a\u0107 na raty"}]},{"@type":"WebSite","@id":"https:\/\/factoryfam.ua\/pl\/#website","url":"https:\/\/factoryfam.ua\/pl\/","name":"Factory Family","description":"","potentialAction":[{"@type":"SearchAction","target":{"@type":"EntryPoint","urlTemplate":"https:\/\/factoryfam.ua\/pl\/?s={search_term_string}"},"query-input":{"@type":"PropertyValueSpecification","valueRequired":true,"valueName":"search_term_string"}}],"inLanguage":"pl-PL"}]}},"_links":{"self":[{"href":"https:\/\/factoryfam.ua\/pl\/wp-json\/wp\/v2\/pages\/7305","targetHints":{"allow":["GET"]}}],"collection":[{"href":"https:\/\/factoryfam.ua\/pl\/wp-json\/wp\/v2\/pages"}],"about":[{"href":"https:\/\/factoryfam.ua\/pl\/wp-json\/wp\/v2\/types\/page"}],"author":[{"embeddable":true,"href":"https:\/\/factoryfam.ua\/pl\/wp-json\/wp\/v2\/users\/1"}],"replies":[{"embeddable":true,"href":"https:\/\/factoryfam.ua\/pl\/wp-json\/wp\/v2\/comments?post=7305"}],"version-history":[{"count":0,"href":"https:\/\/factoryfam.ua\/pl\/wp-json\/wp\/v2\/pages\/7305\/revisions"}],"wp:attachment":[{"href":"https:\/\/factoryfam.ua\/pl\/wp-json\/wp\/v2\/media?parent=7305"}],"curies":[{"name":"wp","href":"https:\/\/api.w.org\/{rel}","templated":true}]}}