{"id":7345,"date":"2025-05-21T15:30:35","date_gmt":"2025-05-21T12:30:35","guid":{"rendered":"https:\/\/factoryfam.ua\/?page_id=7345"},"modified":"2025-08-13T16:45:22","modified_gmt":"2025-08-13T13:45:22","slug":"kontakt","status":"publish","type":"page","link":"https:\/\/factoryfam.ua\/pl\/kontakt\/","title":{"rendered":"Kontakt"},"content":{"rendered":"\t\t<div data-elementor-type=\"wp-page\" data-elementor-id=\"7345\" class=\"elementor elementor-7345 elementor-6178\" data-elementor-post-type=\"page\">\n\t\t\t\t<div class=\"elementor-element elementor-element-0226f61 e-flex e-con-boxed e-con e-parent\" data-id=\"0226f61\" data-element_type=\"container\">\n\t\t\t\t\t<div class=\"e-con-inner\">\n\t\t\t\t<div class=\"elementor-element elementor-element-145cb78 elementor-widget elementor-widget-mkdf_info_section\" data-id=\"145cb78\" data-element_type=\"widget\" data-widget_type=\"mkdf_info_section.default\">\n\t\t\t\t<div class=\"elementor-widget-container\">\n\t\t\t\t\t<div class=\"mkdf-info-section justify mkdf-dark mkdf-center\">\n\n    \n    <div class=\"mkdf-is-inner\" style=\"width:%\">\n\n        \n                    <h4 class=\"mkdf-is-title\">\n            Wiesz, gdzie nas szuka\u0107 (ale jeszcze podpowiemy).            <\/h4>\n        \n                    <div class=\"mkdf-is-text\">            <p>Jeste\u015bmy blisko\u2014w Twoim mie\u015bcie, Twoim rytmie, Twoim nastroju. Wybierz dogodny salon, z\u0142\u00f3\u017c zapytanie lub po prostu napisz. Odpowiemy, podpowiemy, zarezerwujemy\u2014i ju\u017c przygotowujemy Twoj\u0105 ulubion\u0105 kaw\u0119 \u2615\ud83d\udc9b<\/p>            <\/div>        \n        \n    <\/div>\n<\/div>\t\t\t\t<\/div>\n\t\t\t\t<\/div>\n\t\t\t\t\t<\/div>\n\t\t\t\t<\/div>\n\t\t<div class=\"elementor-element elementor-element-cc7d113 e-flex e-con-boxed e-con e-parent\" data-id=\"cc7d113\" data-element_type=\"container\">\n\t\t\t\t\t<div class=\"e-con-inner\">\n\t\t<div class=\"elementor-element elementor-element-6061c04 e-con-full e-flex e-con e-child\" data-id=\"6061c04\" data-element_type=\"container\">\n\t\t<div class=\"elementor-element elementor-element-2bf8530 e-grid e-con-full e-con e-child\" data-id=\"2bf8530\" data-element_type=\"container\">\n\t\t\t\t<div class=\"elementor-element elementor-element-625406b elementor-widget elementor-widget-text-editor\" data-id=\"625406b\" data-element_type=\"widget\" data-widget_type=\"text-editor.default\">\n\t\t\t\t<div class=\"elementor-widget-container\">\n\t\t\t\t\t\t\t\t\t<div><h4>Face Factory<\/h4><\/div><div><p>Lw\u00f3w, ul. Hnatyuka 12A<\/p><p><a href=\"mailto:face@factoryfamily.co\" target=\"_blank\" rel=\"noopener nofollow\">face@factoryfamily.co<\/a><\/p><p><a href=\"tel:+38 (068) 029 29 09\">+38 (068) 029 29 09<\/a><\/p><\/div>\t\t\t\t\t\t\t\t<\/div>\n\t\t\t\t<\/div>\n\t\t\t\t<div class=\"elementor-element elementor-element-372cfbf elementor-widget elementor-widget-text-editor\" data-id=\"372cfbf\" data-element_type=\"widget\" data-widget_type=\"text-editor.default\">\n\t\t\t\t<div class=\"elementor-widget-container\">\n\t\t\t\t\t\t\t\t\t<div><h4>Hair Factory<\/h4><p>Lw\u00f3w, ul. Hnatyuka 12A<\/p><p><a href=\"mailto:hair@factoryfamily.co\" target=\"_blank\" rel=\"noopener\">hair@factoryfamily.co<\/a><\/p><p><a href=\"tel:+380680292909\">+38 (068) 029 29 09<\/a><\/p><\/div>\t\t\t\t\t\t\t\t<\/div>\n\t\t\t\t<\/div>\n\t\t\t\t<div class=\"elementor-element elementor-element-601c724 elementor-widget elementor-widget-text-editor\" data-id=\"601c724\" data-element_type=\"widget\" data-widget_type=\"text-editor.default\">\n\t\t\t\t<div class=\"elementor-widget-container\">\n\t\t\t\t\t\t\t\t\t<h4>Nail Factory<\/h4><p>Lw\u00f3w, ul. Kulparkowska 200A<\/p><p>Lw\u00f3w, ul. Hnatyuka 12A<\/p><p><a href=\"mailto:nail@factoryfamily.co\" target=\"_blank\" rel=\"noopener\">nail@factoryfamily.co<\/a><\/p><p><a href=\"tel:+380680292909\">+38 (068) 029 29 09<\/a><\/p>\t\t\t\t\t\t\t\t<\/div>\n\t\t\t\t<\/div>\n\t\t\t\t<div class=\"elementor-element elementor-element-c2c0a49 elementor-widget elementor-widget-text-editor\" data-id=\"c2c0a49\" data-element_type=\"widget\" data-widget_type=\"text-editor.default\">\n\t\t\t\t<div class=\"elementor-widget-container\">\n\t\t\t\t\t\t\t\t\t<div><h4>Factory family Warsaw<\/h4><p>Warszawa, KROCHMALNA 61, Browary Warszawskie<\/p><p><a href=\"mailto:factoryfamily.wola@gmail.com\">factoryfamily.wola@gmail.com<\/a><\/p><p><a href=\"tel:+48797766000\">+48 797 766 000<\/a><\/p><\/div>\t\t\t\t\t\t\t\t<\/div>\n\t\t\t\t<\/div>\n\t\t\t\t<div class=\"elementor-element elementor-element-ddfea2b elementor-widget elementor-widget-text-editor\" data-id=\"ddfea2b\" data-element_type=\"widget\" data-widget_type=\"text-editor.default\">\n\t\t\t\t<div class=\"elementor-widget-container\">\n\t\t\t\t\t\t\t\t\t<div><h4>Factory family Lviv<\/h4><p>Lw\u00f3w, ul. Szewczenki 31B<\/p><p><a href=\"mailto:factoryfamilylviv@gmail.com\">factoryfamilylviv@gmail.com<\/a><\/p><p><a href=\"tel:+380680292909\">+38 (068) 029 29 09<\/a><\/p><\/div>\t\t\t\t\t\t\t\t<\/div>\n\t\t\t\t<\/div>\n\t\t\t\t<div class=\"elementor-element elementor-element-227c3b5 elementor-widget elementor-widget-text-editor\" data-id=\"227c3b5\" data-element_type=\"widget\" data-widget_type=\"text-editor.default\">\n\t\t\t\t<div class=\"elementor-widget-container\">\n\t\t\t\t\t\t\t\t\t<div><h4>Factory Family IF<\/h4><p>Iwano-Frankiwsk, ul. Ukrai\u0144skiego Zwyci\u0119stwa 23D<\/p><p><a href=\"mailto:if@factoryfamily.co\">if@factoryfamily.co<\/a><\/p><p><a href=\"tel:+380671114114\">+38 (067) 111 41 14<\/a><\/p><\/div>\t\t\t\t\t\t\t\t<\/div>\n\t\t\t\t<\/div>\n\t\t\t\t<div class=\"elementor-element elementor-element-7f8b24a elementor-widget elementor-widget-text-editor\" data-id=\"7f8b24a\" data-element_type=\"widget\" data-widget_type=\"text-editor.default\">\n\t\t\t\t<div class=\"elementor-widget-container\">\n\t\t\t\t\t\t\t\t\t<h4>Factory Family Novy Lviv<\/h4><p>Nowy Lw\u00f3w<br \/>ul. W\u0119gierska 12<\/p><p><a href=\"tel:+38 (068) 029 29 09\"><span class=\"OYPEnA\">+38 (068) 029 29 09<\/span><\/a><\/p>\t\t\t\t\t\t\t\t<\/div>\n\t\t\t\t<\/div>\n\t\t\t\t<\/div>\n\t\t\t\t<\/div>\n\t\t<div class=\"elementor-element elementor-element-88311ec e-con-full e-flex e-con e-child\" data-id=\"88311ec\" data-element_type=\"container\">\n\t\t\t\t<div class=\"elementor-element elementor-element-1eeedfb elementor-widget elementor-widget-mkdf_cf7\" data-id=\"1eeedfb\" data-element_type=\"widget\" data-widget_type=\"mkdf_cf7.default\">\n\t\t\t\t<div class=\"elementor-widget-container\">\n\t\t\t\t\t    \n<div class=\"wpcf7 no-js\" id=\"wpcf7-f7364-o1\" lang=\"pl-PL\" dir=\"ltr\" data-wpcf7-id=\"7364\">\n<div class=\"screen-reader-response\"><p role=\"status\" aria-live=\"polite\" aria-atomic=\"true\"><\/p> <ul><\/ul><\/div>\n<form action=\"\/pl\/wp-json\/wp\/v2\/pages\/7345#wpcf7-f7364-o1\" method=\"post\" class=\"wpcf7-form init default\" aria-label=\"Formularz kontaktowy\" novalidate=\"novalidate\" data-status=\"init\">\n<fieldset class=\"hidden-fields-container\"><input type=\"hidden\" name=\"_wpcf7\" value=\"7364\" \/><input type=\"hidden\" name=\"_wpcf7_version\" value=\"6.1.4\" \/><input type=\"hidden\" name=\"_wpcf7_locale\" value=\"pl_PL\" \/><input type=\"hidden\" name=\"_wpcf7_unit_tag\" value=\"wpcf7-f7364-o1\" \/><input type=\"hidden\" name=\"_wpcf7_container_post\" value=\"0\" \/><input type=\"hidden\" name=\"_wpcf7_posted_data_hash\" value=\"\" \/>\n<\/fieldset>\n<div class=\"vacancy_form_box\">\r\n    <h3>Masz pytania lub pomys\u0142y? Napisz do nas<\/h3>\r\n    <div class=\"mkdf-grid-row mkdf-grid-small-gutter\">\r\n        <div class=\"mkdf-grid-col-6\">\r\n            <span class=\"wpcf7-form-control-wrap\" data-name=\"text-128\"><input size=\"40\" maxlength=\"400\" class=\"wpcf7-form-control wpcf7-text wpcf7-validates-as-required\" aria-required=\"true\" aria-invalid=\"false\" placeholder=\"Imi\u0119*\" value=\"\" type=\"text\" name=\"text-128\" \/><\/span>\r\n        <\/div>\r\n        <div class=\"mkdf-grid-col-6\">\r\n            <span class=\"wpcf7-form-control-wrap\" data-name=\"text-800\"><input size=\"40\" maxlength=\"400\" class=\"wpcf7-form-control wpcf7-text\" aria-invalid=\"false\" placeholder=\"Nazwisko\" value=\"\" type=\"text\" name=\"text-800\" \/><\/span>\r\n        <\/div>\r\n        <div class=\"mkdf-grid-col-6\">\r\n            <span class=\"wpcf7-form-control-wrap\" data-name=\"email-722\"><input size=\"40\" maxlength=\"400\" class=\"wpcf7-form-control wpcf7-email wpcf7-text wpcf7-validates-as-email\" autocomplete=\"email\" aria-invalid=\"false\" placeholder=\"Email\" value=\"\" type=\"email\" name=\"email-722\" \/><\/span>\r\n        <\/div>\r\n        <div class=\"mkdf-grid-col-6\">\r\n            <span class=\"wpcf7-form-control-wrap\" data-name=\"tel-981\"><input size=\"40\" maxlength=\"14\" minlength=\"8\" class=\"wpcf7-form-control wpcf7-tel wpcf7-validates-as-required wpcf7-text wpcf7-validates-as-tel\" aria-required=\"true\" aria-invalid=\"false\" placeholder=\"Telefon*\" value=\"\" type=\"tel\" name=\"tel-981\" \/><\/span>\r\n        <\/div>\r\n        <div class=\"mkdf-grid-col-12\">\r\n            <span class=\"wpcf7-form-control-wrap\" data-name=\"text-938\"><input size=\"40\" maxlength=\"400\" class=\"wpcf7-form-control wpcf7-text\" aria-invalid=\"false\" placeholder=\"Miasto\" value=\"\" type=\"text\" name=\"text-938\" \/><\/span>\r\n        <\/div>\r\n        <div class=\"mkdf-grid-col-12\">\r\n            <span class=\"wpcf7-form-control-wrap\" data-name=\"your-message\"><textarea cols=\"40\" rows=\"10\" maxlength=\"2000\" class=\"wpcf7-form-control wpcf7-textarea\" aria-invalid=\"false\" placeholder=\"Wiadomo\u015b\u0107\" name=\"your-message\"><\/textarea><\/span>\r\n        <\/div>\r\n        <div class=\"mkdf-grid-col-12\">\r\n            <input class=\"wpcf7-form-control wpcf7-submit has-spinner\" type=\"submit\" value=\"Wy\u015blij\" \/>\r\n        <\/div>\r\n    <\/div>\r\n<\/div><div class=\"wpcf7-response-output\" aria-hidden=\"true\"><\/div>\n<\/form>\n<\/div>\n\t\t\t\t<\/div>\n\t\t\t\t<\/div>\n\t\t\t\t<\/div>\n\t\t\t\t\t<\/div>\n\t\t\t\t<\/div>\n\t\t\t\t<\/div>\n\t\t","protected":false},"excerpt":{"rendered":"<p>Wiesz, gdzie nas szuka\u0107 (ale jeszcze podpowiemy). Jeste\u015bmy blisko\u2014w Twoim mie\u015bcie, Twoim rytmie, Twoim nastroju. Wybierz dogodny salon, z\u0142\u00f3\u017c zapytanie lub po prostu napisz. Odpowiemy, podpowiemy, zarezerwujemy\u2014i ju\u017c przygotowujemy Twoj\u0105 ulubion\u0105 kaw\u0119 \u2615\ud83d\udc9b Face Factory Lw\u00f3w, ul. Hnatyuka 12A face@factoryfamily.co [&hellip;]<\/p>\n","protected":false},"author":1,"featured_media":0,"parent":0,"menu_order":0,"comment_status":"closed","ping_status":"closed","template":"","meta":{"footnotes":""},"class_list":["post-7345","page","type-page","status-publish","hentry"],"yoast_head":"<!-- This site is optimized with the Yoast SEO plugin v26.8 - https:\/\/yoast.com\/product\/yoast-seo-wordpress\/ -->\n<title>Kontakt - Factory Family<\/title>\n<meta name=\"robots\" content=\"index, follow, max-snippet:-1, max-image-preview:large, max-video-preview:-1\" \/>\n<link rel=\"canonical\" href=\"https:\/\/factoryfam.ua\/pl\/kontakt\/\" \/>\n<meta property=\"og:locale\" content=\"pl_PL\" \/>\n<meta property=\"og:type\" content=\"article\" \/>\n<meta property=\"og:title\" content=\"Kontakt - Factory Family\" \/>\n<meta property=\"og:description\" content=\"Wiesz, gdzie nas szuka\u0107 (ale jeszcze podpowiemy). Jeste\u015bmy blisko\u2014w Twoim mie\u015bcie, Twoim rytmie, Twoim nastroju. Wybierz dogodny salon, z\u0142\u00f3\u017c zapytanie lub po prostu napisz. Odpowiemy, podpowiemy, zarezerwujemy\u2014i ju\u017c przygotowujemy Twoj\u0105 ulubion\u0105 kaw\u0119 \u2615\ud83d\udc9b Face Factory Lw\u00f3w, ul. Hnatyuka 12A face@factoryfamily.co [&hellip;]\" \/>\n<meta property=\"og:url\" content=\"https:\/\/factoryfam.ua\/pl\/kontakt\/\" \/>\n<meta property=\"og:site_name\" content=\"Factory Family\" \/>\n<meta property=\"article:modified_time\" content=\"2025-08-13T13:45:22+00:00\" \/>\n<meta name=\"twitter:card\" content=\"summary_large_image\" \/>\n<meta name=\"twitter:label1\" content=\"Szacowany czas czytania\" \/>\n\t<meta name=\"twitter:data1\" content=\"2 minuty\" \/>\n<script type=\"application\/ld+json\" class=\"yoast-schema-graph\">{\"@context\":\"https:\/\/schema.org\",\"@graph\":[{\"@type\":\"WebPage\",\"@id\":\"https:\/\/factoryfam.ua\/pl\/kontakt\/\",\"url\":\"https:\/\/factoryfam.ua\/pl\/kontakt\/\",\"name\":\"Kontakt - Factory Family\",\"isPartOf\":{\"@id\":\"https:\/\/factoryfam.ua\/pl\/#website\"},\"datePublished\":\"2025-05-21T12:30:35+00:00\",\"dateModified\":\"2025-08-13T13:45:22+00:00\",\"breadcrumb\":{\"@id\":\"https:\/\/factoryfam.ua\/pl\/kontakt\/#breadcrumb\"},\"inLanguage\":\"pl-PL\",\"potentialAction\":[{\"@type\":\"ReadAction\",\"target\":[\"https:\/\/factoryfam.ua\/pl\/kontakt\/\"]}]},{\"@type\":\"BreadcrumbList\",\"@id\":\"https:\/\/factoryfam.ua\/pl\/kontakt\/#breadcrumb\",\"itemListElement\":[{\"@type\":\"ListItem\",\"position\":1,\"name\":\"\u0413\u043e\u043b\u043e\u0432\u043d\u0430\",\"item\":\"https:\/\/factoryfam.ua\/pl\/\"},{\"@type\":\"ListItem\",\"position\":2,\"name\":\"Kontakt\"}]},{\"@type\":\"WebSite\",\"@id\":\"https:\/\/factoryfam.ua\/pl\/#website\",\"url\":\"https:\/\/factoryfam.ua\/pl\/\",\"name\":\"Factory Family\",\"description\":\"\",\"potentialAction\":[{\"@type\":\"SearchAction\",\"target\":{\"@type\":\"EntryPoint\",\"urlTemplate\":\"https:\/\/factoryfam.ua\/pl\/?s={search_term_string}\"},\"query-input\":{\"@type\":\"PropertyValueSpecification\",\"valueRequired\":true,\"valueName\":\"search_term_string\"}}],\"inLanguage\":\"pl-PL\"}]}<\/script>\n<!-- \/ Yoast SEO plugin. -->","yoast_head_json":{"title":"Kontakt - Factory Family","robots":{"index":"index","follow":"follow","max-snippet":"max-snippet:-1","max-image-preview":"max-image-preview:large","max-video-preview":"max-video-preview:-1"},"canonical":"https:\/\/factoryfam.ua\/pl\/kontakt\/","og_locale":"pl_PL","og_type":"article","og_title":"Kontakt - Factory Family","og_description":"Wiesz, gdzie nas szuka\u0107 (ale jeszcze podpowiemy). Jeste\u015bmy blisko\u2014w Twoim mie\u015bcie, Twoim rytmie, Twoim nastroju. Wybierz dogodny salon, z\u0142\u00f3\u017c zapytanie lub po prostu napisz. Odpowiemy, podpowiemy, zarezerwujemy\u2014i ju\u017c przygotowujemy Twoj\u0105 ulubion\u0105 kaw\u0119 \u2615\ud83d\udc9b Face Factory Lw\u00f3w, ul. Hnatyuka 12A face@factoryfamily.co [&hellip;]","og_url":"https:\/\/factoryfam.ua\/pl\/kontakt\/","og_site_name":"Factory Family","article_modified_time":"2025-08-13T13:45:22+00:00","twitter_card":"summary_large_image","twitter_misc":{"Szacowany czas czytania":"2 minuty"},"schema":{"@context":"https:\/\/schema.org","@graph":[{"@type":"WebPage","@id":"https:\/\/factoryfam.ua\/pl\/kontakt\/","url":"https:\/\/factoryfam.ua\/pl\/kontakt\/","name":"Kontakt - Factory Family","isPartOf":{"@id":"https:\/\/factoryfam.ua\/pl\/#website"},"datePublished":"2025-05-21T12:30:35+00:00","dateModified":"2025-08-13T13:45:22+00:00","breadcrumb":{"@id":"https:\/\/factoryfam.ua\/pl\/kontakt\/#breadcrumb"},"inLanguage":"pl-PL","potentialAction":[{"@type":"ReadAction","target":["https:\/\/factoryfam.ua\/pl\/kontakt\/"]}]},{"@type":"BreadcrumbList","@id":"https:\/\/factoryfam.ua\/pl\/kontakt\/#breadcrumb","itemListElement":[{"@type":"ListItem","position":1,"name":"\u0413\u043e\u043b\u043e\u0432\u043d\u0430","item":"https:\/\/factoryfam.ua\/pl\/"},{"@type":"ListItem","position":2,"name":"Kontakt"}]},{"@type":"WebSite","@id":"https:\/\/factoryfam.ua\/pl\/#website","url":"https:\/\/factoryfam.ua\/pl\/","name":"Factory Family","description":"","potentialAction":[{"@type":"SearchAction","target":{"@type":"EntryPoint","urlTemplate":"https:\/\/factoryfam.ua\/pl\/?s={search_term_string}"},"query-input":{"@type":"PropertyValueSpecification","valueRequired":true,"valueName":"search_term_string"}}],"inLanguage":"pl-PL"}]}},"_links":{"self":[{"href":"https:\/\/factoryfam.ua\/pl\/wp-json\/wp\/v2\/pages\/7345","targetHints":{"allow":["GET"]}}],"collection":[{"href":"https:\/\/factoryfam.ua\/pl\/wp-json\/wp\/v2\/pages"}],"about":[{"href":"https:\/\/factoryfam.ua\/pl\/wp-json\/wp\/v2\/types\/page"}],"author":[{"embeddable":true,"href":"https:\/\/factoryfam.ua\/pl\/wp-json\/wp\/v2\/users\/1"}],"replies":[{"embeddable":true,"href":"https:\/\/factoryfam.ua\/pl\/wp-json\/wp\/v2\/comments?post=7345"}],"version-history":[{"count":0,"href":"https:\/\/factoryfam.ua\/pl\/wp-json\/wp\/v2\/pages\/7345\/revisions"}],"wp:attachment":[{"href":"https:\/\/factoryfam.ua\/pl\/wp-json\/wp\/v2\/media?parent=7345"}],"curies":[{"name":"wp","href":"https:\/\/api.w.org\/{rel}","templated":true}]}}