{"id":7826,"date":"2025-06-28T12:50:07","date_gmt":"2025-06-28T09:50:07","guid":{"rendered":"https:\/\/factoryfam.ua\/masazysta-masazystka-w-warszawie\/"},"modified":"2025-06-28T14:21:13","modified_gmt":"2025-06-28T11:21:13","slug":"masazysta-masazystka-w-warszawie","status":"publish","type":"page","link":"https:\/\/factoryfam.ua\/pl\/oferty-pracy\/masazysta-masazystka-w-warszawie\/","title":{"rendered":"Masa\u017cysta \/ Masa\u017cystka w Warszawie"},"content":{"rendered":"\t\t<div data-elementor-type=\"wp-page\" data-elementor-id=\"7826\" class=\"elementor elementor-7826 elementor-7761\" data-elementor-post-type=\"page\">\n\t\t\t\t<div class=\"elementor-element elementor-element-358a2cb e-flex e-con-boxed e-con e-parent\" data-id=\"358a2cb\" data-element_type=\"container\">\n\t\t\t\t\t<div class=\"e-con-inner\">\n\t\t<div class=\"elementor-element elementor-element-f85958f e-con-full e-flex e-con e-child\" data-id=\"f85958f\" data-element_type=\"container\">\n\t\t\t\t<div class=\"elementor-element elementor-element-96f34db elementor-widget elementor-widget-text-editor\" data-id=\"96f34db\" data-element_type=\"widget\" data-widget_type=\"text-editor.default\">\n\t\t\t\t<div class=\"elementor-widget-container\">\n\t\t\t\t\t\t\t\t\t<h3>Factory Family szuka masa\u017cysty \/ masa\u017cystki w Warszawie<\/h3>\n<p><span style=\"font-weight: 400;\">Factory Family poszukuje masa\u017cysty \/ masa\u017cystki.<\/span><\/p>\n<p><span style=\"font-weight: 400;\">Do\u0142\u0105cz do zespo\u0142u Factory Family \u2013 nowoczesnej sieci salon\u00f3w urody, w kt\u00f3rej troska o klient\u00f3w idzie w parze z komfortem i rozwojem specjalist\u00f3w. Szukamy osoby z do\u015bwiadczeniem i pasj\u0105, kt\u00f3ra chce pracowa\u0107 w miejscu, gdzie liczy si\u0119 nie tylko jako\u015b\u0107 us\u0142ug, ale i dobra atmosfera.<\/span><\/p>\n<p><b>Co oferujemy?\u00a0\u00a0\u00a0<\/b><\/p>\n<ul>\n<li><span style=\"font-weight: 400;\"> Prac\u0119 w systemie zmianowym 2\/2 w godzinach 9:00\u201320:00 \u2013 z mo\u017cliwo\u015bci\u0105 indywidualnego dostosowania grafiku<\/span><\/li>\n<li><span style=\"font-weight: 400;\"> Legalne zatrudnienie na przejrzystych warunkach<\/span><\/li>\n<li><span style=\"font-weight: 400;\"> W pe\u0142ni wyposa\u017cone stanowisko pracy<\/span><\/li>\n<li><span style=\"font-weight: 400;\"> Wysokiej jako\u015bci kosmetyki, materia\u0142y i sprz\u0119t<\/span><\/li>\n<li><span style=\"font-weight: 400;\"> Wspieraj\u0105cy i zgrany zesp\u00f3\u0142 wsp\u00f3\u0142pracownik\u00f3w<\/span><\/li>\n<\/ul>\n<p><b>Czego oczekujemy?<\/b><\/p>\n<ul>\n<li><span style=\"font-weight: 400;\"> Do\u015bwiadczenia w wykonywaniu masa\u017cy (klasyczny, relaksacyjny, limfatyczny, antycellulitowy i inne)<\/span><\/li>\n<li><span style=\"font-weight: 400;\"> Odpowiedzialno\u015bci, punktualno\u015bci i wysokiej kultury pracy<\/span><\/li>\n<li><span style=\"font-weight: 400;\"> Dba\u0142o\u015bci o higien\u0119 i komfort klient\u00f3w<\/span><\/li>\n<li><span style=\"font-weight: 400;\"> Umiej\u0119tno\u015bci pracy zespo\u0142owej i pozytywnego nastawienia<\/span><\/li>\n<li><span style=\"font-weight: 400;\"> Ch\u0119ci rozwoju i zaanga\u017cowania w \u017cycie zespo\u0142u<\/span><\/li>\n<\/ul>\n<p><span style=\"font-weight: 400;\">W <\/span>Factory Family<span style=\"font-weight: 400;\"> tworzymy \u015brodowisko oparte na zaufaniu, szacunku i wzajemnym wsparciu. Je\u017celi szukasz miejsca, w kt\u00f3rym profesjonalizm spotyka si\u0119 z ludzkim podej\u015bciem \u2013 b\u0119dzie nam mi\u0142o Ci\u0119 pozna\u0107.<\/span><\/p>\n<p><span style=\"font-weight: 400;\">Prze\u015blij swoje zg\u0142oszenie lub skontaktuj si\u0119 z nami \u2013 by\u0107 mo\u017ce to pocz\u0105tek nowego etapu w Twojej karierze.<\/span><\/p>\n\t\t\t\t\t\t\t\t<\/div>\n\t\t\t\t<\/div>\n\t\t\t\t<\/div>\n\t\t<div class=\"elementor-element elementor-element-bace88d e-con-full sticky_column e-flex e-con e-child\" data-id=\"bace88d\" data-element_type=\"container\">\n\t\t\t\t<div class=\"elementor-element elementor-element-b58e411 elementor-widget elementor-widget-mkdf_cf7\" data-id=\"b58e411\" data-element_type=\"widget\" data-widget_type=\"mkdf_cf7.default\">\n\t\t\t\t<div class=\"elementor-widget-container\">\n\t\t\t\t\t    \n<div class=\"wpcf7 no-js\" id=\"wpcf7-f7843-o1\" lang=\"pl-PL\" dir=\"ltr\" data-wpcf7-id=\"7843\">\n<div class=\"screen-reader-response\"><p role=\"status\" aria-live=\"polite\" aria-atomic=\"true\"><\/p> <ul><\/ul><\/div>\n<form action=\"\/pl\/wp-json\/wp\/v2\/pages\/7826#wpcf7-f7843-o1\" method=\"post\" class=\"wpcf7-form init default\" aria-label=\"Formularz kontaktowy\" enctype=\"multipart\/form-data\" novalidate=\"novalidate\" data-status=\"init\">\n<fieldset class=\"hidden-fields-container\"><input type=\"hidden\" name=\"_wpcf7\" value=\"7843\" \/><input type=\"hidden\" name=\"_wpcf7_version\" value=\"6.1.4\" \/><input type=\"hidden\" name=\"_wpcf7_locale\" value=\"pl_PL\" \/><input type=\"hidden\" name=\"_wpcf7_unit_tag\" value=\"wpcf7-f7843-o1\" \/><input type=\"hidden\" name=\"_wpcf7_container_post\" value=\"0\" \/><input type=\"hidden\" name=\"_wpcf7_posted_data_hash\" value=\"\" \/>\n<\/fieldset>\n<div class=\"vacancy_form_box\">\r\n    <h3>Aplikuj teraz<\/h3>\r\n    <div class=\"mkdf-grid-row mkdf-grid-small-gutter\">\r\n        <div class=\"mkdf-grid-col-6\">\r\n            <span class=\"wpcf7-form-control-wrap\" data-name=\"text-128\"><input size=\"40\" maxlength=\"400\" class=\"wpcf7-form-control wpcf7-text wpcf7-validates-as-required\" aria-required=\"true\" aria-invalid=\"false\" placeholder=\"Imi\u0119\" value=\"\" type=\"text\" name=\"text-128\" \/><\/span>\r\n        <\/div>\r\n        <div class=\"mkdf-grid-col-6\">\r\n            <span class=\"wpcf7-form-control-wrap\" data-name=\"text-800\"><input size=\"40\" maxlength=\"400\" class=\"wpcf7-form-control wpcf7-text wpcf7-validates-as-required\" aria-required=\"true\" aria-invalid=\"false\" placeholder=\"Nazwisko\" value=\"\" type=\"text\" name=\"text-800\" \/><\/span>\r\n        <\/div>\r\n        <div class=\"mkdf-grid-col-6\">\r\n            <span class=\"wpcf7-form-control-wrap\" data-name=\"email-722\"><input size=\"40\" maxlength=\"400\" class=\"wpcf7-form-control wpcf7-email wpcf7-text wpcf7-validates-as-email\" autocomplete=\"email\" aria-invalid=\"false\" placeholder=\"Email\" value=\"\" type=\"email\" name=\"email-722\" \/><\/span>\r\n        <\/div>\r\n        <div class=\"mkdf-grid-col-6\">\r\n            <span class=\"wpcf7-form-control-wrap\" data-name=\"tel-981\"><input size=\"40\" maxlength=\"14\" minlength=\"8\" class=\"wpcf7-form-control wpcf7-tel wpcf7-validates-as-required wpcf7-text wpcf7-validates-as-tel\" aria-required=\"true\" aria-invalid=\"false\" placeholder=\"Telefon\" value=\"\" type=\"tel\" name=\"tel-981\" \/><\/span>\r\n        <\/div>\r\n        <div class=\"mkdf-grid-col-12\">\r\n            <span class=\"wpcf7-form-control-wrap\" data-name=\"text-938\"><input size=\"40\" maxlength=\"400\" class=\"wpcf7-form-control wpcf7-text wpcf7-validates-as-required\" aria-required=\"true\" aria-invalid=\"false\" placeholder=\"Miasto\" value=\"\" type=\"text\" name=\"text-938\" \/><\/span>\r\n        <\/div>\r\n        <div class=\"mkdf-grid-col-12\">\r\n            <span class=\"wpcf7-form-control-wrap\" data-name=\"your-message\"><textarea cols=\"40\" rows=\"10\" maxlength=\"2000\" class=\"wpcf7-form-control wpcf7-textarea\" aria-invalid=\"false\" placeholder=\"Opowiedz nam o sobie lub podaj link do portfolio\/cv\" name=\"your-message\"><\/textarea><\/span>\r\n        <\/div>\r\n        <div class=\"mkdf-grid-col-12\">\r\n            <label class=\"custom-file-label\">\r\n                Za\u0142aduj CV\r\n                <span class=\"wpcf7-form-control-wrap\" data-name=\"resume\"><input size=\"40\" class=\"wpcf7-form-control wpcf7-file custom-file-input\" accept=\".pdf,.doc,.docx,.txt\" aria-invalid=\"false\" type=\"file\" name=\"resume\" \/><\/span>\r\n            <\/label>\r\n            <span class=\"file-name-display\">Brak wybranego pliku<\/span>\r\n        <\/div>\r\n        <div class=\"mkdf-grid-col-12\">\r\n            <input class=\"wpcf7-form-control wpcf7-submit has-spinner\" type=\"submit\" value=\"Wy\u015blij\" \/>\r\n        <\/div>\r\n    <\/div>\r\n<\/div>\r\n\r\n<script>\r\ndocument.addEventListener('DOMContentLoaded', function () {\r\n  const input = document.querySelector('.custom-file-input');\r\n  const display = document.querySelector('.file-name-display');\r\n\r\n  input.addEventListener('change', function () {\r\n    display.textContent = this.files.length ? this.files[0].name : 'Brak wybranego pliku';\r\n  });\r\n});\r\n<\/script>\r\n<div class=\"wpcf7-response-output\" aria-hidden=\"true\"><\/div>\n<\/form>\n<\/div>\n\t\t\t\t<\/div>\n\t\t\t\t<\/div>\n\t\t\t\t<\/div>\n\t\t\t\t\t<\/div>\n\t\t\t\t<\/div>\n\t\t\t\t<\/div>\n\t\t","protected":false},"excerpt":{"rendered":"<p>Factory Family szuka masa\u017cysty \/ masa\u017cystki w Warszawie Factory Family poszukuje masa\u017cysty \/ masa\u017cystki. Do\u0142\u0105cz do zespo\u0142u Factory Family \u2013 nowoczesnej sieci salon\u00f3w urody, w kt\u00f3rej troska o klient\u00f3w idzie w parze z komfortem i rozwojem specjalist\u00f3w. Szukamy osoby z [&hellip;]<\/p>\n","protected":false},"author":1,"featured_media":0,"parent":7924,"menu_order":0,"comment_status":"closed","ping_status":"closed","template":"","meta":{"footnotes":""},"class_list":["post-7826","page","type-page","status-publish","hentry"],"yoast_head":"<!-- This site is optimized with the Yoast SEO plugin v26.8 - https:\/\/yoast.com\/product\/yoast-seo-wordpress\/ -->\n<title>Masa\u017cysta \/ Masa\u017cystka w Warszawie - Factory Family<\/title>\n<meta name=\"robots\" content=\"index, follow, max-snippet:-1, max-image-preview:large, max-video-preview:-1\" \/>\n<link rel=\"canonical\" href=\"https:\/\/factoryfam.ua\/pl\/oferty-pracy\/masazysta-masazystka-w-warszawie\/\" \/>\n<meta property=\"og:locale\" content=\"pl_PL\" \/>\n<meta property=\"og:type\" content=\"article\" \/>\n<meta property=\"og:title\" content=\"Masa\u017cysta \/ Masa\u017cystka w Warszawie - Factory Family\" \/>\n<meta property=\"og:description\" content=\"Factory Family szuka masa\u017cysty \/ masa\u017cystki w Warszawie Factory Family poszukuje masa\u017cysty \/ masa\u017cystki. Do\u0142\u0105cz do zespo\u0142u Factory Family \u2013 nowoczesnej sieci salon\u00f3w urody, w kt\u00f3rej troska o klient\u00f3w idzie w parze z komfortem i rozwojem specjalist\u00f3w. Szukamy osoby z [&hellip;]\" \/>\n<meta property=\"og:url\" content=\"https:\/\/factoryfam.ua\/pl\/oferty-pracy\/masazysta-masazystka-w-warszawie\/\" \/>\n<meta property=\"og:site_name\" content=\"Factory Family\" \/>\n<meta property=\"article:modified_time\" content=\"2025-06-28T11:21:13+00:00\" \/>\n<meta name=\"twitter:card\" content=\"summary_large_image\" \/>\n<meta name=\"twitter:label1\" content=\"Szacowany czas czytania\" \/>\n\t<meta name=\"twitter:data1\" content=\"1 minuta\" \/>\n<script type=\"application\/ld+json\" class=\"yoast-schema-graph\">{\"@context\":\"https:\/\/schema.org\",\"@graph\":[{\"@type\":\"WebPage\",\"@id\":\"https:\/\/factoryfam.ua\/pl\/oferty-pracy\/masazysta-masazystka-w-warszawie\/\",\"url\":\"https:\/\/factoryfam.ua\/pl\/oferty-pracy\/masazysta-masazystka-w-warszawie\/\",\"name\":\"Masa\u017cysta \/ Masa\u017cystka w Warszawie - Factory Family\",\"isPartOf\":{\"@id\":\"https:\/\/factoryfam.ua\/pl\/#website\"},\"datePublished\":\"2025-06-28T09:50:07+00:00\",\"dateModified\":\"2025-06-28T11:21:13+00:00\",\"breadcrumb\":{\"@id\":\"https:\/\/factoryfam.ua\/pl\/oferty-pracy\/masazysta-masazystka-w-warszawie\/#breadcrumb\"},\"inLanguage\":\"pl-PL\",\"potentialAction\":[{\"@type\":\"ReadAction\",\"target\":[\"https:\/\/factoryfam.ua\/pl\/oferty-pracy\/masazysta-masazystka-w-warszawie\/\"]}]},{\"@type\":\"BreadcrumbList\",\"@id\":\"https:\/\/factoryfam.ua\/pl\/oferty-pracy\/masazysta-masazystka-w-warszawie\/#breadcrumb\",\"itemListElement\":[{\"@type\":\"ListItem\",\"position\":1,\"name\":\"\u0413\u043e\u043b\u043e\u0432\u043d\u0430\",\"item\":\"https:\/\/factoryfam.ua\/pl\/\"},{\"@type\":\"ListItem\",\"position\":2,\"name\":\"Masa\u017cysta \/ Masa\u017cystka w Warszawie\"}]},{\"@type\":\"WebSite\",\"@id\":\"https:\/\/factoryfam.ua\/pl\/#website\",\"url\":\"https:\/\/factoryfam.ua\/pl\/\",\"name\":\"Factory Family\",\"description\":\"\",\"potentialAction\":[{\"@type\":\"SearchAction\",\"target\":{\"@type\":\"EntryPoint\",\"urlTemplate\":\"https:\/\/factoryfam.ua\/pl\/?s={search_term_string}\"},\"query-input\":{\"@type\":\"PropertyValueSpecification\",\"valueRequired\":true,\"valueName\":\"search_term_string\"}}],\"inLanguage\":\"pl-PL\"}]}<\/script>\n<!-- \/ Yoast SEO plugin. -->","yoast_head_json":{"title":"Masa\u017cysta \/ Masa\u017cystka w Warszawie - Factory Family","robots":{"index":"index","follow":"follow","max-snippet":"max-snippet:-1","max-image-preview":"max-image-preview:large","max-video-preview":"max-video-preview:-1"},"canonical":"https:\/\/factoryfam.ua\/pl\/oferty-pracy\/masazysta-masazystka-w-warszawie\/","og_locale":"pl_PL","og_type":"article","og_title":"Masa\u017cysta \/ Masa\u017cystka w Warszawie - Factory Family","og_description":"Factory Family szuka masa\u017cysty \/ masa\u017cystki w Warszawie Factory Family poszukuje masa\u017cysty \/ masa\u017cystki. Do\u0142\u0105cz do zespo\u0142u Factory Family \u2013 nowoczesnej sieci salon\u00f3w urody, w kt\u00f3rej troska o klient\u00f3w idzie w parze z komfortem i rozwojem specjalist\u00f3w. Szukamy osoby z [&hellip;]","og_url":"https:\/\/factoryfam.ua\/pl\/oferty-pracy\/masazysta-masazystka-w-warszawie\/","og_site_name":"Factory Family","article_modified_time":"2025-06-28T11:21:13+00:00","twitter_card":"summary_large_image","twitter_misc":{"Szacowany czas czytania":"1 minuta"},"schema":{"@context":"https:\/\/schema.org","@graph":[{"@type":"WebPage","@id":"https:\/\/factoryfam.ua\/pl\/oferty-pracy\/masazysta-masazystka-w-warszawie\/","url":"https:\/\/factoryfam.ua\/pl\/oferty-pracy\/masazysta-masazystka-w-warszawie\/","name":"Masa\u017cysta \/ Masa\u017cystka w Warszawie - Factory Family","isPartOf":{"@id":"https:\/\/factoryfam.ua\/pl\/#website"},"datePublished":"2025-06-28T09:50:07+00:00","dateModified":"2025-06-28T11:21:13+00:00","breadcrumb":{"@id":"https:\/\/factoryfam.ua\/pl\/oferty-pracy\/masazysta-masazystka-w-warszawie\/#breadcrumb"},"inLanguage":"pl-PL","potentialAction":[{"@type":"ReadAction","target":["https:\/\/factoryfam.ua\/pl\/oferty-pracy\/masazysta-masazystka-w-warszawie\/"]}]},{"@type":"BreadcrumbList","@id":"https:\/\/factoryfam.ua\/pl\/oferty-pracy\/masazysta-masazystka-w-warszawie\/#breadcrumb","itemListElement":[{"@type":"ListItem","position":1,"name":"\u0413\u043e\u043b\u043e\u0432\u043d\u0430","item":"https:\/\/factoryfam.ua\/pl\/"},{"@type":"ListItem","position":2,"name":"Masa\u017cysta \/ Masa\u017cystka w Warszawie"}]},{"@type":"WebSite","@id":"https:\/\/factoryfam.ua\/pl\/#website","url":"https:\/\/factoryfam.ua\/pl\/","name":"Factory Family","description":"","potentialAction":[{"@type":"SearchAction","target":{"@type":"EntryPoint","urlTemplate":"https:\/\/factoryfam.ua\/pl\/?s={search_term_string}"},"query-input":{"@type":"PropertyValueSpecification","valueRequired":true,"valueName":"search_term_string"}}],"inLanguage":"pl-PL"}]}},"_links":{"self":[{"href":"https:\/\/factoryfam.ua\/pl\/wp-json\/wp\/v2\/pages\/7826","targetHints":{"allow":["GET"]}}],"collection":[{"href":"https:\/\/factoryfam.ua\/pl\/wp-json\/wp\/v2\/pages"}],"about":[{"href":"https:\/\/factoryfam.ua\/pl\/wp-json\/wp\/v2\/types\/page"}],"author":[{"embeddable":true,"href":"https:\/\/factoryfam.ua\/pl\/wp-json\/wp\/v2\/users\/1"}],"replies":[{"embeddable":true,"href":"https:\/\/factoryfam.ua\/pl\/wp-json\/wp\/v2\/comments?post=7826"}],"version-history":[{"count":0,"href":"https:\/\/factoryfam.ua\/pl\/wp-json\/wp\/v2\/pages\/7826\/revisions"}],"up":[{"embeddable":true,"href":"https:\/\/factoryfam.ua\/pl\/wp-json\/wp\/v2\/pages\/7924"}],"wp:attachment":[{"href":"https:\/\/factoryfam.ua\/pl\/wp-json\/wp\/v2\/media?parent=7826"}],"curies":[{"name":"wp","href":"https:\/\/api.w.org\/{rel}","templated":true}]}}