{"id":7942,"date":"2025-06-23T18:28:32","date_gmt":"2025-06-23T15:28:32","guid":{"rendered":"https:\/\/factoryfam.ua\/dostawa-i-platnosc\/"},"modified":"2025-06-28T15:39:49","modified_gmt":"2025-06-28T12:39:49","slug":"dostawa-i-platnosc","status":"publish","type":"page","link":"https:\/\/factoryfam.ua\/pl\/dostawa-i-platnosc\/","title":{"rendered":"Dostawa i P\u0142atno\u015b\u0107"},"content":{"rendered":"\t\t<div data-elementor-type=\"wp-page\" data-elementor-id=\"7942\" class=\"elementor elementor-7942 elementor-7384\" data-elementor-post-type=\"page\">\n\t\t\t\t<div class=\"elementor-element elementor-element-cc7d113 e-flex e-con-boxed e-con e-parent\" data-id=\"cc7d113\" data-element_type=\"container\">\n\t\t\t\t\t<div class=\"e-con-inner\">\n\t\t<div class=\"elementor-element elementor-element-6061c04 e-con-full e-flex e-con e-child\" data-id=\"6061c04\" data-element_type=\"container\">\n\t\t\t\t<div class=\"elementor-element elementor-element-334451e justify elementor-widget elementor-widget-text-editor\" data-id=\"334451e\" data-element_type=\"widget\" data-widget_type=\"text-editor.default\">\n\t\t\t\t<div class=\"elementor-widget-container\">\n\t\t\t\t\t\t\t\t\t<section>\nDbamy o Tw\u00f3j komfort na ka\u017cdym etapie zam\u00f3wienia \u2014 od pierwszego telefonu a\u017c po moment, gdy produkt trafia w Twoje r\u0119ce.<\/p>\n<div class=\"payment-section\">\n<h3>P\u0142atno\u015b\u0107 \u2014 tylko po potwierdzeniu<\/h3>\n<p>Najpierw \u2014 rozmowa. Skontaktujemy si\u0119 z Tob\u0105, potwierdzimy zam\u00f3wienie, om\u00f3wimy szczeg\u00f3\u0142y \u2014 i dopiero potem zap\u0142acisz w dogodny spos\u00f3b. \u017badnych przedp\u0142at bez kontaktu \ud83d\udc9b<\/p>\n<h3>P\u0142atno\u015b\u0107 przy odbiorze<\/h3>\n<p>Wygoda to dla nas priorytet. Mo\u017cesz zap\u0142aci\u0107 przy odbiorze \u2014 got\u00f3wk\u0105 lub kart\u0105.\n<\/p><\/div>\n<hr \/>\n<div class=\"delivery-section\">\n<h3>Opcje dostawy<\/h3>\n<p>\ud83d\ude9a <strong>Nova Poshta<\/strong> \u2014 szybka dostawa na terenie ca\u0142ej Ukrainy.<br \/>\n\ud83c\udfec <strong>Odbi\u00f3r osobisty z salonu<\/strong> \u2014 odwied\u017a nas i odbierz osobi\u015bcie.\n<\/div>\n<hr \/>\n<div class=\"contacts-section\">\n<h3>Kontakt<\/h3>\n<p>\ud83d\udccd <strong>Lw\u00f3w:<\/strong> +38 (068) 029 29 09<br \/>\n\ud83d\udccd <strong>Warszawa:<\/strong> +48 797 766 000<br \/>\n\ud83d\udccd <strong>Iwano-Frankiwsk:<\/strong> +38 (067) 111 41 14\n<\/div>\n<hr \/>\n<div class=\"hours-section\">\n<h3>Pracujemy codziennie<\/h3>\n<p>Pon\u2013Nd: 09:00 \u2013 20:00\n<\/p><\/div>\n<\/section>\n\t\t\t\t\t\t\t\t<\/div>\n\t\t\t\t<\/div>\n\t\t\t\t<\/div>\n\t\t<div class=\"elementor-element elementor-element-88311ec e-con-full e-flex e-con e-child\" data-id=\"88311ec\" data-element_type=\"container\">\n\t\t\t\t<div class=\"elementor-element elementor-element-1eeedfb elementor-widget elementor-widget-mkdf_cf7\" data-id=\"1eeedfb\" data-element_type=\"widget\" data-widget_type=\"mkdf_cf7.default\">\n\t\t\t\t<div class=\"elementor-widget-container\">\n\t\t\t\t\t    \n<div class=\"wpcf7 no-js\" id=\"wpcf7-f7364-o1\" lang=\"pl-PL\" dir=\"ltr\" data-wpcf7-id=\"7364\">\n<div class=\"screen-reader-response\"><p role=\"status\" aria-live=\"polite\" aria-atomic=\"true\"><\/p> <ul><\/ul><\/div>\n<form action=\"\/pl\/wp-json\/wp\/v2\/pages\/7942#wpcf7-f7364-o1\" method=\"post\" class=\"wpcf7-form init default\" aria-label=\"Formularz kontaktowy\" novalidate=\"novalidate\" data-status=\"init\">\n<fieldset class=\"hidden-fields-container\"><input type=\"hidden\" name=\"_wpcf7\" value=\"7364\" \/><input type=\"hidden\" name=\"_wpcf7_version\" value=\"6.1.4\" \/><input type=\"hidden\" name=\"_wpcf7_locale\" value=\"pl_PL\" \/><input type=\"hidden\" name=\"_wpcf7_unit_tag\" value=\"wpcf7-f7364-o1\" \/><input type=\"hidden\" name=\"_wpcf7_container_post\" value=\"0\" \/><input type=\"hidden\" name=\"_wpcf7_posted_data_hash\" value=\"\" \/>\n<\/fieldset>\n<div class=\"vacancy_form_box\">\r\n    <h3>Masz pytania lub pomys\u0142y? Napisz do nas<\/h3>\r\n    <div class=\"mkdf-grid-row mkdf-grid-small-gutter\">\r\n        <div class=\"mkdf-grid-col-6\">\r\n            <span class=\"wpcf7-form-control-wrap\" data-name=\"text-128\"><input size=\"40\" maxlength=\"400\" class=\"wpcf7-form-control wpcf7-text wpcf7-validates-as-required\" aria-required=\"true\" aria-invalid=\"false\" placeholder=\"Imi\u0119*\" value=\"\" type=\"text\" name=\"text-128\" \/><\/span>\r\n        <\/div>\r\n        <div class=\"mkdf-grid-col-6\">\r\n            <span class=\"wpcf7-form-control-wrap\" data-name=\"text-800\"><input size=\"40\" maxlength=\"400\" class=\"wpcf7-form-control wpcf7-text\" aria-invalid=\"false\" placeholder=\"Nazwisko\" value=\"\" type=\"text\" name=\"text-800\" \/><\/span>\r\n        <\/div>\r\n        <div class=\"mkdf-grid-col-6\">\r\n            <span class=\"wpcf7-form-control-wrap\" data-name=\"email-722\"><input size=\"40\" maxlength=\"400\" class=\"wpcf7-form-control wpcf7-email wpcf7-text wpcf7-validates-as-email\" autocomplete=\"email\" aria-invalid=\"false\" placeholder=\"Email\" value=\"\" type=\"email\" name=\"email-722\" \/><\/span>\r\n        <\/div>\r\n        <div class=\"mkdf-grid-col-6\">\r\n            <span class=\"wpcf7-form-control-wrap\" data-name=\"tel-981\"><input size=\"40\" maxlength=\"14\" minlength=\"8\" class=\"wpcf7-form-control wpcf7-tel wpcf7-validates-as-required wpcf7-text wpcf7-validates-as-tel\" aria-required=\"true\" aria-invalid=\"false\" placeholder=\"Telefon*\" value=\"\" type=\"tel\" name=\"tel-981\" \/><\/span>\r\n        <\/div>\r\n        <div class=\"mkdf-grid-col-12\">\r\n            <span class=\"wpcf7-form-control-wrap\" data-name=\"text-938\"><input size=\"40\" maxlength=\"400\" class=\"wpcf7-form-control wpcf7-text\" aria-invalid=\"false\" placeholder=\"Miasto\" value=\"\" type=\"text\" name=\"text-938\" \/><\/span>\r\n        <\/div>\r\n        <div class=\"mkdf-grid-col-12\">\r\n            <span class=\"wpcf7-form-control-wrap\" data-name=\"your-message\"><textarea cols=\"40\" rows=\"10\" maxlength=\"2000\" class=\"wpcf7-form-control wpcf7-textarea\" aria-invalid=\"false\" placeholder=\"Wiadomo\u015b\u0107\" name=\"your-message\"><\/textarea><\/span>\r\n        <\/div>\r\n        <div class=\"mkdf-grid-col-12\">\r\n            <input class=\"wpcf7-form-control wpcf7-submit has-spinner\" type=\"submit\" value=\"Wy\u015blij\" \/>\r\n        <\/div>\r\n    <\/div>\r\n<\/div><div class=\"wpcf7-response-output\" aria-hidden=\"true\"><\/div>\n<\/form>\n<\/div>\n\t\t\t\t<\/div>\n\t\t\t\t<\/div>\n\t\t\t\t<\/div>\n\t\t\t\t\t<\/div>\n\t\t\t\t<\/div>\n\t\t\t\t<\/div>\n\t\t","protected":false},"excerpt":{"rendered":"<p>Dbamy o Tw\u00f3j komfort na ka\u017cdym etapie zam\u00f3wienia \u2014 od pierwszego telefonu a\u017c po moment, gdy produkt trafia w Twoje r\u0119ce. P\u0142atno\u015b\u0107 \u2014 tylko po potwierdzeniu Najpierw \u2014 rozmowa. Skontaktujemy si\u0119 z Tob\u0105, potwierdzimy zam\u00f3wienie, om\u00f3wimy szczeg\u00f3\u0142y \u2014 i dopiero [&hellip;]<\/p>\n","protected":false},"author":1,"featured_media":0,"parent":0,"menu_order":0,"comment_status":"closed","ping_status":"closed","template":"","meta":{"footnotes":""},"class_list":["post-7942","page","type-page","status-publish","hentry"],"yoast_head":"<!-- This site is optimized with the Yoast SEO plugin v26.8 - https:\/\/yoast.com\/product\/yoast-seo-wordpress\/ -->\n<title>Dostawa i P\u0142atno\u015b\u0107 - Factory Family<\/title>\n<meta name=\"robots\" content=\"index, follow, max-snippet:-1, max-image-preview:large, max-video-preview:-1\" \/>\n<link rel=\"canonical\" href=\"https:\/\/factoryfam.ua\/pl\/dostawa-i-platnosc\/\" \/>\n<meta property=\"og:locale\" content=\"pl_PL\" \/>\n<meta property=\"og:type\" content=\"article\" \/>\n<meta property=\"og:title\" content=\"Dostawa i P\u0142atno\u015b\u0107 - Factory Family\" \/>\n<meta property=\"og:description\" content=\"Dbamy o Tw\u00f3j komfort na ka\u017cdym etapie zam\u00f3wienia \u2014 od pierwszego telefonu a\u017c po moment, gdy produkt trafia w Twoje r\u0119ce. P\u0142atno\u015b\u0107 \u2014 tylko po potwierdzeniu Najpierw \u2014 rozmowa. Skontaktujemy si\u0119 z Tob\u0105, potwierdzimy zam\u00f3wienie, om\u00f3wimy szczeg\u00f3\u0142y \u2014 i dopiero [&hellip;]\" \/>\n<meta property=\"og:url\" content=\"https:\/\/factoryfam.ua\/pl\/dostawa-i-platnosc\/\" \/>\n<meta property=\"og:site_name\" content=\"Factory Family\" \/>\n<meta property=\"article:modified_time\" content=\"2025-06-28T12:39:49+00:00\" \/>\n<meta name=\"twitter:card\" content=\"summary_large_image\" \/>\n<meta name=\"twitter:label1\" content=\"Szacowany czas czytania\" \/>\n\t<meta name=\"twitter:data1\" content=\"1 minuta\" \/>\n<script type=\"application\/ld+json\" class=\"yoast-schema-graph\">{\"@context\":\"https:\/\/schema.org\",\"@graph\":[{\"@type\":\"WebPage\",\"@id\":\"https:\/\/factoryfam.ua\/pl\/dostawa-i-platnosc\/\",\"url\":\"https:\/\/factoryfam.ua\/pl\/dostawa-i-platnosc\/\",\"name\":\"Dostawa i P\u0142atno\u015b\u0107 - Factory Family\",\"isPartOf\":{\"@id\":\"https:\/\/factoryfam.ua\/pl\/#website\"},\"datePublished\":\"2025-06-23T15:28:32+00:00\",\"dateModified\":\"2025-06-28T12:39:49+00:00\",\"breadcrumb\":{\"@id\":\"https:\/\/factoryfam.ua\/pl\/dostawa-i-platnosc\/#breadcrumb\"},\"inLanguage\":\"pl-PL\",\"potentialAction\":[{\"@type\":\"ReadAction\",\"target\":[\"https:\/\/factoryfam.ua\/pl\/dostawa-i-platnosc\/\"]}]},{\"@type\":\"BreadcrumbList\",\"@id\":\"https:\/\/factoryfam.ua\/pl\/dostawa-i-platnosc\/#breadcrumb\",\"itemListElement\":[{\"@type\":\"ListItem\",\"position\":1,\"name\":\"\u0413\u043e\u043b\u043e\u0432\u043d\u0430\",\"item\":\"https:\/\/factoryfam.ua\/pl\/\"},{\"@type\":\"ListItem\",\"position\":2,\"name\":\"Dostawa i P\u0142atno\u015b\u0107\"}]},{\"@type\":\"WebSite\",\"@id\":\"https:\/\/factoryfam.ua\/pl\/#website\",\"url\":\"https:\/\/factoryfam.ua\/pl\/\",\"name\":\"Factory Family\",\"description\":\"\",\"potentialAction\":[{\"@type\":\"SearchAction\",\"target\":{\"@type\":\"EntryPoint\",\"urlTemplate\":\"https:\/\/factoryfam.ua\/pl\/?s={search_term_string}\"},\"query-input\":{\"@type\":\"PropertyValueSpecification\",\"valueRequired\":true,\"valueName\":\"search_term_string\"}}],\"inLanguage\":\"pl-PL\"}]}<\/script>\n<!-- \/ Yoast SEO plugin. -->","yoast_head_json":{"title":"Dostawa i P\u0142atno\u015b\u0107 - Factory Family","robots":{"index":"index","follow":"follow","max-snippet":"max-snippet:-1","max-image-preview":"max-image-preview:large","max-video-preview":"max-video-preview:-1"},"canonical":"https:\/\/factoryfam.ua\/pl\/dostawa-i-platnosc\/","og_locale":"pl_PL","og_type":"article","og_title":"Dostawa i P\u0142atno\u015b\u0107 - Factory Family","og_description":"Dbamy o Tw\u00f3j komfort na ka\u017cdym etapie zam\u00f3wienia \u2014 od pierwszego telefonu a\u017c po moment, gdy produkt trafia w Twoje r\u0119ce. P\u0142atno\u015b\u0107 \u2014 tylko po potwierdzeniu Najpierw \u2014 rozmowa. Skontaktujemy si\u0119 z Tob\u0105, potwierdzimy zam\u00f3wienie, om\u00f3wimy szczeg\u00f3\u0142y \u2014 i dopiero [&hellip;]","og_url":"https:\/\/factoryfam.ua\/pl\/dostawa-i-platnosc\/","og_site_name":"Factory Family","article_modified_time":"2025-06-28T12:39:49+00:00","twitter_card":"summary_large_image","twitter_misc":{"Szacowany czas czytania":"1 minuta"},"schema":{"@context":"https:\/\/schema.org","@graph":[{"@type":"WebPage","@id":"https:\/\/factoryfam.ua\/pl\/dostawa-i-platnosc\/","url":"https:\/\/factoryfam.ua\/pl\/dostawa-i-platnosc\/","name":"Dostawa i P\u0142atno\u015b\u0107 - Factory Family","isPartOf":{"@id":"https:\/\/factoryfam.ua\/pl\/#website"},"datePublished":"2025-06-23T15:28:32+00:00","dateModified":"2025-06-28T12:39:49+00:00","breadcrumb":{"@id":"https:\/\/factoryfam.ua\/pl\/dostawa-i-platnosc\/#breadcrumb"},"inLanguage":"pl-PL","potentialAction":[{"@type":"ReadAction","target":["https:\/\/factoryfam.ua\/pl\/dostawa-i-platnosc\/"]}]},{"@type":"BreadcrumbList","@id":"https:\/\/factoryfam.ua\/pl\/dostawa-i-platnosc\/#breadcrumb","itemListElement":[{"@type":"ListItem","position":1,"name":"\u0413\u043e\u043b\u043e\u0432\u043d\u0430","item":"https:\/\/factoryfam.ua\/pl\/"},{"@type":"ListItem","position":2,"name":"Dostawa i P\u0142atno\u015b\u0107"}]},{"@type":"WebSite","@id":"https:\/\/factoryfam.ua\/pl\/#website","url":"https:\/\/factoryfam.ua\/pl\/","name":"Factory Family","description":"","potentialAction":[{"@type":"SearchAction","target":{"@type":"EntryPoint","urlTemplate":"https:\/\/factoryfam.ua\/pl\/?s={search_term_string}"},"query-input":{"@type":"PropertyValueSpecification","valueRequired":true,"valueName":"search_term_string"}}],"inLanguage":"pl-PL"}]}},"_links":{"self":[{"href":"https:\/\/factoryfam.ua\/pl\/wp-json\/wp\/v2\/pages\/7942","targetHints":{"allow":["GET"]}}],"collection":[{"href":"https:\/\/factoryfam.ua\/pl\/wp-json\/wp\/v2\/pages"}],"about":[{"href":"https:\/\/factoryfam.ua\/pl\/wp-json\/wp\/v2\/types\/page"}],"author":[{"embeddable":true,"href":"https:\/\/factoryfam.ua\/pl\/wp-json\/wp\/v2\/users\/1"}],"replies":[{"embeddable":true,"href":"https:\/\/factoryfam.ua\/pl\/wp-json\/wp\/v2\/comments?post=7942"}],"version-history":[{"count":0,"href":"https:\/\/factoryfam.ua\/pl\/wp-json\/wp\/v2\/pages\/7942\/revisions"}],"wp:attachment":[{"href":"https:\/\/factoryfam.ua\/pl\/wp-json\/wp\/v2\/media?parent=7942"}],"curies":[{"name":"wp","href":"https:\/\/api.w.org\/{rel}","templated":true}]}}