{"id":8415,"date":"2025-05-20T19:43:32","date_gmt":"2025-05-20T16:43:32","guid":{"rendered":"https:\/\/factoryfam.ua\/product\/bon-podarunkowy\/"},"modified":"2025-07-03T19:59:45","modified_gmt":"2025-07-03T16:59:45","slug":"bon-podarunkowy","status":"publish","type":"product","link":"https:\/\/factoryfam.ua\/pl\/product\/bon-podarunkowy\/","title":{"rendered":"Bon Podarunkowy"},"content":{"rendered":"","protected":false},"excerpt":{"rendered":"<p>Z bonu mo\u017cesz korzysta\u0107 podczas kilku wizyt lub zakup\u00f3w.<br \/>\nJe\u015bli warto\u015b\u0107 us\u0142ugi przekroczy kwot\u0119 bonu lub jego pozosta\u0142e saldo \u2014 r\u00f3\u017cnic\u0119 b\u0119dzie mo\u017cna dop\u0142aci\u0107 \ud83d\ude0a<\/p>\n<p><strong>Wa\u017cno\u015b\u0107:<\/strong> 3 miesi\u0105ce<\/p>\n","protected":false},"featured_media":8401,"comment_status":"open","ping_status":"closed","template":"","meta":[],"product_brand":[],"product_cat":[96],"product_tag":[],"class_list":{"0":"post-8415","1":"product","2":"type-product","3":"status-publish","4":"has-post-thumbnail","6":"product_cat-certyfikaty","8":"first","9":"instock","10":"shipping-taxable","11":"purchasable","12":"product-type-variable"},"yoast_head":"<!-- This site is optimized with the Yoast SEO plugin v26.8 - https:\/\/yoast.com\/product\/yoast-seo-wordpress\/ -->\n<title>Bon Podarunkowy - Factory Family<\/title>\n<meta name=\"robots\" content=\"index, follow, max-snippet:-1, max-image-preview:large, max-video-preview:-1\" \/>\n<link rel=\"canonical\" href=\"https:\/\/factoryfam.ua\/pl\/product\/bon-podarunkowy\/\" \/>\n<meta property=\"og:locale\" content=\"pl_PL\" \/>\n<meta property=\"og:type\" content=\"article\" \/>\n<meta property=\"og:title\" content=\"Bon Podarunkowy - Factory Family\" \/>\n<meta property=\"og:description\" content=\"Z bonu mo\u017cesz korzysta\u0107 podczas kilku wizyt lub zakup\u00f3w. Je\u015bli warto\u015b\u0107 us\u0142ugi przekroczy kwot\u0119 bonu lub jego pozosta\u0142e saldo \u2014 r\u00f3\u017cnic\u0119 b\u0119dzie mo\u017cna dop\u0142aci\u0107 \ud83d\ude0a  Wa\u017cno\u015b\u0107: 3 miesi\u0105ce\" \/>\n<meta property=\"og:url\" content=\"https:\/\/factoryfam.ua\/pl\/product\/bon-podarunkowy\/\" \/>\n<meta property=\"og:site_name\" content=\"Factory Family\" \/>\n<meta property=\"article:modified_time\" content=\"2025-07-03T16:59:45+00:00\" \/>\n<meta property=\"og:image\" content=\"https:\/\/factoryfam.ua\/wp-content\/uploads\/2025\/05\/certificate.jpg\" \/>\n\t<meta property=\"og:image:width\" content=\"644\" \/>\n\t<meta property=\"og:image:height\" content=\"644\" \/>\n\t<meta property=\"og:image:type\" content=\"image\/jpeg\" \/>\n<meta name=\"twitter:card\" content=\"summary_large_image\" \/>\n<script type=\"application\/ld+json\" class=\"yoast-schema-graph\">{\"@context\":\"https:\/\/schema.org\",\"@graph\":[{\"@type\":\"WebPage\",\"@id\":\"https:\/\/factoryfam.ua\/pl\/product\/bon-podarunkowy\/\",\"url\":\"https:\/\/factoryfam.ua\/pl\/product\/bon-podarunkowy\/\",\"name\":\"Bon Podarunkowy - Factory Family\",\"isPartOf\":{\"@id\":\"https:\/\/factoryfam.ua\/pl\/#website\"},\"primaryImageOfPage\":{\"@id\":\"https:\/\/factoryfam.ua\/pl\/product\/bon-podarunkowy\/#primaryimage\"},\"image\":{\"@id\":\"https:\/\/factoryfam.ua\/pl\/product\/bon-podarunkowy\/#primaryimage\"},\"thumbnailUrl\":\"https:\/\/factoryfam.ua\/wp-content\/uploads\/2025\/05\/certificate.jpg\",\"datePublished\":\"2025-05-20T16:43:32+00:00\",\"dateModified\":\"2025-07-03T16:59:45+00:00\",\"breadcrumb\":{\"@id\":\"https:\/\/factoryfam.ua\/pl\/product\/bon-podarunkowy\/#breadcrumb\"},\"inLanguage\":\"pl-PL\",\"potentialAction\":[{\"@type\":\"ReadAction\",\"target\":[\"https:\/\/factoryfam.ua\/pl\/product\/bon-podarunkowy\/\"]}]},{\"@type\":\"ImageObject\",\"inLanguage\":\"pl-PL\",\"@id\":\"https:\/\/factoryfam.ua\/pl\/product\/bon-podarunkowy\/#primaryimage\",\"url\":\"https:\/\/factoryfam.ua\/wp-content\/uploads\/2025\/05\/certificate.jpg\",\"contentUrl\":\"https:\/\/factoryfam.ua\/wp-content\/uploads\/2025\/05\/certificate.jpg\",\"width\":644,\"height\":644},{\"@type\":\"BreadcrumbList\",\"@id\":\"https:\/\/factoryfam.ua\/pl\/product\/bon-podarunkowy\/#breadcrumb\",\"itemListElement\":[{\"@type\":\"ListItem\",\"position\":1,\"name\":\"\u0413\u043e\u043b\u043e\u0432\u043d\u0430\",\"item\":\"https:\/\/factoryfam.ua\/pl\/\"},{\"@type\":\"ListItem\",\"position\":2,\"name\":\"Sklep\",\"item\":\"https:\/\/factoryfam.ua\/shop\/\"},{\"@type\":\"ListItem\",\"position\":3,\"name\":\"Bon Podarunkowy\"}]},{\"@type\":\"WebSite\",\"@id\":\"https:\/\/factoryfam.ua\/pl\/#website\",\"url\":\"https:\/\/factoryfam.ua\/pl\/\",\"name\":\"Factory Family\",\"description\":\"\",\"potentialAction\":[{\"@type\":\"SearchAction\",\"target\":{\"@type\":\"EntryPoint\",\"urlTemplate\":\"https:\/\/factoryfam.ua\/pl\/?s={search_term_string}\"},\"query-input\":{\"@type\":\"PropertyValueSpecification\",\"valueRequired\":true,\"valueName\":\"search_term_string\"}}],\"inLanguage\":\"pl-PL\"}]}<\/script>\n<!-- \/ Yoast SEO plugin. -->","yoast_head_json":{"title":"Bon Podarunkowy - Factory Family","robots":{"index":"index","follow":"follow","max-snippet":"max-snippet:-1","max-image-preview":"max-image-preview:large","max-video-preview":"max-video-preview:-1"},"canonical":"https:\/\/factoryfam.ua\/pl\/product\/bon-podarunkowy\/","og_locale":"pl_PL","og_type":"article","og_title":"Bon Podarunkowy - Factory Family","og_description":"Z bonu mo\u017cesz korzysta\u0107 podczas kilku wizyt lub zakup\u00f3w. Je\u015bli warto\u015b\u0107 us\u0142ugi przekroczy kwot\u0119 bonu lub jego pozosta\u0142e saldo \u2014 r\u00f3\u017cnic\u0119 b\u0119dzie mo\u017cna dop\u0142aci\u0107 \ud83d\ude0a  Wa\u017cno\u015b\u0107: 3 miesi\u0105ce","og_url":"https:\/\/factoryfam.ua\/pl\/product\/bon-podarunkowy\/","og_site_name":"Factory Family","article_modified_time":"2025-07-03T16:59:45+00:00","og_image":[{"width":644,"height":644,"url":"https:\/\/factoryfam.ua\/wp-content\/uploads\/2025\/05\/certificate.jpg","type":"image\/jpeg"}],"twitter_card":"summary_large_image","schema":{"@context":"https:\/\/schema.org","@graph":[{"@type":"WebPage","@id":"https:\/\/factoryfam.ua\/pl\/product\/bon-podarunkowy\/","url":"https:\/\/factoryfam.ua\/pl\/product\/bon-podarunkowy\/","name":"Bon Podarunkowy - Factory Family","isPartOf":{"@id":"https:\/\/factoryfam.ua\/pl\/#website"},"primaryImageOfPage":{"@id":"https:\/\/factoryfam.ua\/pl\/product\/bon-podarunkowy\/#primaryimage"},"image":{"@id":"https:\/\/factoryfam.ua\/pl\/product\/bon-podarunkowy\/#primaryimage"},"thumbnailUrl":"https:\/\/factoryfam.ua\/wp-content\/uploads\/2025\/05\/certificate.jpg","datePublished":"2025-05-20T16:43:32+00:00","dateModified":"2025-07-03T16:59:45+00:00","breadcrumb":{"@id":"https:\/\/factoryfam.ua\/pl\/product\/bon-podarunkowy\/#breadcrumb"},"inLanguage":"pl-PL","potentialAction":[{"@type":"ReadAction","target":["https:\/\/factoryfam.ua\/pl\/product\/bon-podarunkowy\/"]}]},{"@type":"ImageObject","inLanguage":"pl-PL","@id":"https:\/\/factoryfam.ua\/pl\/product\/bon-podarunkowy\/#primaryimage","url":"https:\/\/factoryfam.ua\/wp-content\/uploads\/2025\/05\/certificate.jpg","contentUrl":"https:\/\/factoryfam.ua\/wp-content\/uploads\/2025\/05\/certificate.jpg","width":644,"height":644},{"@type":"BreadcrumbList","@id":"https:\/\/factoryfam.ua\/pl\/product\/bon-podarunkowy\/#breadcrumb","itemListElement":[{"@type":"ListItem","position":1,"name":"\u0413\u043e\u043b\u043e\u0432\u043d\u0430","item":"https:\/\/factoryfam.ua\/pl\/"},{"@type":"ListItem","position":2,"name":"Sklep","item":"https:\/\/factoryfam.ua\/shop\/"},{"@type":"ListItem","position":3,"name":"Bon Podarunkowy"}]},{"@type":"WebSite","@id":"https:\/\/factoryfam.ua\/pl\/#website","url":"https:\/\/factoryfam.ua\/pl\/","name":"Factory Family","description":"","potentialAction":[{"@type":"SearchAction","target":{"@type":"EntryPoint","urlTemplate":"https:\/\/factoryfam.ua\/pl\/?s={search_term_string}"},"query-input":{"@type":"PropertyValueSpecification","valueRequired":true,"valueName":"search_term_string"}}],"inLanguage":"pl-PL"}]}},"_links":{"self":[{"href":"https:\/\/factoryfam.ua\/pl\/wp-json\/wp\/v2\/product\/8415","targetHints":{"allow":["GET"]}}],"collection":[{"href":"https:\/\/factoryfam.ua\/pl\/wp-json\/wp\/v2\/product"}],"about":[{"href":"https:\/\/factoryfam.ua\/pl\/wp-json\/wp\/v2\/types\/product"}],"replies":[{"embeddable":true,"href":"https:\/\/factoryfam.ua\/pl\/wp-json\/wp\/v2\/comments?post=8415"}],"wp:featuredmedia":[{"embeddable":true,"href":"https:\/\/factoryfam.ua\/pl\/wp-json\/wp\/v2\/media\/8401"}],"wp:attachment":[{"href":"https:\/\/factoryfam.ua\/pl\/wp-json\/wp\/v2\/media?parent=8415"}],"wp:term":[{"taxonomy":"product_brand","embeddable":true,"href":"https:\/\/factoryfam.ua\/pl\/wp-json\/wp\/v2\/product_brand?post=8415"},{"taxonomy":"product_cat","embeddable":true,"href":"https:\/\/factoryfam.ua\/pl\/wp-json\/wp\/v2\/product_cat?post=8415"},{"taxonomy":"product_tag","embeddable":true,"href":"https:\/\/factoryfam.ua\/pl\/wp-json\/wp\/v2\/product_tag?post=8415"}],"curies":[{"name":"wp","href":"https:\/\/api.w.org\/{rel}","templated":true}]}}