{"id":9050,"date":"2025-07-03T15:42:23","date_gmt":"2025-07-03T12:42:23","guid":{"rendered":"https:\/\/factoryfam.ua\/product\/przezroczysty-zel-do-brwi-clear-brow-gel-hedonic\/"},"modified":"2025-07-03T15:42:23","modified_gmt":"2025-07-03T12:42:23","slug":"przezroczysty-zel-do-brwi-clear-brow-gel-hedonic","status":"publish","type":"product","link":"https:\/\/factoryfam.ua\/pl\/product\/przezroczysty-zel-do-brwi-clear-brow-gel-hedonic\/","title":{"rendered":"Przezroczysty \u017cel do brwi Clear Brow Gel, Hedonic"},"content":{"rendered":"<p data-start=\"1040\" data-end=\"1484\">Utrwala brwi na 24 godziny, nie skleja ich. Dzi\u0119ki niezwyk\u0142ej puszystej szczoteczce nak\u0142ada si\u0119 tylko na w\u0142oski, nie rozprowadzaj\u0105c si\u0119 na sk\u00f3rze. Nie kruszy si\u0119, przy nak\u0142adaniu warstw nie pozostawia bia\u0142ego osadu. Mo\u017cna uzyska\u0107 efekt laminowania, przeczesuj\u0105c brwi do g\u00f3ry, dzi\u0119ki czemu wygl\u0105daj\u0105 na dwa razy szersze i wy\u017csze. Nie wysusza w\u0142osk\u00f3w, poniewa\u017c nie zawiera zb\u0119dnych i szkodliwych sk\u0142adnik\u00f3w. Zawiera olej arganowy dla piel\u0119gnacji.<\/p>\n<p data-start=\"1486\" data-end=\"1744\"><strong data-start=\"1486\" data-end=\"1496\">Sk\u0142ad:<\/strong> Aqua, PVP, Alcohol denat, Chamomilla Recutita (ekstrakt z kwiatu rumianku), Arctium Lappa (ekstrakt z korzenia \u0142opianu), Gliceryna, Olej z nasion arganii, Sodium Polyacryloyldimethyl Taurate, Kwas dehydrooctowy, Alkohol benzylowy, Kwas benzoesowy.<\/p>\n<p data-start=\"1746\" data-end=\"1869\"><strong data-start=\"1746\" data-end=\"1764\">Spos\u00f3b u\u017cycia:<\/strong> Dla rzadkich i mi\u0119kkich brwi wystarczy jednokrotne na\u0142o\u017cenie produktu \u2014 w\u0142oski si\u0119 u\u0142o\u017c\u0105, ale nie sklei.<\/p>\n","protected":false},"excerpt":{"rendered":"<p><strong>Hedonic Clear Brow Gel<\/strong> \u2013 \u017cel do brwi o bardzo mocnym utrwaleniu.<\/p>\n","protected":false},"featured_media":8761,"comment_status":"open","ping_status":"closed","template":"","meta":[],"product_brand":[126],"product_cat":[144],"product_tag":[],"class_list":{"0":"post-9050","1":"product","2":"type-product","3":"status-publish","4":"has-post-thumbnail","6":"product_brand-hedonic","7":"product_cat-makijaz","9":"first","10":"instock","11":"shipping-taxable","12":"purchasable","13":"product-type-simple"},"yoast_head":"<!-- This site is optimized with the Yoast SEO plugin v26.8 - https:\/\/yoast.com\/product\/yoast-seo-wordpress\/ -->\n<title>Przezroczysty \u017cel do brwi Clear Brow Gel, Hedonic - Factory Family<\/title>\n<meta name=\"robots\" content=\"index, follow, max-snippet:-1, max-image-preview:large, max-video-preview:-1\" \/>\n<link rel=\"canonical\" href=\"https:\/\/factoryfam.ua\/pl\/product\/przezroczysty-zel-do-brwi-clear-brow-gel-hedonic\/\" \/>\n<meta property=\"og:locale\" content=\"pl_PL\" \/>\n<meta property=\"og:type\" content=\"article\" \/>\n<meta property=\"og:title\" content=\"Przezroczysty \u017cel do brwi Clear Brow Gel, Hedonic - Factory Family\" \/>\n<meta property=\"og:description\" content=\"Hedonic Clear Brow Gel \u2013 \u017cel do brwi o bardzo mocnym utrwaleniu.\" \/>\n<meta property=\"og:url\" content=\"https:\/\/factoryfam.ua\/pl\/product\/przezroczysty-zel-do-brwi-clear-brow-gel-hedonic\/\" \/>\n<meta property=\"og:site_name\" content=\"Factory Family\" \/>\n<meta property=\"og:image\" content=\"https:\/\/factoryfam.ua\/wp-content\/uploads\/2025\/07\/53_5c7928fc-b59b-42d4-a4a1-9c058a84290a.jpg\" \/>\n\t<meta property=\"og:image:width\" content=\"1080\" \/>\n\t<meta property=\"og:image:height\" content=\"1080\" \/>\n\t<meta property=\"og:image:type\" content=\"image\/jpeg\" \/>\n<meta name=\"twitter:card\" content=\"summary_large_image\" \/>\n<meta name=\"twitter:label1\" content=\"Szacowany czas czytania\" \/>\n\t<meta name=\"twitter:data1\" content=\"1 minuta\" \/>\n<script type=\"application\/ld+json\" class=\"yoast-schema-graph\">{\"@context\":\"https:\/\/schema.org\",\"@graph\":[{\"@type\":\"WebPage\",\"@id\":\"https:\/\/factoryfam.ua\/pl\/product\/przezroczysty-zel-do-brwi-clear-brow-gel-hedonic\/\",\"url\":\"https:\/\/factoryfam.ua\/pl\/product\/przezroczysty-zel-do-brwi-clear-brow-gel-hedonic\/\",\"name\":\"Przezroczysty \u017cel do brwi Clear Brow Gel, Hedonic - Factory Family\",\"isPartOf\":{\"@id\":\"https:\/\/factoryfam.ua\/pl\/#website\"},\"primaryImageOfPage\":{\"@id\":\"https:\/\/factoryfam.ua\/pl\/product\/przezroczysty-zel-do-brwi-clear-brow-gel-hedonic\/#primaryimage\"},\"image\":{\"@id\":\"https:\/\/factoryfam.ua\/pl\/product\/przezroczysty-zel-do-brwi-clear-brow-gel-hedonic\/#primaryimage\"},\"thumbnailUrl\":\"https:\/\/factoryfam.ua\/wp-content\/uploads\/2025\/07\/53_5c7928fc-b59b-42d4-a4a1-9c058a84290a.jpg\",\"datePublished\":\"2025-07-03T12:42:23+00:00\",\"breadcrumb\":{\"@id\":\"https:\/\/factoryfam.ua\/pl\/product\/przezroczysty-zel-do-brwi-clear-brow-gel-hedonic\/#breadcrumb\"},\"inLanguage\":\"pl-PL\",\"potentialAction\":[{\"@type\":\"ReadAction\",\"target\":[\"https:\/\/factoryfam.ua\/pl\/product\/przezroczysty-zel-do-brwi-clear-brow-gel-hedonic\/\"]}]},{\"@type\":\"ImageObject\",\"inLanguage\":\"pl-PL\",\"@id\":\"https:\/\/factoryfam.ua\/pl\/product\/przezroczysty-zel-do-brwi-clear-brow-gel-hedonic\/#primaryimage\",\"url\":\"https:\/\/factoryfam.ua\/wp-content\/uploads\/2025\/07\/53_5c7928fc-b59b-42d4-a4a1-9c058a84290a.jpg\",\"contentUrl\":\"https:\/\/factoryfam.ua\/wp-content\/uploads\/2025\/07\/53_5c7928fc-b59b-42d4-a4a1-9c058a84290a.jpg\",\"width\":1080,\"height\":1080},{\"@type\":\"BreadcrumbList\",\"@id\":\"https:\/\/factoryfam.ua\/pl\/product\/przezroczysty-zel-do-brwi-clear-brow-gel-hedonic\/#breadcrumb\",\"itemListElement\":[{\"@type\":\"ListItem\",\"position\":1,\"name\":\"\u0413\u043e\u043b\u043e\u0432\u043d\u0430\",\"item\":\"https:\/\/factoryfam.ua\/pl\/\"},{\"@type\":\"ListItem\",\"position\":2,\"name\":\"Sklep\",\"item\":\"https:\/\/factoryfam.ua\/shop\/\"},{\"@type\":\"ListItem\",\"position\":3,\"name\":\"Przezroczysty \u017cel do brwi Clear Brow Gel, Hedonic\"}]},{\"@type\":\"WebSite\",\"@id\":\"https:\/\/factoryfam.ua\/pl\/#website\",\"url\":\"https:\/\/factoryfam.ua\/pl\/\",\"name\":\"Factory Family\",\"description\":\"\",\"potentialAction\":[{\"@type\":\"SearchAction\",\"target\":{\"@type\":\"EntryPoint\",\"urlTemplate\":\"https:\/\/factoryfam.ua\/pl\/?s={search_term_string}\"},\"query-input\":{\"@type\":\"PropertyValueSpecification\",\"valueRequired\":true,\"valueName\":\"search_term_string\"}}],\"inLanguage\":\"pl-PL\"}]}<\/script>\n<!-- \/ Yoast SEO plugin. -->","yoast_head_json":{"title":"Przezroczysty \u017cel do brwi Clear Brow Gel, Hedonic - Factory Family","robots":{"index":"index","follow":"follow","max-snippet":"max-snippet:-1","max-image-preview":"max-image-preview:large","max-video-preview":"max-video-preview:-1"},"canonical":"https:\/\/factoryfam.ua\/pl\/product\/przezroczysty-zel-do-brwi-clear-brow-gel-hedonic\/","og_locale":"pl_PL","og_type":"article","og_title":"Przezroczysty \u017cel do brwi Clear Brow Gel, Hedonic - Factory Family","og_description":"Hedonic Clear Brow Gel \u2013 \u017cel do brwi o bardzo mocnym utrwaleniu.","og_url":"https:\/\/factoryfam.ua\/pl\/product\/przezroczysty-zel-do-brwi-clear-brow-gel-hedonic\/","og_site_name":"Factory Family","og_image":[{"width":1080,"height":1080,"url":"https:\/\/factoryfam.ua\/wp-content\/uploads\/2025\/07\/53_5c7928fc-b59b-42d4-a4a1-9c058a84290a.jpg","type":"image\/jpeg"}],"twitter_card":"summary_large_image","twitter_misc":{"Szacowany czas czytania":"1 minuta"},"schema":{"@context":"https:\/\/schema.org","@graph":[{"@type":"WebPage","@id":"https:\/\/factoryfam.ua\/pl\/product\/przezroczysty-zel-do-brwi-clear-brow-gel-hedonic\/","url":"https:\/\/factoryfam.ua\/pl\/product\/przezroczysty-zel-do-brwi-clear-brow-gel-hedonic\/","name":"Przezroczysty \u017cel do brwi Clear Brow Gel, Hedonic - Factory Family","isPartOf":{"@id":"https:\/\/factoryfam.ua\/pl\/#website"},"primaryImageOfPage":{"@id":"https:\/\/factoryfam.ua\/pl\/product\/przezroczysty-zel-do-brwi-clear-brow-gel-hedonic\/#primaryimage"},"image":{"@id":"https:\/\/factoryfam.ua\/pl\/product\/przezroczysty-zel-do-brwi-clear-brow-gel-hedonic\/#primaryimage"},"thumbnailUrl":"https:\/\/factoryfam.ua\/wp-content\/uploads\/2025\/07\/53_5c7928fc-b59b-42d4-a4a1-9c058a84290a.jpg","datePublished":"2025-07-03T12:42:23+00:00","breadcrumb":{"@id":"https:\/\/factoryfam.ua\/pl\/product\/przezroczysty-zel-do-brwi-clear-brow-gel-hedonic\/#breadcrumb"},"inLanguage":"pl-PL","potentialAction":[{"@type":"ReadAction","target":["https:\/\/factoryfam.ua\/pl\/product\/przezroczysty-zel-do-brwi-clear-brow-gel-hedonic\/"]}]},{"@type":"ImageObject","inLanguage":"pl-PL","@id":"https:\/\/factoryfam.ua\/pl\/product\/przezroczysty-zel-do-brwi-clear-brow-gel-hedonic\/#primaryimage","url":"https:\/\/factoryfam.ua\/wp-content\/uploads\/2025\/07\/53_5c7928fc-b59b-42d4-a4a1-9c058a84290a.jpg","contentUrl":"https:\/\/factoryfam.ua\/wp-content\/uploads\/2025\/07\/53_5c7928fc-b59b-42d4-a4a1-9c058a84290a.jpg","width":1080,"height":1080},{"@type":"BreadcrumbList","@id":"https:\/\/factoryfam.ua\/pl\/product\/przezroczysty-zel-do-brwi-clear-brow-gel-hedonic\/#breadcrumb","itemListElement":[{"@type":"ListItem","position":1,"name":"\u0413\u043e\u043b\u043e\u0432\u043d\u0430","item":"https:\/\/factoryfam.ua\/pl\/"},{"@type":"ListItem","position":2,"name":"Sklep","item":"https:\/\/factoryfam.ua\/shop\/"},{"@type":"ListItem","position":3,"name":"Przezroczysty \u017cel do brwi Clear Brow Gel, Hedonic"}]},{"@type":"WebSite","@id":"https:\/\/factoryfam.ua\/pl\/#website","url":"https:\/\/factoryfam.ua\/pl\/","name":"Factory Family","description":"","potentialAction":[{"@type":"SearchAction","target":{"@type":"EntryPoint","urlTemplate":"https:\/\/factoryfam.ua\/pl\/?s={search_term_string}"},"query-input":{"@type":"PropertyValueSpecification","valueRequired":true,"valueName":"search_term_string"}}],"inLanguage":"pl-PL"}]}},"_links":{"self":[{"href":"https:\/\/factoryfam.ua\/pl\/wp-json\/wp\/v2\/product\/9050","targetHints":{"allow":["GET"]}}],"collection":[{"href":"https:\/\/factoryfam.ua\/pl\/wp-json\/wp\/v2\/product"}],"about":[{"href":"https:\/\/factoryfam.ua\/pl\/wp-json\/wp\/v2\/types\/product"}],"replies":[{"embeddable":true,"href":"https:\/\/factoryfam.ua\/pl\/wp-json\/wp\/v2\/comments?post=9050"}],"wp:featuredmedia":[{"embeddable":true,"href":"https:\/\/factoryfam.ua\/pl\/wp-json\/wp\/v2\/media\/8761"}],"wp:attachment":[{"href":"https:\/\/factoryfam.ua\/pl\/wp-json\/wp\/v2\/media?parent=9050"}],"wp:term":[{"taxonomy":"product_brand","embeddable":true,"href":"https:\/\/factoryfam.ua\/pl\/wp-json\/wp\/v2\/product_brand?post=9050"},{"taxonomy":"product_cat","embeddable":true,"href":"https:\/\/factoryfam.ua\/pl\/wp-json\/wp\/v2\/product_cat?post=9050"},{"taxonomy":"product_tag","embeddable":true,"href":"https:\/\/factoryfam.ua\/pl\/wp-json\/wp\/v2\/product_tag?post=9050"}],"curies":[{"name":"wp","href":"https:\/\/api.w.org\/{rel}","templated":true}]}}