{"id":9078,"date":"2025-07-03T15:22:52","date_gmt":"2025-07-03T12:22:52","guid":{"rendered":"https:\/\/factoryfam.ua\/product\/janeke-brush\/"},"modified":"2025-07-03T15:22:52","modified_gmt":"2025-07-03T12:22:52","slug":"janeke-brush","status":"publish","type":"product","link":"https:\/\/factoryfam.ua\/pl\/product\/janeke-brush\/","title":{"rendered":"Janeke Brush"},"content":{"rendered":"<p data-start=\"1164\" data-end=\"1754\"><strong data-start=\"1164\" data-end=\"1285\">Delikatna piel\u0119gnacja w\u0142os\u00f3w to nie tylko odpowiednio dobrany szampon i od\u017cywka, ale tak\u017ce wysokiej jako\u015bci szczotka.<\/strong><br data-start=\"1285\" data-end=\"1288\" \/>Akcesorium beauty w\u0142oskiej marki Janeke z opatentowan\u0105 funkcj\u0105 masa\u017cu zamieni proces czesania we prawdziw\u0105 przyjemno\u015b\u0107! Szczotka z niezwyk\u0142\u0105 szerok\u0105 podstaw\u0105 w kszta\u0142cie plastra miodu delikatnie rozczesuje w\u0142osy, nie uszkadzaj\u0105c ich. Podczas suszenia suszark\u0105 ciep\u0142e powietrze r\u00f3wnomiernie przep\u0142ywa przez w\u0142osy, nie przesuszaj\u0105c ich i nie uszkadzaj\u0105c sk\u00f3ry g\u0142owy. Podaruj swoim w\u0142osom delikatn\u0105 piel\u0119gnacj\u0119, a odwdzi\u0119cz\u0105 si\u0119 pi\u0119knym blaskiem i atrakcyjnym wygl\u0105dem!<\/p>\n<p data-start=\"1756\" data-end=\"1803\"><strong data-start=\"1756\" data-end=\"1803\">Cechy szczotki do w\u0142os\u00f3w Janeke Superbrush:<\/strong><\/p>\n<ul data-start=\"1805\" data-end=\"2133\">\n<li data-start=\"1805\" data-end=\"1867\">\n<p data-start=\"1807\" data-end=\"1867\">Delikatnie rozpl\u0105tuje nawet najbardziej niesforne kosmyki;<\/p>\n<\/li>\n<li data-start=\"1868\" data-end=\"1901\">\n<p data-start=\"1870\" data-end=\"1901\">Lekka, nieodczuwalna w d\u0142oni;<\/p>\n<\/li>\n<li data-start=\"1902\" data-end=\"1949\">\n<p data-start=\"1904\" data-end=\"1949\">Nadaje si\u0119 do rozczesywania mokrych w\u0142os\u00f3w;<\/p>\n<\/li>\n<li data-start=\"1950\" data-end=\"2005\">\n<p data-start=\"1952\" data-end=\"2005\">W\u0142\u00f3kno w\u0119glowe zapobiega elektryzowaniu si\u0119 w\u0142os\u00f3w;<\/p>\n<\/li>\n<li data-start=\"2006\" data-end=\"2046\">\n<p data-start=\"2008\" data-end=\"2046\">Nie uszkadza w\u0142os\u00f3w ani sk\u00f3ry g\u0142owy;<\/p>\n<\/li>\n<li data-start=\"2047\" data-end=\"2091\">\n<p data-start=\"2049\" data-end=\"2091\">Odpowiednia dla wszystkich typ\u00f3w w\u0142os\u00f3w;<\/p>\n<\/li>\n<li data-start=\"2092\" data-end=\"2133\">\n<p data-start=\"2094\" data-end=\"2133\">Wykonana z wysokiej jako\u015bci materia\u0142\u00f3w.<\/p>\n<\/li>\n<\/ul>\n","protected":false},"excerpt":{"rendered":"<p><strong data-start=\"2140\" data-end=\"2188\">Grzebie\u0144 Janeke 1830 Superbrush The Original<\/strong> to nowa generacja narz\u0119dzi do piel\u0119gnacji w\u0142os\u00f3w, kt\u00f3ra zapewnia delikatne traktowanie podczas czesania, suszenia suszark\u0105 i stosowania innych stylizacji.<\/p>\n","protected":false},"featured_media":8746,"comment_status":"open","ping_status":"closed","template":"","meta":[],"product_brand":[122],"product_cat":[144],"product_tag":[],"class_list":{"0":"post-9078","1":"product","2":"type-product","3":"status-publish","4":"has-post-thumbnail","6":"product_brand-janeke","7":"product_cat-makijaz","9":"first","10":"instock","11":"shipping-taxable","12":"purchasable","13":"product-type-simple"},"yoast_head":"<!-- This site is optimized with the Yoast SEO plugin v26.8 - https:\/\/yoast.com\/product\/yoast-seo-wordpress\/ -->\n<title>Janeke Brush - Factory Family<\/title>\n<meta name=\"robots\" content=\"index, follow, max-snippet:-1, max-image-preview:large, max-video-preview:-1\" \/>\n<link rel=\"canonical\" href=\"https:\/\/factoryfam.ua\/pl\/product\/janeke-brush\/\" \/>\n<meta property=\"og:locale\" content=\"pl_PL\" \/>\n<meta property=\"og:type\" content=\"article\" \/>\n<meta property=\"og:title\" content=\"Janeke Brush - Factory Family\" \/>\n<meta property=\"og:description\" content=\"Grzebie\u0144 Janeke 1830 Superbrush The Original to nowa generacja narz\u0119dzi do piel\u0119gnacji w\u0142os\u00f3w, kt\u00f3ra zapewnia delikatne traktowanie podczas czesania, suszenia suszark\u0105 i stosowania innych stylizacji.\" \/>\n<meta property=\"og:url\" content=\"https:\/\/factoryfam.ua\/pl\/product\/janeke-brush\/\" \/>\n<meta property=\"og:site_name\" content=\"Factory Family\" \/>\n<meta property=\"og:image\" content=\"https:\/\/factoryfam.ua\/wp-content\/uploads\/2025\/07\/1-1749941413-CN0001284881png-920.jpg\" \/>\n\t<meta property=\"og:image:width\" content=\"920\" \/>\n\t<meta property=\"og:image:height\" content=\"920\" \/>\n\t<meta property=\"og:image:type\" content=\"image\/jpeg\" \/>\n<meta name=\"twitter:card\" content=\"summary_large_image\" \/>\n<meta name=\"twitter:label1\" content=\"Szacowany czas czytania\" \/>\n\t<meta name=\"twitter:data1\" content=\"1 minuta\" \/>\n<script type=\"application\/ld+json\" class=\"yoast-schema-graph\">{\"@context\":\"https:\/\/schema.org\",\"@graph\":[{\"@type\":\"WebPage\",\"@id\":\"https:\/\/factoryfam.ua\/pl\/product\/janeke-brush\/\",\"url\":\"https:\/\/factoryfam.ua\/pl\/product\/janeke-brush\/\",\"name\":\"Janeke Brush - Factory Family\",\"isPartOf\":{\"@id\":\"https:\/\/factoryfam.ua\/pl\/#website\"},\"primaryImageOfPage\":{\"@id\":\"https:\/\/factoryfam.ua\/pl\/product\/janeke-brush\/#primaryimage\"},\"image\":{\"@id\":\"https:\/\/factoryfam.ua\/pl\/product\/janeke-brush\/#primaryimage\"},\"thumbnailUrl\":\"https:\/\/factoryfam.ua\/wp-content\/uploads\/2025\/07\/1-1749941413-CN0001284881png-920.jpg\",\"datePublished\":\"2025-07-03T12:22:52+00:00\",\"breadcrumb\":{\"@id\":\"https:\/\/factoryfam.ua\/pl\/product\/janeke-brush\/#breadcrumb\"},\"inLanguage\":\"pl-PL\",\"potentialAction\":[{\"@type\":\"ReadAction\",\"target\":[\"https:\/\/factoryfam.ua\/pl\/product\/janeke-brush\/\"]}]},{\"@type\":\"ImageObject\",\"inLanguage\":\"pl-PL\",\"@id\":\"https:\/\/factoryfam.ua\/pl\/product\/janeke-brush\/#primaryimage\",\"url\":\"https:\/\/factoryfam.ua\/wp-content\/uploads\/2025\/07\/1-1749941413-CN0001284881png-920.jpg\",\"contentUrl\":\"https:\/\/factoryfam.ua\/wp-content\/uploads\/2025\/07\/1-1749941413-CN0001284881png-920.jpg\",\"width\":920,\"height\":920},{\"@type\":\"BreadcrumbList\",\"@id\":\"https:\/\/factoryfam.ua\/pl\/product\/janeke-brush\/#breadcrumb\",\"itemListElement\":[{\"@type\":\"ListItem\",\"position\":1,\"name\":\"\u0413\u043e\u043b\u043e\u0432\u043d\u0430\",\"item\":\"https:\/\/factoryfam.ua\/pl\/\"},{\"@type\":\"ListItem\",\"position\":2,\"name\":\"Sklep\",\"item\":\"https:\/\/factoryfam.ua\/shop\/\"},{\"@type\":\"ListItem\",\"position\":3,\"name\":\"Janeke Brush\"}]},{\"@type\":\"WebSite\",\"@id\":\"https:\/\/factoryfam.ua\/pl\/#website\",\"url\":\"https:\/\/factoryfam.ua\/pl\/\",\"name\":\"Factory Family\",\"description\":\"\",\"potentialAction\":[{\"@type\":\"SearchAction\",\"target\":{\"@type\":\"EntryPoint\",\"urlTemplate\":\"https:\/\/factoryfam.ua\/pl\/?s={search_term_string}\"},\"query-input\":{\"@type\":\"PropertyValueSpecification\",\"valueRequired\":true,\"valueName\":\"search_term_string\"}}],\"inLanguage\":\"pl-PL\"}]}<\/script>\n<!-- \/ Yoast SEO plugin. -->","yoast_head_json":{"title":"Janeke Brush - Factory Family","robots":{"index":"index","follow":"follow","max-snippet":"max-snippet:-1","max-image-preview":"max-image-preview:large","max-video-preview":"max-video-preview:-1"},"canonical":"https:\/\/factoryfam.ua\/pl\/product\/janeke-brush\/","og_locale":"pl_PL","og_type":"article","og_title":"Janeke Brush - Factory Family","og_description":"Grzebie\u0144 Janeke 1830 Superbrush The Original to nowa generacja narz\u0119dzi do piel\u0119gnacji w\u0142os\u00f3w, kt\u00f3ra zapewnia delikatne traktowanie podczas czesania, suszenia suszark\u0105 i stosowania innych stylizacji.","og_url":"https:\/\/factoryfam.ua\/pl\/product\/janeke-brush\/","og_site_name":"Factory Family","og_image":[{"width":920,"height":920,"url":"https:\/\/factoryfam.ua\/wp-content\/uploads\/2025\/07\/1-1749941413-CN0001284881png-920.jpg","type":"image\/jpeg"}],"twitter_card":"summary_large_image","twitter_misc":{"Szacowany czas czytania":"1 minuta"},"schema":{"@context":"https:\/\/schema.org","@graph":[{"@type":"WebPage","@id":"https:\/\/factoryfam.ua\/pl\/product\/janeke-brush\/","url":"https:\/\/factoryfam.ua\/pl\/product\/janeke-brush\/","name":"Janeke Brush - Factory Family","isPartOf":{"@id":"https:\/\/factoryfam.ua\/pl\/#website"},"primaryImageOfPage":{"@id":"https:\/\/factoryfam.ua\/pl\/product\/janeke-brush\/#primaryimage"},"image":{"@id":"https:\/\/factoryfam.ua\/pl\/product\/janeke-brush\/#primaryimage"},"thumbnailUrl":"https:\/\/factoryfam.ua\/wp-content\/uploads\/2025\/07\/1-1749941413-CN0001284881png-920.jpg","datePublished":"2025-07-03T12:22:52+00:00","breadcrumb":{"@id":"https:\/\/factoryfam.ua\/pl\/product\/janeke-brush\/#breadcrumb"},"inLanguage":"pl-PL","potentialAction":[{"@type":"ReadAction","target":["https:\/\/factoryfam.ua\/pl\/product\/janeke-brush\/"]}]},{"@type":"ImageObject","inLanguage":"pl-PL","@id":"https:\/\/factoryfam.ua\/pl\/product\/janeke-brush\/#primaryimage","url":"https:\/\/factoryfam.ua\/wp-content\/uploads\/2025\/07\/1-1749941413-CN0001284881png-920.jpg","contentUrl":"https:\/\/factoryfam.ua\/wp-content\/uploads\/2025\/07\/1-1749941413-CN0001284881png-920.jpg","width":920,"height":920},{"@type":"BreadcrumbList","@id":"https:\/\/factoryfam.ua\/pl\/product\/janeke-brush\/#breadcrumb","itemListElement":[{"@type":"ListItem","position":1,"name":"\u0413\u043e\u043b\u043e\u0432\u043d\u0430","item":"https:\/\/factoryfam.ua\/pl\/"},{"@type":"ListItem","position":2,"name":"Sklep","item":"https:\/\/factoryfam.ua\/shop\/"},{"@type":"ListItem","position":3,"name":"Janeke Brush"}]},{"@type":"WebSite","@id":"https:\/\/factoryfam.ua\/pl\/#website","url":"https:\/\/factoryfam.ua\/pl\/","name":"Factory Family","description":"","potentialAction":[{"@type":"SearchAction","target":{"@type":"EntryPoint","urlTemplate":"https:\/\/factoryfam.ua\/pl\/?s={search_term_string}"},"query-input":{"@type":"PropertyValueSpecification","valueRequired":true,"valueName":"search_term_string"}}],"inLanguage":"pl-PL"}]}},"_links":{"self":[{"href":"https:\/\/factoryfam.ua\/pl\/wp-json\/wp\/v2\/product\/9078","targetHints":{"allow":["GET"]}}],"collection":[{"href":"https:\/\/factoryfam.ua\/pl\/wp-json\/wp\/v2\/product"}],"about":[{"href":"https:\/\/factoryfam.ua\/pl\/wp-json\/wp\/v2\/types\/product"}],"replies":[{"embeddable":true,"href":"https:\/\/factoryfam.ua\/pl\/wp-json\/wp\/v2\/comments?post=9078"}],"wp:featuredmedia":[{"embeddable":true,"href":"https:\/\/factoryfam.ua\/pl\/wp-json\/wp\/v2\/media\/8746"}],"wp:attachment":[{"href":"https:\/\/factoryfam.ua\/pl\/wp-json\/wp\/v2\/media?parent=9078"}],"wp:term":[{"taxonomy":"product_brand","embeddable":true,"href":"https:\/\/factoryfam.ua\/pl\/wp-json\/wp\/v2\/product_brand?post=9078"},{"taxonomy":"product_cat","embeddable":true,"href":"https:\/\/factoryfam.ua\/pl\/wp-json\/wp\/v2\/product_cat?post=9078"},{"taxonomy":"product_tag","embeddable":true,"href":"https:\/\/factoryfam.ua\/pl\/wp-json\/wp\/v2\/product_tag?post=9078"}],"curies":[{"name":"wp","href":"https:\/\/api.w.org\/{rel}","templated":true}]}}