{"id":9082,"date":"2025-07-03T15:09:17","date_gmt":"2025-07-03T12:09:17","guid":{"rendered":"https:\/\/factoryfam.ua\/product\/oribe-gold-lust-repair-restore-shampoo-250-ml\/"},"modified":"2025-07-03T15:09:17","modified_gmt":"2025-07-03T12:09:17","slug":"oribe-gold-lust-repair-restore-shampoo-250-ml","status":"publish","type":"product","link":"https:\/\/factoryfam.ua\/pl\/product\/oribe-gold-lust-repair-restore-shampoo-250-ml\/","title":{"rendered":"Oribe Gold Lust Repair &#038; Restore Shampoo, 250 ml"},"content":{"rendered":"<p data-start=\"2289\" data-end=\"2937\">Szampon <strong data-start=\"2297\" data-end=\"2310\">Gold Lust<\/strong> marki <strong data-start=\"2317\" data-end=\"2326\">Oribe<\/strong> przeznaczony jest do rekonstrukcji i intensywnej odbudowy w\u0142os\u00f3w. To niezast\u0105piony codzienny produkt do piel\u0119gnacji, kt\u00f3ry delikatnie, ale skutecznie oczyszcza w\u0142osy ze wszystkich rodzaj\u00f3w zanieczyszcze\u0144 oraz pomaga przywr\u00f3ci\u0107 im zdrowy i pi\u0119kny wygl\u0105d. Szampon nawil\u017ca i regeneruje zniszczone i suche w\u0142osy, nadaj\u0105c im idealny naturalny blask i dodaj\u0105c witalno\u015bci wszystkim rodzajom w\u0142os\u00f3w. <strong data-start=\"2719\" data-end=\"2732\">Gold Lust<\/strong> od <strong data-start=\"2736\" data-end=\"2745\">Oribe<\/strong> aktywnie od\u017cywia i odbudowuje uszkodzone partie w\u0142os\u00f3w, chroni\u0105c je przed negatywnym dzia\u0142aniem promieni UV. Po zastosowaniu szamponu w\u0142osy wygl\u0105daj\u0105 zdrowo, s\u0105 elastyczne, gi\u0119tkie i l\u015bni\u0105ce.<\/p>\n<p data-start=\"2939\" data-end=\"3009\"><strong data-start=\"2939\" data-end=\"2985\">Szampon ORIBE Gold Lust Repair and Restore<\/strong> nie zawiera siarczan\u00f3w.<\/p>\n<p data-start=\"3011\" data-end=\"3024\"><strong data-start=\"3011\" data-end=\"3022\">Zalety:<\/strong><\/p>\n<ul data-start=\"3025\" data-end=\"3520\">\n<li data-start=\"3025\" data-end=\"3098\">\n<p data-start=\"3027\" data-end=\"3098\">Delikatnie i skutecznie oczyszcza w\u0142osy ze wszystkich zanieczyszcze\u0144.<\/p>\n<\/li>\n<li data-start=\"3099\" data-end=\"3158\">\n<p data-start=\"3101\" data-end=\"3158\">Odm\u0142adza w\u0142osy, przywracaj\u0105c im pi\u0119kny i zdrowy wygl\u0105d.<\/p>\n<\/li>\n<li data-start=\"3159\" data-end=\"3200\">\n<p data-start=\"3161\" data-end=\"3200\">Zapewnia optymalne nawil\u017cenie w\u0142os\u00f3w.<\/p>\n<\/li>\n<li data-start=\"3201\" data-end=\"3251\">\n<p data-start=\"3203\" data-end=\"3251\">Wzmacnia wewn\u0119trzn\u0105 struktur\u0119 ka\u017cdego kosmyka.<\/p>\n<\/li>\n<li data-start=\"3252\" data-end=\"3316\">\n<p data-start=\"3254\" data-end=\"3316\">Normalizuje metabolizm sk\u00f3ry g\u0142owy i poprawia kr\u0105\u017cenie krwi.<\/p>\n<\/li>\n<li data-start=\"3317\" data-end=\"3358\">\n<p data-start=\"3319\" data-end=\"3358\">Nadaje w\u0142osom mi\u0119kko\u015b\u0107, si\u0142\u0119 i blask.<\/p>\n<\/li>\n<li data-start=\"3359\" data-end=\"3399\">\n<p data-start=\"3361\" data-end=\"3399\">Regeneruje suche i uszkodzone w\u0142osy.<\/p>\n<\/li>\n<li data-start=\"3400\" data-end=\"3479\">\n<p data-start=\"3402\" data-end=\"3479\">Zwi\u0119ksza ochron\u0119 w\u0142os\u00f3w i zapewnia d\u0142ugotrwa\u0142\u0105 ochron\u0119 przed uszkodzeniami.<\/p>\n<\/li>\n<li data-start=\"3480\" data-end=\"3520\">\n<p data-start=\"3482\" data-end=\"3520\">Chroni w\u0142osy przed promieniowaniem UV.<\/p>\n<\/li>\n<\/ul>\n<p data-start=\"3522\" data-end=\"3974\"><strong data-start=\"3522\" data-end=\"3544\">Aktywne sk\u0142adniki:<\/strong><br data-start=\"3544\" data-end=\"3547\" \/>Unikalny kompleks Oribe Signature (ochrona przed utlenianiem, fotostarzeniem i uszkodzeniem keratyny), ekstrakt z wiecznie zielonego cyprysu, olej arganowy i olej z marakui (blask, mi\u0119kko\u015b\u0107 i nawil\u017cenie), kompleks bioregeneruj\u0105cy (wzmacnianie \u0142uski, odbudowa), bromelaina (peeling, przywracanie naturalnej r\u00f3wnowagi sk\u00f3ry g\u0142owy), kompleks aminokwas\u00f3w (odbudowa wewn\u0119trznej warstwy keratynowej w\u0142os\u00f3w, nawil\u017cenie i wyg\u0142adzenie).<\/p>\n<p data-start=\"3976\" data-end=\"4198\"><strong data-start=\"3976\" data-end=\"3994\">Spos\u00f3b u\u017cycia:<\/strong><br data-start=\"3994\" data-end=\"3997\" \/>Masuj odpowiedni\u0105 ilo\u015b\u0107 szamponu na mokre w\u0142osy, spie\u0144 do uzyskania g\u0119stej piany i dok\u0142adnie sp\u0142ucz ciep\u0142\u0105 wod\u0105. W razie potrzeby powt\u00f3rz zabieg. Tylko do u\u017cytku zewn\u0119trznego. Unika\u0107 kontaktu z oczami.<\/p>\n<p data-start=\"4200\" data-end=\"4240\"><strong data-start=\"4200\" data-end=\"4215\">Typ w\u0142os\u00f3w:<\/strong> Wszystkie rodzaje w\u0142os\u00f3w<\/p>\n<p data-start=\"4242\" data-end=\"4263\"><strong data-start=\"4242\" data-end=\"4256\">Pojemno\u015b\u0107:<\/strong> 250 ml<\/p>\n","protected":false},"excerpt":{"rendered":"<p><strong data-start=\"4270\" data-end=\"4308\">Gold Lust Repair &amp; Restore Shampoo<\/strong> \u2013 regeneruj\u0105cy szampon do w\u0142os\u00f3w, oparty na kompleksie bia\u0142kowym i ro\u015blinnych sk\u0142adnikach, skutecznie wzmacnia w\u0142osy od wewn\u0105trz, usuwaj\u0105c wszelkie rodzaje uszkodze\u0144.<\/p>\n","protected":false},"featured_media":8736,"comment_status":"open","ping_status":"closed","template":"","meta":[],"product_brand":[119],"product_cat":[144],"product_tag":[],"class_list":{"0":"post-9082","1":"product","2":"type-product","3":"status-publish","4":"has-post-thumbnail","6":"product_brand-oribe","7":"product_cat-makijaz","9":"first","10":"instock","11":"shipping-taxable","12":"purchasable","13":"product-type-simple"},"yoast_head":"<!-- This site is optimized with the Yoast SEO plugin v26.8 - https:\/\/yoast.com\/product\/yoast-seo-wordpress\/ -->\n<title>Oribe Gold Lust Repair &amp; Restore Shampoo, 250 ml - Factory Family<\/title>\n<meta name=\"robots\" content=\"index, follow, max-snippet:-1, max-image-preview:large, max-video-preview:-1\" \/>\n<link rel=\"canonical\" href=\"https:\/\/factoryfam.ua\/pl\/product\/oribe-gold-lust-repair-restore-shampoo-250-ml\/\" \/>\n<meta property=\"og:locale\" content=\"pl_PL\" \/>\n<meta property=\"og:type\" content=\"article\" \/>\n<meta property=\"og:title\" content=\"Oribe Gold Lust Repair &amp; Restore Shampoo, 250 ml - Factory Family\" \/>\n<meta property=\"og:description\" content=\"Gold Lust Repair &amp; Restore Shampoo \u2013 regeneruj\u0105cy szampon do w\u0142os\u00f3w, oparty na kompleksie bia\u0142kowym i ro\u015blinnych sk\u0142adnikach, skutecznie wzmacnia w\u0142osy od wewn\u0105trz, usuwaj\u0105c wszelkie rodzaje uszkodze\u0144.\" \/>\n<meta property=\"og:url\" content=\"https:\/\/factoryfam.ua\/pl\/product\/oribe-gold-lust-repair-restore-shampoo-250-ml\/\" \/>\n<meta property=\"og:site_name\" content=\"Factory Family\" \/>\n<meta property=\"og:image\" content=\"https:\/\/factoryfam.ua\/wp-content\/uploads\/2025\/07\/goldlustrepairrestoreshampoo250ml-800x800-1.jpg\" \/>\n\t<meta property=\"og:image:width\" content=\"800\" \/>\n\t<meta property=\"og:image:height\" content=\"800\" \/>\n\t<meta property=\"og:image:type\" content=\"image\/jpeg\" \/>\n<meta name=\"twitter:card\" content=\"summary_large_image\" \/>\n<meta name=\"twitter:label1\" content=\"Szacowany czas czytania\" \/>\n\t<meta name=\"twitter:data1\" content=\"2 minuty\" \/>\n<script type=\"application\/ld+json\" class=\"yoast-schema-graph\">{\"@context\":\"https:\/\/schema.org\",\"@graph\":[{\"@type\":\"WebPage\",\"@id\":\"https:\/\/factoryfam.ua\/pl\/product\/oribe-gold-lust-repair-restore-shampoo-250-ml\/\",\"url\":\"https:\/\/factoryfam.ua\/pl\/product\/oribe-gold-lust-repair-restore-shampoo-250-ml\/\",\"name\":\"Oribe Gold Lust Repair & Restore Shampoo, 250 ml - Factory Family\",\"isPartOf\":{\"@id\":\"https:\/\/factoryfam.ua\/pl\/#website\"},\"primaryImageOfPage\":{\"@id\":\"https:\/\/factoryfam.ua\/pl\/product\/oribe-gold-lust-repair-restore-shampoo-250-ml\/#primaryimage\"},\"image\":{\"@id\":\"https:\/\/factoryfam.ua\/pl\/product\/oribe-gold-lust-repair-restore-shampoo-250-ml\/#primaryimage\"},\"thumbnailUrl\":\"https:\/\/factoryfam.ua\/wp-content\/uploads\/2025\/07\/goldlustrepairrestoreshampoo250ml-800x800-1.jpg\",\"datePublished\":\"2025-07-03T12:09:17+00:00\",\"breadcrumb\":{\"@id\":\"https:\/\/factoryfam.ua\/pl\/product\/oribe-gold-lust-repair-restore-shampoo-250-ml\/#breadcrumb\"},\"inLanguage\":\"pl-PL\",\"potentialAction\":[{\"@type\":\"ReadAction\",\"target\":[\"https:\/\/factoryfam.ua\/pl\/product\/oribe-gold-lust-repair-restore-shampoo-250-ml\/\"]}]},{\"@type\":\"ImageObject\",\"inLanguage\":\"pl-PL\",\"@id\":\"https:\/\/factoryfam.ua\/pl\/product\/oribe-gold-lust-repair-restore-shampoo-250-ml\/#primaryimage\",\"url\":\"https:\/\/factoryfam.ua\/wp-content\/uploads\/2025\/07\/goldlustrepairrestoreshampoo250ml-800x800-1.jpg\",\"contentUrl\":\"https:\/\/factoryfam.ua\/wp-content\/uploads\/2025\/07\/goldlustrepairrestoreshampoo250ml-800x800-1.jpg\",\"width\":800,\"height\":800},{\"@type\":\"BreadcrumbList\",\"@id\":\"https:\/\/factoryfam.ua\/pl\/product\/oribe-gold-lust-repair-restore-shampoo-250-ml\/#breadcrumb\",\"itemListElement\":[{\"@type\":\"ListItem\",\"position\":1,\"name\":\"\u0413\u043e\u043b\u043e\u0432\u043d\u0430\",\"item\":\"https:\/\/factoryfam.ua\/pl\/\"},{\"@type\":\"ListItem\",\"position\":2,\"name\":\"Sklep\",\"item\":\"https:\/\/factoryfam.ua\/shop\/\"},{\"@type\":\"ListItem\",\"position\":3,\"name\":\"Oribe Gold Lust Repair &#038; Restore Shampoo, 250 ml\"}]},{\"@type\":\"WebSite\",\"@id\":\"https:\/\/factoryfam.ua\/pl\/#website\",\"url\":\"https:\/\/factoryfam.ua\/pl\/\",\"name\":\"Factory Family\",\"description\":\"\",\"potentialAction\":[{\"@type\":\"SearchAction\",\"target\":{\"@type\":\"EntryPoint\",\"urlTemplate\":\"https:\/\/factoryfam.ua\/pl\/?s={search_term_string}\"},\"query-input\":{\"@type\":\"PropertyValueSpecification\",\"valueRequired\":true,\"valueName\":\"search_term_string\"}}],\"inLanguage\":\"pl-PL\"}]}<\/script>\n<!-- \/ Yoast SEO plugin. -->","yoast_head_json":{"title":"Oribe Gold Lust Repair & Restore Shampoo, 250 ml - Factory Family","robots":{"index":"index","follow":"follow","max-snippet":"max-snippet:-1","max-image-preview":"max-image-preview:large","max-video-preview":"max-video-preview:-1"},"canonical":"https:\/\/factoryfam.ua\/pl\/product\/oribe-gold-lust-repair-restore-shampoo-250-ml\/","og_locale":"pl_PL","og_type":"article","og_title":"Oribe Gold Lust Repair & Restore Shampoo, 250 ml - Factory Family","og_description":"Gold Lust Repair &amp; Restore Shampoo \u2013 regeneruj\u0105cy szampon do w\u0142os\u00f3w, oparty na kompleksie bia\u0142kowym i ro\u015blinnych sk\u0142adnikach, skutecznie wzmacnia w\u0142osy od wewn\u0105trz, usuwaj\u0105c wszelkie rodzaje uszkodze\u0144.","og_url":"https:\/\/factoryfam.ua\/pl\/product\/oribe-gold-lust-repair-restore-shampoo-250-ml\/","og_site_name":"Factory Family","og_image":[{"width":800,"height":800,"url":"https:\/\/factoryfam.ua\/wp-content\/uploads\/2025\/07\/goldlustrepairrestoreshampoo250ml-800x800-1.jpg","type":"image\/jpeg"}],"twitter_card":"summary_large_image","twitter_misc":{"Szacowany czas czytania":"2 minuty"},"schema":{"@context":"https:\/\/schema.org","@graph":[{"@type":"WebPage","@id":"https:\/\/factoryfam.ua\/pl\/product\/oribe-gold-lust-repair-restore-shampoo-250-ml\/","url":"https:\/\/factoryfam.ua\/pl\/product\/oribe-gold-lust-repair-restore-shampoo-250-ml\/","name":"Oribe Gold Lust Repair & Restore Shampoo, 250 ml - Factory Family","isPartOf":{"@id":"https:\/\/factoryfam.ua\/pl\/#website"},"primaryImageOfPage":{"@id":"https:\/\/factoryfam.ua\/pl\/product\/oribe-gold-lust-repair-restore-shampoo-250-ml\/#primaryimage"},"image":{"@id":"https:\/\/factoryfam.ua\/pl\/product\/oribe-gold-lust-repair-restore-shampoo-250-ml\/#primaryimage"},"thumbnailUrl":"https:\/\/factoryfam.ua\/wp-content\/uploads\/2025\/07\/goldlustrepairrestoreshampoo250ml-800x800-1.jpg","datePublished":"2025-07-03T12:09:17+00:00","breadcrumb":{"@id":"https:\/\/factoryfam.ua\/pl\/product\/oribe-gold-lust-repair-restore-shampoo-250-ml\/#breadcrumb"},"inLanguage":"pl-PL","potentialAction":[{"@type":"ReadAction","target":["https:\/\/factoryfam.ua\/pl\/product\/oribe-gold-lust-repair-restore-shampoo-250-ml\/"]}]},{"@type":"ImageObject","inLanguage":"pl-PL","@id":"https:\/\/factoryfam.ua\/pl\/product\/oribe-gold-lust-repair-restore-shampoo-250-ml\/#primaryimage","url":"https:\/\/factoryfam.ua\/wp-content\/uploads\/2025\/07\/goldlustrepairrestoreshampoo250ml-800x800-1.jpg","contentUrl":"https:\/\/factoryfam.ua\/wp-content\/uploads\/2025\/07\/goldlustrepairrestoreshampoo250ml-800x800-1.jpg","width":800,"height":800},{"@type":"BreadcrumbList","@id":"https:\/\/factoryfam.ua\/pl\/product\/oribe-gold-lust-repair-restore-shampoo-250-ml\/#breadcrumb","itemListElement":[{"@type":"ListItem","position":1,"name":"\u0413\u043e\u043b\u043e\u0432\u043d\u0430","item":"https:\/\/factoryfam.ua\/pl\/"},{"@type":"ListItem","position":2,"name":"Sklep","item":"https:\/\/factoryfam.ua\/shop\/"},{"@type":"ListItem","position":3,"name":"Oribe Gold Lust Repair &#038; Restore Shampoo, 250 ml"}]},{"@type":"WebSite","@id":"https:\/\/factoryfam.ua\/pl\/#website","url":"https:\/\/factoryfam.ua\/pl\/","name":"Factory Family","description":"","potentialAction":[{"@type":"SearchAction","target":{"@type":"EntryPoint","urlTemplate":"https:\/\/factoryfam.ua\/pl\/?s={search_term_string}"},"query-input":{"@type":"PropertyValueSpecification","valueRequired":true,"valueName":"search_term_string"}}],"inLanguage":"pl-PL"}]}},"_links":{"self":[{"href":"https:\/\/factoryfam.ua\/pl\/wp-json\/wp\/v2\/product\/9082","targetHints":{"allow":["GET"]}}],"collection":[{"href":"https:\/\/factoryfam.ua\/pl\/wp-json\/wp\/v2\/product"}],"about":[{"href":"https:\/\/factoryfam.ua\/pl\/wp-json\/wp\/v2\/types\/product"}],"replies":[{"embeddable":true,"href":"https:\/\/factoryfam.ua\/pl\/wp-json\/wp\/v2\/comments?post=9082"}],"wp:featuredmedia":[{"embeddable":true,"href":"https:\/\/factoryfam.ua\/pl\/wp-json\/wp\/v2\/media\/8736"}],"wp:attachment":[{"href":"https:\/\/factoryfam.ua\/pl\/wp-json\/wp\/v2\/media?parent=9082"}],"wp:term":[{"taxonomy":"product_brand","embeddable":true,"href":"https:\/\/factoryfam.ua\/pl\/wp-json\/wp\/v2\/product_brand?post=9082"},{"taxonomy":"product_cat","embeddable":true,"href":"https:\/\/factoryfam.ua\/pl\/wp-json\/wp\/v2\/product_cat?post=9082"},{"taxonomy":"product_tag","embeddable":true,"href":"https:\/\/factoryfam.ua\/pl\/wp-json\/wp\/v2\/product_tag?post=9082"}],"curies":[{"name":"wp","href":"https:\/\/api.w.org\/{rel}","templated":true}]}}