{"id":9084,"date":"2025-07-03T15:02:40","date_gmt":"2025-07-03T12:02:40","guid":{"rendered":"https:\/\/factoryfam.ua\/product\/kerastase-chronologiste-bain-regenerant\/"},"modified":"2025-07-03T15:02:40","modified_gmt":"2025-07-03T12:02:40","slug":"kerastase-chronologiste-bain-regenerant","status":"publish","type":"product","link":"https:\/\/factoryfam.ua\/pl\/product\/kerastase-chronologiste-bain-regenerant\/","title":{"rendered":"Kerastase Chronologiste Bain R\u00e9g\u00e9n\u00e9rant."},"content":{"rendered":"<p data-start=\"1467\" data-end=\"1506\"><strong data-start=\"1467\" data-end=\"1506\">Szampon K\u00e9rastase Bain Revitalisant<\/strong><\/p>\n<p data-start=\"1508\" data-end=\"1847\">Piel\u0119gnuj\u0105cy szampon o wszechstronnym dzia\u0142aniu do sk\u00f3ry g\u0142owy i w\u0142os\u00f3w.<br data-start=\"1580\" data-end=\"1583\" \/>Dzi\u0119ki najnowszym badaniom w laboratoriach <strong data-start=\"1626\" data-end=\"1645\">Kerastase Paris<\/strong>, szampon <strong data-start=\"1655\" data-end=\"1676\">Bain Revitalisant<\/strong> wzbogacony jest cennymi sk\u0142adnikami aktywnymi.<br data-start=\"1723\" data-end=\"1726\" \/>Delikatnie i naturalnie oczyszcza sk\u00f3r\u0119 g\u0142owy oraz w\u0142osy, \u0142\u0105cz\u0105c delikatno\u015b\u0107 dzia\u0142ania z od\u017cywieniem a\u017c po same ko\u0144c\u00f3wki.<\/p>\n<p data-start=\"1849\" data-end=\"1976\"><strong data-start=\"1849\" data-end=\"1870\">Bain Revitalisant<\/strong> to prawdziwe technologiczne osi\u0105gni\u0119cie, \u0142\u0105cz\u0105ce najcenniejsze sk\u0142adniki aktywne w wysokich st\u0119\u017ceniach:<\/p>\n<ul data-start=\"1977\" data-end=\"2578\">\n<li data-start=\"1977\" data-end=\"2169\">\n<p data-start=\"1979\" data-end=\"2169\"><strong data-start=\"1979\" data-end=\"1991\">Abyssine<\/strong>: \u201eogromna cz\u0105steczka\u201d odkryta w wulkanicznych szczelinach Oceanu Spokojnego, w po\u0142\u0105czeniu z <strong data-start=\"2084\" data-end=\"2103\">Gluco-lipid GL\u00ae<\/strong> i bisabololem dla od\u017cywienia i efektu <strong data-start=\"2142\" data-end=\"2166\">\u201eAksamitnego Dotyku\u201d<\/strong>.<\/p>\n<\/li>\n<li data-start=\"2170\" data-end=\"2268\">\n<p data-start=\"2172\" data-end=\"2268\"><strong data-start=\"2172\" data-end=\"2186\">Witamina F<\/strong>: starannie oczyszcza sk\u00f3r\u0119 g\u0142owy i w\u0142osy dzi\u0119ki swoim leczniczym w\u0142a\u015bciwo\u015bciom.<\/p>\n<\/li>\n<li data-start=\"2269\" data-end=\"2404\">\n<p data-start=\"2271\" data-end=\"2404\"><strong data-start=\"2271\" data-end=\"2285\">Witamina E<\/strong>: jej dzia\u0142anie antyoksydacyjne chroni w\u0142\u00f3kno w\u0142osa przed codziennym wp\u0142ywem promieni UV i zanieczyszcze\u0144 \u015brodowiska.<\/p>\n<\/li>\n<li data-start=\"2405\" data-end=\"2490\">\n<p data-start=\"2407\" data-end=\"2490\"><strong data-start=\"2407\" data-end=\"2419\">Ceramidy<\/strong>: technologia wzmacniaj\u0105ca \u0142usk\u0119 w\u0142osa dla lepszej odporno\u015bci w\u0142\u00f3kna.<\/p>\n<\/li>\n<li data-start=\"2491\" data-end=\"2528\">\n<p data-start=\"2493\" data-end=\"2528\"><strong data-start=\"2493\" data-end=\"2526\">Olejki \u2013 kamelia, amla, argan<\/strong><\/p>\n<\/li>\n<li data-start=\"2529\" data-end=\"2578\">\n<p data-start=\"2531\" data-end=\"2578\"><strong data-start=\"2531\" data-end=\"2544\">Kukurydza<\/strong>: od\u017cywia w\u0142osy i nadaje im blask.<\/p>\n<\/li>\n<\/ul>\n","protected":false},"excerpt":{"rendered":"<p>Przekszta\u0142\u0107 zwyk\u0142\u0105 czynno\u015b\u0107 mycia w\u0142os\u00f3w w prawdziw\u0105 przyjemno\u015b\u0107. Antystarzeniowy szampon do wzmacniania i rewitalizacji w\u0142os\u00f3w <strong data-start=\"2713\" data-end=\"2756\">K\u00e9rastase Chronologiste Bain R\u00e9g\u00e9n\u00e9rant<\/strong> doda w\u0142osom energii i poprawi nastr\u00f3j swoim charakterystycznym zapachem.<\/p>\n","protected":false},"featured_media":8731,"comment_status":"open","ping_status":"closed","template":"","meta":[],"product_brand":[118],"product_cat":[144],"product_tag":[],"class_list":{"0":"post-9084","1":"product","2":"type-product","3":"status-publish","4":"has-post-thumbnail","6":"product_brand-kerastase","7":"product_cat-makijaz","9":"first","10":"instock","11":"shipping-taxable","12":"purchasable","13":"product-type-simple"},"yoast_head":"<!-- This site is optimized with the Yoast SEO plugin v26.8 - https:\/\/yoast.com\/product\/yoast-seo-wordpress\/ -->\n<title>Kerastase Chronologiste Bain R\u00e9g\u00e9n\u00e9rant. - Factory Family<\/title>\n<meta name=\"robots\" content=\"index, follow, max-snippet:-1, max-image-preview:large, max-video-preview:-1\" \/>\n<link rel=\"canonical\" href=\"https:\/\/factoryfam.ua\/pl\/product\/kerastase-chronologiste-bain-regenerant\/\" \/>\n<meta property=\"og:locale\" content=\"pl_PL\" \/>\n<meta property=\"og:type\" content=\"article\" \/>\n<meta property=\"og:title\" content=\"Kerastase Chronologiste Bain R\u00e9g\u00e9n\u00e9rant. - Factory Family\" \/>\n<meta property=\"og:description\" content=\"Przekszta\u0142\u0107 zwyk\u0142\u0105 czynno\u015b\u0107 mycia w\u0142os\u00f3w w prawdziw\u0105 przyjemno\u015b\u0107. Antystarzeniowy szampon do wzmacniania i rewitalizacji w\u0142os\u00f3w K\u00e9rastase Chronologiste Bain R\u00e9g\u00e9n\u00e9rant doda w\u0142osom energii i poprawi nastr\u00f3j swoim charakterystycznym zapachem.\" \/>\n<meta property=\"og:url\" content=\"https:\/\/factoryfam.ua\/pl\/product\/kerastase-chronologiste-bain-regenerant\/\" \/>\n<meta property=\"og:site_name\" content=\"Factory Family\" \/>\n<meta property=\"og:image\" content=\"https:\/\/factoryfam.ua\/wp-content\/uploads\/2025\/07\/bain-regenerant.jpg\" \/>\n\t<meta property=\"og:image:width\" content=\"650\" \/>\n\t<meta property=\"og:image:height\" content=\"650\" \/>\n\t<meta property=\"og:image:type\" content=\"image\/jpeg\" \/>\n<meta name=\"twitter:card\" content=\"summary_large_image\" \/>\n<meta name=\"twitter:label1\" content=\"Szacowany czas czytania\" \/>\n\t<meta name=\"twitter:data1\" content=\"1 minuta\" \/>\n<script type=\"application\/ld+json\" class=\"yoast-schema-graph\">{\"@context\":\"https:\/\/schema.org\",\"@graph\":[{\"@type\":\"WebPage\",\"@id\":\"https:\/\/factoryfam.ua\/pl\/product\/kerastase-chronologiste-bain-regenerant\/\",\"url\":\"https:\/\/factoryfam.ua\/pl\/product\/kerastase-chronologiste-bain-regenerant\/\",\"name\":\"Kerastase Chronologiste Bain R\u00e9g\u00e9n\u00e9rant. - Factory Family\",\"isPartOf\":{\"@id\":\"https:\/\/factoryfam.ua\/pl\/#website\"},\"primaryImageOfPage\":{\"@id\":\"https:\/\/factoryfam.ua\/pl\/product\/kerastase-chronologiste-bain-regenerant\/#primaryimage\"},\"image\":{\"@id\":\"https:\/\/factoryfam.ua\/pl\/product\/kerastase-chronologiste-bain-regenerant\/#primaryimage\"},\"thumbnailUrl\":\"https:\/\/factoryfam.ua\/wp-content\/uploads\/2025\/07\/bain-regenerant.jpg\",\"datePublished\":\"2025-07-03T12:02:40+00:00\",\"breadcrumb\":{\"@id\":\"https:\/\/factoryfam.ua\/pl\/product\/kerastase-chronologiste-bain-regenerant\/#breadcrumb\"},\"inLanguage\":\"pl-PL\",\"potentialAction\":[{\"@type\":\"ReadAction\",\"target\":[\"https:\/\/factoryfam.ua\/pl\/product\/kerastase-chronologiste-bain-regenerant\/\"]}]},{\"@type\":\"ImageObject\",\"inLanguage\":\"pl-PL\",\"@id\":\"https:\/\/factoryfam.ua\/pl\/product\/kerastase-chronologiste-bain-regenerant\/#primaryimage\",\"url\":\"https:\/\/factoryfam.ua\/wp-content\/uploads\/2025\/07\/bain-regenerant.jpg\",\"contentUrl\":\"https:\/\/factoryfam.ua\/wp-content\/uploads\/2025\/07\/bain-regenerant.jpg\",\"width\":650,\"height\":650},{\"@type\":\"BreadcrumbList\",\"@id\":\"https:\/\/factoryfam.ua\/pl\/product\/kerastase-chronologiste-bain-regenerant\/#breadcrumb\",\"itemListElement\":[{\"@type\":\"ListItem\",\"position\":1,\"name\":\"\u0413\u043e\u043b\u043e\u0432\u043d\u0430\",\"item\":\"https:\/\/factoryfam.ua\/pl\/\"},{\"@type\":\"ListItem\",\"position\":2,\"name\":\"Sklep\",\"item\":\"https:\/\/factoryfam.ua\/shop\/\"},{\"@type\":\"ListItem\",\"position\":3,\"name\":\"Kerastase Chronologiste Bain R\u00e9g\u00e9n\u00e9rant.\"}]},{\"@type\":\"WebSite\",\"@id\":\"https:\/\/factoryfam.ua\/pl\/#website\",\"url\":\"https:\/\/factoryfam.ua\/pl\/\",\"name\":\"Factory Family\",\"description\":\"\",\"potentialAction\":[{\"@type\":\"SearchAction\",\"target\":{\"@type\":\"EntryPoint\",\"urlTemplate\":\"https:\/\/factoryfam.ua\/pl\/?s={search_term_string}\"},\"query-input\":{\"@type\":\"PropertyValueSpecification\",\"valueRequired\":true,\"valueName\":\"search_term_string\"}}],\"inLanguage\":\"pl-PL\"}]}<\/script>\n<!-- \/ Yoast SEO plugin. -->","yoast_head_json":{"title":"Kerastase Chronologiste Bain R\u00e9g\u00e9n\u00e9rant. - Factory Family","robots":{"index":"index","follow":"follow","max-snippet":"max-snippet:-1","max-image-preview":"max-image-preview:large","max-video-preview":"max-video-preview:-1"},"canonical":"https:\/\/factoryfam.ua\/pl\/product\/kerastase-chronologiste-bain-regenerant\/","og_locale":"pl_PL","og_type":"article","og_title":"Kerastase Chronologiste Bain R\u00e9g\u00e9n\u00e9rant. - Factory Family","og_description":"Przekszta\u0142\u0107 zwyk\u0142\u0105 czynno\u015b\u0107 mycia w\u0142os\u00f3w w prawdziw\u0105 przyjemno\u015b\u0107. Antystarzeniowy szampon do wzmacniania i rewitalizacji w\u0142os\u00f3w K\u00e9rastase Chronologiste Bain R\u00e9g\u00e9n\u00e9rant doda w\u0142osom energii i poprawi nastr\u00f3j swoim charakterystycznym zapachem.","og_url":"https:\/\/factoryfam.ua\/pl\/product\/kerastase-chronologiste-bain-regenerant\/","og_site_name":"Factory Family","og_image":[{"width":650,"height":650,"url":"https:\/\/factoryfam.ua\/wp-content\/uploads\/2025\/07\/bain-regenerant.jpg","type":"image\/jpeg"}],"twitter_card":"summary_large_image","twitter_misc":{"Szacowany czas czytania":"1 minuta"},"schema":{"@context":"https:\/\/schema.org","@graph":[{"@type":"WebPage","@id":"https:\/\/factoryfam.ua\/pl\/product\/kerastase-chronologiste-bain-regenerant\/","url":"https:\/\/factoryfam.ua\/pl\/product\/kerastase-chronologiste-bain-regenerant\/","name":"Kerastase Chronologiste Bain R\u00e9g\u00e9n\u00e9rant. - Factory Family","isPartOf":{"@id":"https:\/\/factoryfam.ua\/pl\/#website"},"primaryImageOfPage":{"@id":"https:\/\/factoryfam.ua\/pl\/product\/kerastase-chronologiste-bain-regenerant\/#primaryimage"},"image":{"@id":"https:\/\/factoryfam.ua\/pl\/product\/kerastase-chronologiste-bain-regenerant\/#primaryimage"},"thumbnailUrl":"https:\/\/factoryfam.ua\/wp-content\/uploads\/2025\/07\/bain-regenerant.jpg","datePublished":"2025-07-03T12:02:40+00:00","breadcrumb":{"@id":"https:\/\/factoryfam.ua\/pl\/product\/kerastase-chronologiste-bain-regenerant\/#breadcrumb"},"inLanguage":"pl-PL","potentialAction":[{"@type":"ReadAction","target":["https:\/\/factoryfam.ua\/pl\/product\/kerastase-chronologiste-bain-regenerant\/"]}]},{"@type":"ImageObject","inLanguage":"pl-PL","@id":"https:\/\/factoryfam.ua\/pl\/product\/kerastase-chronologiste-bain-regenerant\/#primaryimage","url":"https:\/\/factoryfam.ua\/wp-content\/uploads\/2025\/07\/bain-regenerant.jpg","contentUrl":"https:\/\/factoryfam.ua\/wp-content\/uploads\/2025\/07\/bain-regenerant.jpg","width":650,"height":650},{"@type":"BreadcrumbList","@id":"https:\/\/factoryfam.ua\/pl\/product\/kerastase-chronologiste-bain-regenerant\/#breadcrumb","itemListElement":[{"@type":"ListItem","position":1,"name":"\u0413\u043e\u043b\u043e\u0432\u043d\u0430","item":"https:\/\/factoryfam.ua\/pl\/"},{"@type":"ListItem","position":2,"name":"Sklep","item":"https:\/\/factoryfam.ua\/shop\/"},{"@type":"ListItem","position":3,"name":"Kerastase Chronologiste Bain R\u00e9g\u00e9n\u00e9rant."}]},{"@type":"WebSite","@id":"https:\/\/factoryfam.ua\/pl\/#website","url":"https:\/\/factoryfam.ua\/pl\/","name":"Factory Family","description":"","potentialAction":[{"@type":"SearchAction","target":{"@type":"EntryPoint","urlTemplate":"https:\/\/factoryfam.ua\/pl\/?s={search_term_string}"},"query-input":{"@type":"PropertyValueSpecification","valueRequired":true,"valueName":"search_term_string"}}],"inLanguage":"pl-PL"}]}},"_links":{"self":[{"href":"https:\/\/factoryfam.ua\/pl\/wp-json\/wp\/v2\/product\/9084","targetHints":{"allow":["GET"]}}],"collection":[{"href":"https:\/\/factoryfam.ua\/pl\/wp-json\/wp\/v2\/product"}],"about":[{"href":"https:\/\/factoryfam.ua\/pl\/wp-json\/wp\/v2\/types\/product"}],"replies":[{"embeddable":true,"href":"https:\/\/factoryfam.ua\/pl\/wp-json\/wp\/v2\/comments?post=9084"}],"wp:featuredmedia":[{"embeddable":true,"href":"https:\/\/factoryfam.ua\/pl\/wp-json\/wp\/v2\/media\/8731"}],"wp:attachment":[{"href":"https:\/\/factoryfam.ua\/pl\/wp-json\/wp\/v2\/media?parent=9084"}],"wp:term":[{"taxonomy":"product_brand","embeddable":true,"href":"https:\/\/factoryfam.ua\/pl\/wp-json\/wp\/v2\/product_brand?post=9084"},{"taxonomy":"product_cat","embeddable":true,"href":"https:\/\/factoryfam.ua\/pl\/wp-json\/wp\/v2\/product_cat?post=9084"},{"taxonomy":"product_tag","embeddable":true,"href":"https:\/\/factoryfam.ua\/pl\/wp-json\/wp\/v2\/product_tag?post=9084"}],"curies":[{"name":"wp","href":"https:\/\/api.w.org\/{rel}","templated":true}]}}