{"id":9088,"date":"2025-07-03T14:54:06","date_gmt":"2025-07-03T11:54:06","guid":{"rendered":"https:\/\/factoryfam.ua\/product\/kevin-murphy-angel-wash\/"},"modified":"2025-07-03T14:54:06","modified_gmt":"2025-07-03T11:54:06","slug":"kevin-murphy-angel-wash","status":"publish","type":"product","link":"https:\/\/factoryfam.ua\/pl\/product\/kevin-murphy-angel-wash\/","title":{"rendered":"KEVIN.MURPHY ANGEL.WASH"},"content":{"rendered":"<p data-start=\"1386\" data-end=\"1967\">Naturalne sk\u0142adniki i wyj\u0105tkowo troskliwe podej\u015bcie do tworzenia produkt\u00f3w sprawi\u0142y, \u017ce marka Kevin.Murphy jest jednym z lider\u00f3w na \u015bwiatowym rynku kosmetycznym. Za\u0142o\u017cycielem jest jeden z najlepszych stylist\u00f3w Australii, kt\u00f3ry od wielu lat udowadnia swoj\u0105 wy\u017cszo\u015b\u0107 w\u015br\u00f3d \u015bwiatowej elity. Doskonale wie, jak zapewni\u0107 idealn\u0105 piel\u0119gnacj\u0119 cienkim kosmykom poddanym dzia\u0142aniu farby. Produkt delikatnie oczyszcza, skutecznie odbudowuje struktur\u0119 w\u0142os\u00f3w i nadaje pasmom g\u0119sto\u015b\u0107. Ju\u017c po kilku zastosowaniach b\u0119dziesz dumny z doskona\u0142ego stanu w\u0142os\u00f3w i cieszy\u0107 si\u0119 ka\u017cd\u0105 chwil\u0105 stylizacji.<\/p>\n<p data-start=\"1969\" data-end=\"2004\"><strong data-start=\"1969\" data-end=\"2004\">Cechy Kevin.Murphy Angel.Rinse:<\/strong><\/p>\n<ul data-start=\"2006\" data-end=\"2527\">\n<li data-start=\"2006\" data-end=\"2067\">\n<p data-start=\"2008\" data-end=\"2067\">Poprawia cienkie kosmyki, obdarzaj\u0105c je zdrowym blaskiem;<\/p>\n<\/li>\n<li data-start=\"2068\" data-end=\"2110\">\n<p data-start=\"2070\" data-end=\"2110\">Wspomaga maksymalne utrzymanie koloru;<\/p>\n<\/li>\n<li data-start=\"2111\" data-end=\"2179\">\n<p data-start=\"2113\" data-end=\"2179\">Sok z aloesu w sk\u0142adzie stymuluje wzrost i zapobiega \u0142amliwo\u015bci;<\/p>\n<\/li>\n<li data-start=\"2180\" data-end=\"2220\">\n<p data-start=\"2182\" data-end=\"2220\">Usuwa problem rozdwojonych ko\u0144c\u00f3wek;<\/p>\n<\/li>\n<li data-start=\"2221\" data-end=\"2332\">\n<p data-start=\"2223\" data-end=\"2332\">Olej z mango i mas\u0142o kakaowe tworz\u0105 barier\u0119 ochronn\u0105, normalizuj\u0105 przet\u0142uszczanie i zapobiegaj\u0105 \u0142uszczeniu;<\/p>\n<\/li>\n<li data-start=\"2333\" data-end=\"2433\">\n<p data-start=\"2335\" data-end=\"2433\">Olejek mandarynkowy nasyca witaminami A, C i D, zapewniaj\u0105c pasmom zdrowy blask, si\u0142\u0119 i g\u0119sto\u015b\u0107;<\/p>\n<\/li>\n<li data-start=\"2434\" data-end=\"2473\">\n<p data-start=\"2436\" data-end=\"2473\">Nie zawiera paraben\u00f3w i siarczan\u00f3w;<\/p>\n<\/li>\n<li data-start=\"2474\" data-end=\"2527\">\n<p data-start=\"2476\" data-end=\"2527\">Opakowanie wykonane z materia\u0142\u00f3w biodegradowalnych.<\/p>\n<\/li>\n<\/ul>\n","protected":false},"excerpt":{"rendered":"<p>Szampon do cienkich, farbowanych w\u0142os\u00f3w delikatnie oczyszcza, nadaje w\u0142osom odpowiedni\u0105 obj\u0119to\u015b\u0107 i nawil\u017cenie. Przywraca r\u00f3wnowag\u0119 hydrolipidow\u0105 sk\u00f3ry g\u0142owy i w\u0142os\u00f3w. Przed\u0142u\u017ca trwa\u0142o\u015b\u0107 koloru.<\/p>\n","protected":false},"featured_media":8721,"comment_status":"open","ping_status":"closed","template":"","meta":[],"product_brand":[116],"product_cat":[144],"product_tag":[],"class_list":{"0":"post-9088","1":"product","2":"type-product","3":"status-publish","4":"has-post-thumbnail","6":"product_brand-kevin-murphy","7":"product_cat-makijaz","9":"first","10":"instock","11":"shipping-taxable","12":"purchasable","13":"product-type-simple"},"yoast_head":"<!-- This site is optimized with the Yoast SEO plugin v26.8 - https:\/\/yoast.com\/product\/yoast-seo-wordpress\/ -->\n<title>KEVIN.MURPHY ANGEL.WASH - Factory Family<\/title>\n<meta name=\"robots\" content=\"index, follow, max-snippet:-1, max-image-preview:large, max-video-preview:-1\" \/>\n<link rel=\"canonical\" href=\"https:\/\/factoryfam.ua\/pl\/product\/kevin-murphy-angel-wash\/\" \/>\n<meta property=\"og:locale\" content=\"pl_PL\" \/>\n<meta property=\"og:type\" content=\"article\" \/>\n<meta property=\"og:title\" content=\"KEVIN.MURPHY ANGEL.WASH - Factory Family\" \/>\n<meta property=\"og:description\" content=\"Szampon do cienkich, farbowanych w\u0142os\u00f3w delikatnie oczyszcza, nadaje w\u0142osom odpowiedni\u0105 obj\u0119to\u015b\u0107 i nawil\u017cenie. Przywraca r\u00f3wnowag\u0119 hydrolipidow\u0105 sk\u00f3ry g\u0142owy i w\u0142os\u00f3w. Przed\u0142u\u017ca trwa\u0142o\u015b\u0107 koloru.\" \/>\n<meta property=\"og:url\" content=\"https:\/\/factoryfam.ua\/pl\/product\/kevin-murphy-angel-wash\/\" \/>\n<meta property=\"og:site_name\" content=\"Factory Family\" \/>\n<meta property=\"og:image\" content=\"https:\/\/factoryfam.ua\/wp-content\/uploads\/2025\/07\/60d54b83-7c77-4927-aa96-a612bcc318d5.jpg\" \/>\n\t<meta property=\"og:image:width\" content=\"800\" \/>\n\t<meta property=\"og:image:height\" content=\"800\" \/>\n\t<meta property=\"og:image:type\" content=\"image\/jpeg\" \/>\n<meta name=\"twitter:card\" content=\"summary_large_image\" \/>\n<meta name=\"twitter:label1\" content=\"Szacowany czas czytania\" \/>\n\t<meta name=\"twitter:data1\" content=\"1 minuta\" \/>\n<script type=\"application\/ld+json\" class=\"yoast-schema-graph\">{\"@context\":\"https:\/\/schema.org\",\"@graph\":[{\"@type\":\"WebPage\",\"@id\":\"https:\/\/factoryfam.ua\/pl\/product\/kevin-murphy-angel-wash\/\",\"url\":\"https:\/\/factoryfam.ua\/pl\/product\/kevin-murphy-angel-wash\/\",\"name\":\"KEVIN.MURPHY ANGEL.WASH - Factory Family\",\"isPartOf\":{\"@id\":\"https:\/\/factoryfam.ua\/pl\/#website\"},\"primaryImageOfPage\":{\"@id\":\"https:\/\/factoryfam.ua\/pl\/product\/kevin-murphy-angel-wash\/#primaryimage\"},\"image\":{\"@id\":\"https:\/\/factoryfam.ua\/pl\/product\/kevin-murphy-angel-wash\/#primaryimage\"},\"thumbnailUrl\":\"https:\/\/factoryfam.ua\/wp-content\/uploads\/2025\/07\/60d54b83-7c77-4927-aa96-a612bcc318d5.jpg\",\"datePublished\":\"2025-07-03T11:54:06+00:00\",\"breadcrumb\":{\"@id\":\"https:\/\/factoryfam.ua\/pl\/product\/kevin-murphy-angel-wash\/#breadcrumb\"},\"inLanguage\":\"pl-PL\",\"potentialAction\":[{\"@type\":\"ReadAction\",\"target\":[\"https:\/\/factoryfam.ua\/pl\/product\/kevin-murphy-angel-wash\/\"]}]},{\"@type\":\"ImageObject\",\"inLanguage\":\"pl-PL\",\"@id\":\"https:\/\/factoryfam.ua\/pl\/product\/kevin-murphy-angel-wash\/#primaryimage\",\"url\":\"https:\/\/factoryfam.ua\/wp-content\/uploads\/2025\/07\/60d54b83-7c77-4927-aa96-a612bcc318d5.jpg\",\"contentUrl\":\"https:\/\/factoryfam.ua\/wp-content\/uploads\/2025\/07\/60d54b83-7c77-4927-aa96-a612bcc318d5.jpg\",\"width\":800,\"height\":800},{\"@type\":\"BreadcrumbList\",\"@id\":\"https:\/\/factoryfam.ua\/pl\/product\/kevin-murphy-angel-wash\/#breadcrumb\",\"itemListElement\":[{\"@type\":\"ListItem\",\"position\":1,\"name\":\"\u0413\u043e\u043b\u043e\u0432\u043d\u0430\",\"item\":\"https:\/\/factoryfam.ua\/pl\/\"},{\"@type\":\"ListItem\",\"position\":2,\"name\":\"Sklep\",\"item\":\"https:\/\/factoryfam.ua\/shop\/\"},{\"@type\":\"ListItem\",\"position\":3,\"name\":\"KEVIN.MURPHY ANGEL.WASH\"}]},{\"@type\":\"WebSite\",\"@id\":\"https:\/\/factoryfam.ua\/pl\/#website\",\"url\":\"https:\/\/factoryfam.ua\/pl\/\",\"name\":\"Factory Family\",\"description\":\"\",\"potentialAction\":[{\"@type\":\"SearchAction\",\"target\":{\"@type\":\"EntryPoint\",\"urlTemplate\":\"https:\/\/factoryfam.ua\/pl\/?s={search_term_string}\"},\"query-input\":{\"@type\":\"PropertyValueSpecification\",\"valueRequired\":true,\"valueName\":\"search_term_string\"}}],\"inLanguage\":\"pl-PL\"}]}<\/script>\n<!-- \/ Yoast SEO plugin. -->","yoast_head_json":{"title":"KEVIN.MURPHY ANGEL.WASH - Factory Family","robots":{"index":"index","follow":"follow","max-snippet":"max-snippet:-1","max-image-preview":"max-image-preview:large","max-video-preview":"max-video-preview:-1"},"canonical":"https:\/\/factoryfam.ua\/pl\/product\/kevin-murphy-angel-wash\/","og_locale":"pl_PL","og_type":"article","og_title":"KEVIN.MURPHY ANGEL.WASH - Factory Family","og_description":"Szampon do cienkich, farbowanych w\u0142os\u00f3w delikatnie oczyszcza, nadaje w\u0142osom odpowiedni\u0105 obj\u0119to\u015b\u0107 i nawil\u017cenie. Przywraca r\u00f3wnowag\u0119 hydrolipidow\u0105 sk\u00f3ry g\u0142owy i w\u0142os\u00f3w. Przed\u0142u\u017ca trwa\u0142o\u015b\u0107 koloru.","og_url":"https:\/\/factoryfam.ua\/pl\/product\/kevin-murphy-angel-wash\/","og_site_name":"Factory Family","og_image":[{"width":800,"height":800,"url":"https:\/\/factoryfam.ua\/wp-content\/uploads\/2025\/07\/60d54b83-7c77-4927-aa96-a612bcc318d5.jpg","type":"image\/jpeg"}],"twitter_card":"summary_large_image","twitter_misc":{"Szacowany czas czytania":"1 minuta"},"schema":{"@context":"https:\/\/schema.org","@graph":[{"@type":"WebPage","@id":"https:\/\/factoryfam.ua\/pl\/product\/kevin-murphy-angel-wash\/","url":"https:\/\/factoryfam.ua\/pl\/product\/kevin-murphy-angel-wash\/","name":"KEVIN.MURPHY ANGEL.WASH - Factory Family","isPartOf":{"@id":"https:\/\/factoryfam.ua\/pl\/#website"},"primaryImageOfPage":{"@id":"https:\/\/factoryfam.ua\/pl\/product\/kevin-murphy-angel-wash\/#primaryimage"},"image":{"@id":"https:\/\/factoryfam.ua\/pl\/product\/kevin-murphy-angel-wash\/#primaryimage"},"thumbnailUrl":"https:\/\/factoryfam.ua\/wp-content\/uploads\/2025\/07\/60d54b83-7c77-4927-aa96-a612bcc318d5.jpg","datePublished":"2025-07-03T11:54:06+00:00","breadcrumb":{"@id":"https:\/\/factoryfam.ua\/pl\/product\/kevin-murphy-angel-wash\/#breadcrumb"},"inLanguage":"pl-PL","potentialAction":[{"@type":"ReadAction","target":["https:\/\/factoryfam.ua\/pl\/product\/kevin-murphy-angel-wash\/"]}]},{"@type":"ImageObject","inLanguage":"pl-PL","@id":"https:\/\/factoryfam.ua\/pl\/product\/kevin-murphy-angel-wash\/#primaryimage","url":"https:\/\/factoryfam.ua\/wp-content\/uploads\/2025\/07\/60d54b83-7c77-4927-aa96-a612bcc318d5.jpg","contentUrl":"https:\/\/factoryfam.ua\/wp-content\/uploads\/2025\/07\/60d54b83-7c77-4927-aa96-a612bcc318d5.jpg","width":800,"height":800},{"@type":"BreadcrumbList","@id":"https:\/\/factoryfam.ua\/pl\/product\/kevin-murphy-angel-wash\/#breadcrumb","itemListElement":[{"@type":"ListItem","position":1,"name":"\u0413\u043e\u043b\u043e\u0432\u043d\u0430","item":"https:\/\/factoryfam.ua\/pl\/"},{"@type":"ListItem","position":2,"name":"Sklep","item":"https:\/\/factoryfam.ua\/shop\/"},{"@type":"ListItem","position":3,"name":"KEVIN.MURPHY ANGEL.WASH"}]},{"@type":"WebSite","@id":"https:\/\/factoryfam.ua\/pl\/#website","url":"https:\/\/factoryfam.ua\/pl\/","name":"Factory Family","description":"","potentialAction":[{"@type":"SearchAction","target":{"@type":"EntryPoint","urlTemplate":"https:\/\/factoryfam.ua\/pl\/?s={search_term_string}"},"query-input":{"@type":"PropertyValueSpecification","valueRequired":true,"valueName":"search_term_string"}}],"inLanguage":"pl-PL"}]}},"_links":{"self":[{"href":"https:\/\/factoryfam.ua\/pl\/wp-json\/wp\/v2\/product\/9088","targetHints":{"allow":["GET"]}}],"collection":[{"href":"https:\/\/factoryfam.ua\/pl\/wp-json\/wp\/v2\/product"}],"about":[{"href":"https:\/\/factoryfam.ua\/pl\/wp-json\/wp\/v2\/types\/product"}],"replies":[{"embeddable":true,"href":"https:\/\/factoryfam.ua\/pl\/wp-json\/wp\/v2\/comments?post=9088"}],"wp:featuredmedia":[{"embeddable":true,"href":"https:\/\/factoryfam.ua\/pl\/wp-json\/wp\/v2\/media\/8721"}],"wp:attachment":[{"href":"https:\/\/factoryfam.ua\/pl\/wp-json\/wp\/v2\/media?parent=9088"}],"wp:term":[{"taxonomy":"product_brand","embeddable":true,"href":"https:\/\/factoryfam.ua\/pl\/wp-json\/wp\/v2\/product_brand?post=9088"},{"taxonomy":"product_cat","embeddable":true,"href":"https:\/\/factoryfam.ua\/pl\/wp-json\/wp\/v2\/product_cat?post=9088"},{"taxonomy":"product_tag","embeddable":true,"href":"https:\/\/factoryfam.ua\/pl\/wp-json\/wp\/v2\/product_tag?post=9088"}],"curies":[{"name":"wp","href":"https:\/\/api.w.org\/{rel}","templated":true}]}}