{"id":9090,"date":"2025-07-03T14:49:03","date_gmt":"2025-07-03T11:49:03","guid":{"rendered":"https:\/\/factoryfam.ua\/product\/erborian-clair-bb-cream-40-ml\/"},"modified":"2025-07-03T14:49:03","modified_gmt":"2025-07-03T11:49:03","slug":"erborian-clair-bb-cream-40-ml","status":"publish","type":"product","link":"https:\/\/factoryfam.ua\/pl\/product\/erborian-clair-bb-cream-40-ml\/","title":{"rendered":"Erborian Clair BB Cream 40 ml"},"content":{"rendered":"<p data-start=\"1800\" data-end=\"1851\">BB KREM ERBORIAN: KULTOWY EFEKT \u201eDZIECI\u0118CEJ SK\u00d3RY\u201d.<\/p>\n<p data-start=\"1853\" data-end=\"1983\">Krem, kt\u00f3ry poprawia kondycj\u0119 sk\u00f3ry dzi\u0119ki dzia\u0142aniu p\u00f3\u0142kryj\u0105cemu, piel\u0119gnacyjnemu i natychmiastowemu efektowi \u201edzieci\u0119cej sk\u00f3ry\u201d.<\/p>\n<p data-start=\"1985\" data-end=\"2232\">Jego lekka konsystencja pomaga idealnie wyr\u00f3wna\u0107 koloryt sk\u00f3ry bez efektu maski. Formu\u0142a wzbogacona kompleksem bia\u0142ego \u017ce\u0144-szenia \u2014 korea\u0144skiego sk\u0142adnika aktywnego znanego ze swoich w\u0142a\u015bciwo\u015bci wyg\u0142adzaj\u0105cych, kt\u00f3ry piel\u0119gnuje sk\u00f3r\u0119 ka\u017cdego dnia.<\/p>\n<p data-start=\"2234\" data-end=\"2255\">Stosuj BB CREAM do:<\/p>\n<ul data-start=\"2256\" data-end=\"2471\">\n<li data-start=\"2256\" data-end=\"2298\">\n<p data-start=\"2258\" data-end=\"2298\">Ujednolicenia i poprawy kolorytu sk\u00f3ry<\/p>\n<\/li>\n<li data-start=\"2299\" data-end=\"2338\">\n<p data-start=\"2301\" data-end=\"2338\">Maskowania drobnych niedoskona\u0142o\u015bci<\/p>\n<\/li>\n<li data-start=\"2339\" data-end=\"2374\">\n<p data-start=\"2341\" data-end=\"2374\">Wyra\u017anej poprawy tekstury sk\u00f3ry<\/p>\n<\/li>\n<li data-start=\"2375\" data-end=\"2422\">\n<p data-start=\"2377\" data-end=\"2422\">Nawil\u017cenia dla bardziej \u201eelastycznej\u201d sk\u00f3ry<\/p>\n<\/li>\n<li data-start=\"2423\" data-end=\"2471\">\n<p data-start=\"2425\" data-end=\"2471\">Nadania aksamitnego, niet\u0142ustego wyko\u0144czenia<\/p>\n<\/li>\n<\/ul>\n<p data-start=\"2473\" data-end=\"2590\">Dzi\u0119ki ochronie przeciws\u0142onecznej SPF 20 Twoja sk\u00f3ra jest chroniona przed szkodliwym dzia\u0142aniem promieni s\u0142onecznych.<\/p>\n<p data-start=\"2592\" data-end=\"2685\">100% pigmenty mineralne.<br data-start=\"2616\" data-end=\"2619\" \/>Testowany dermatologicznie.<br data-start=\"2646\" data-end=\"2649\" \/>Niekomedogenny.<br data-start=\"2664\" data-end=\"2667\" \/>Formu\u0142a wega\u0144ska*.<\/p>\n<p data-start=\"2687\" data-end=\"2759\">Nowa formu\u0142a: ulepszony sk\u0142ad, niezmieniony kultowy efekt i wyko\u0144czenie.<\/p>\n<p data-start=\"2761\" data-end=\"2841\">*Formu\u0142owany bez sk\u0142adnik\u00f3w pochodzenia zwierz\u0119cego, w tym produkt\u00f3w pszczelich.<\/p>\n<p data-start=\"2843\" data-end=\"3048\"><strong data-start=\"2843\" data-end=\"2861\">Spos\u00f3b u\u017cycia:<\/strong> Na\u0142\u00f3\u017c kilka kropel kremu i r\u00f3wnomiernie rozprowad\u017a. Delikatnie wmasuj, a\u017c krem dostosuje si\u0119 do tonu Twojej sk\u00f3ry.<br data-start=\"2976\" data-end=\"2979\" \/><strong data-start=\"2979\" data-end=\"2989\">Efekt:<\/strong> Mi\u0119kka, aksamitna, idealnie g\u0142adka sk\u00f3ra bez efektu maski.<\/p>\n<p data-start=\"3050\" data-end=\"3118\"><strong data-start=\"3050\" data-end=\"3064\">Typ sk\u00f3ry:<\/strong> odpowiedni dla wszystkich typ\u00f3w sk\u00f3ry<br data-start=\"3102\" data-end=\"3105\" \/><strong data-start=\"3105\" data-end=\"3114\">Wiek:<\/strong> 18+<\/p>\n<p data-start=\"3120\" data-end=\"3370\"><strong data-start=\"3120\" data-end=\"3141\">G\u0142\u00f3wne sk\u0142adniki:<\/strong> Korze\u0144 6-letniego korea\u0144skiego \u017ce\u0144-szenia, gliceryna, ekstrakt z kigelii, ekstrakt z portulaki, ekstrakt z lukrecji, ekstrakt z skrzypu, ekstrakt z kamelii, witamina E, filtry przeciws\u0142oneczne chroni\u0105ce przed promieniowaniem UV.<\/p>\n<p data-start=\"3372\" data-end=\"3490\">100% pigmenty mineralne. Formu\u0142a wega\u0144ska. Nie zawiera sk\u0142adnik\u00f3w pochodzenia zwierz\u0119cego, w tym produkt\u00f3w pszczelich.<\/p>\n","protected":false},"excerpt":{"rendered":"<p>Lekka konsystencja maskuje niedoskona\u0142o\u015bci i tworzy efekt naturalnie nieskazitelnej sk\u00f3ry. Hipoalergiczna formu\u0142a odpowiednia dla wszystkich typ\u00f3w sk\u00f3ry.<\/p>\n","protected":false},"featured_media":8716,"comment_status":"open","ping_status":"closed","template":"","meta":[],"product_brand":[114],"product_cat":[144],"product_tag":[],"class_list":{"0":"post-9090","1":"product","2":"type-product","3":"status-publish","4":"has-post-thumbnail","6":"product_brand-erborian","7":"product_cat-makijaz","9":"first","10":"instock","11":"shipping-taxable","12":"purchasable","13":"product-type-simple"},"yoast_head":"<!-- This site is optimized with the Yoast SEO plugin v26.8 - https:\/\/yoast.com\/product\/yoast-seo-wordpress\/ -->\n<title>Erborian Clair BB Cream 40 ml - Factory Family<\/title>\n<meta name=\"robots\" content=\"index, follow, max-snippet:-1, max-image-preview:large, max-video-preview:-1\" \/>\n<link rel=\"canonical\" href=\"https:\/\/factoryfam.ua\/pl\/product\/erborian-clair-bb-cream-40-ml\/\" \/>\n<meta property=\"og:locale\" content=\"pl_PL\" \/>\n<meta property=\"og:type\" content=\"article\" \/>\n<meta property=\"og:title\" content=\"Erborian Clair BB Cream 40 ml - Factory Family\" \/>\n<meta property=\"og:description\" content=\"Lekka konsystencja maskuje niedoskona\u0142o\u015bci i tworzy efekt naturalnie nieskazitelnej sk\u00f3ry. Hipoalergiczna formu\u0142a odpowiednia dla wszystkich typ\u00f3w sk\u00f3ry.\" \/>\n<meta property=\"og:url\" content=\"https:\/\/factoryfam.ua\/pl\/product\/erborian-clair-bb-cream-40-ml\/\" \/>\n<meta property=\"og:site_name\" content=\"Factory Family\" \/>\n<meta property=\"og:image\" content=\"https:\/\/factoryfam.ua\/wp-content\/uploads\/2025\/07\/large-bb_creme_40ml_nude-6aa10389-.jpg\" \/>\n\t<meta property=\"og:image:width\" content=\"962\" \/>\n\t<meta property=\"og:image:height\" content=\"962\" \/>\n\t<meta property=\"og:image:type\" content=\"image\/jpeg\" \/>\n<meta name=\"twitter:card\" content=\"summary_large_image\" \/>\n<meta name=\"twitter:label1\" content=\"Szacowany czas czytania\" \/>\n\t<meta name=\"twitter:data1\" content=\"1 minuta\" \/>\n<script type=\"application\/ld+json\" class=\"yoast-schema-graph\">{\"@context\":\"https:\/\/schema.org\",\"@graph\":[{\"@type\":\"WebPage\",\"@id\":\"https:\/\/factoryfam.ua\/pl\/product\/erborian-clair-bb-cream-40-ml\/\",\"url\":\"https:\/\/factoryfam.ua\/pl\/product\/erborian-clair-bb-cream-40-ml\/\",\"name\":\"Erborian Clair BB Cream 40 ml - Factory Family\",\"isPartOf\":{\"@id\":\"https:\/\/factoryfam.ua\/pl\/#website\"},\"primaryImageOfPage\":{\"@id\":\"https:\/\/factoryfam.ua\/pl\/product\/erborian-clair-bb-cream-40-ml\/#primaryimage\"},\"image\":{\"@id\":\"https:\/\/factoryfam.ua\/pl\/product\/erborian-clair-bb-cream-40-ml\/#primaryimage\"},\"thumbnailUrl\":\"https:\/\/factoryfam.ua\/wp-content\/uploads\/2025\/07\/large-bb_creme_40ml_nude-6aa10389-.jpg\",\"datePublished\":\"2025-07-03T11:49:03+00:00\",\"breadcrumb\":{\"@id\":\"https:\/\/factoryfam.ua\/pl\/product\/erborian-clair-bb-cream-40-ml\/#breadcrumb\"},\"inLanguage\":\"pl-PL\",\"potentialAction\":[{\"@type\":\"ReadAction\",\"target\":[\"https:\/\/factoryfam.ua\/pl\/product\/erborian-clair-bb-cream-40-ml\/\"]}]},{\"@type\":\"ImageObject\",\"inLanguage\":\"pl-PL\",\"@id\":\"https:\/\/factoryfam.ua\/pl\/product\/erborian-clair-bb-cream-40-ml\/#primaryimage\",\"url\":\"https:\/\/factoryfam.ua\/wp-content\/uploads\/2025\/07\/large-bb_creme_40ml_nude-6aa10389-.jpg\",\"contentUrl\":\"https:\/\/factoryfam.ua\/wp-content\/uploads\/2025\/07\/large-bb_creme_40ml_nude-6aa10389-.jpg\",\"width\":962,\"height\":962},{\"@type\":\"BreadcrumbList\",\"@id\":\"https:\/\/factoryfam.ua\/pl\/product\/erborian-clair-bb-cream-40-ml\/#breadcrumb\",\"itemListElement\":[{\"@type\":\"ListItem\",\"position\":1,\"name\":\"\u0413\u043e\u043b\u043e\u0432\u043d\u0430\",\"item\":\"https:\/\/factoryfam.ua\/pl\/\"},{\"@type\":\"ListItem\",\"position\":2,\"name\":\"Sklep\",\"item\":\"https:\/\/factoryfam.ua\/shop\/\"},{\"@type\":\"ListItem\",\"position\":3,\"name\":\"Erborian Clair BB Cream 40 ml\"}]},{\"@type\":\"WebSite\",\"@id\":\"https:\/\/factoryfam.ua\/pl\/#website\",\"url\":\"https:\/\/factoryfam.ua\/pl\/\",\"name\":\"Factory Family\",\"description\":\"\",\"potentialAction\":[{\"@type\":\"SearchAction\",\"target\":{\"@type\":\"EntryPoint\",\"urlTemplate\":\"https:\/\/factoryfam.ua\/pl\/?s={search_term_string}\"},\"query-input\":{\"@type\":\"PropertyValueSpecification\",\"valueRequired\":true,\"valueName\":\"search_term_string\"}}],\"inLanguage\":\"pl-PL\"}]}<\/script>\n<!-- \/ Yoast SEO plugin. -->","yoast_head_json":{"title":"Erborian Clair BB Cream 40 ml - Factory Family","robots":{"index":"index","follow":"follow","max-snippet":"max-snippet:-1","max-image-preview":"max-image-preview:large","max-video-preview":"max-video-preview:-1"},"canonical":"https:\/\/factoryfam.ua\/pl\/product\/erborian-clair-bb-cream-40-ml\/","og_locale":"pl_PL","og_type":"article","og_title":"Erborian Clair BB Cream 40 ml - Factory Family","og_description":"Lekka konsystencja maskuje niedoskona\u0142o\u015bci i tworzy efekt naturalnie nieskazitelnej sk\u00f3ry. Hipoalergiczna formu\u0142a odpowiednia dla wszystkich typ\u00f3w sk\u00f3ry.","og_url":"https:\/\/factoryfam.ua\/pl\/product\/erborian-clair-bb-cream-40-ml\/","og_site_name":"Factory Family","og_image":[{"width":962,"height":962,"url":"https:\/\/factoryfam.ua\/wp-content\/uploads\/2025\/07\/large-bb_creme_40ml_nude-6aa10389-.jpg","type":"image\/jpeg"}],"twitter_card":"summary_large_image","twitter_misc":{"Szacowany czas czytania":"1 minuta"},"schema":{"@context":"https:\/\/schema.org","@graph":[{"@type":"WebPage","@id":"https:\/\/factoryfam.ua\/pl\/product\/erborian-clair-bb-cream-40-ml\/","url":"https:\/\/factoryfam.ua\/pl\/product\/erborian-clair-bb-cream-40-ml\/","name":"Erborian Clair BB Cream 40 ml - Factory Family","isPartOf":{"@id":"https:\/\/factoryfam.ua\/pl\/#website"},"primaryImageOfPage":{"@id":"https:\/\/factoryfam.ua\/pl\/product\/erborian-clair-bb-cream-40-ml\/#primaryimage"},"image":{"@id":"https:\/\/factoryfam.ua\/pl\/product\/erborian-clair-bb-cream-40-ml\/#primaryimage"},"thumbnailUrl":"https:\/\/factoryfam.ua\/wp-content\/uploads\/2025\/07\/large-bb_creme_40ml_nude-6aa10389-.jpg","datePublished":"2025-07-03T11:49:03+00:00","breadcrumb":{"@id":"https:\/\/factoryfam.ua\/pl\/product\/erborian-clair-bb-cream-40-ml\/#breadcrumb"},"inLanguage":"pl-PL","potentialAction":[{"@type":"ReadAction","target":["https:\/\/factoryfam.ua\/pl\/product\/erborian-clair-bb-cream-40-ml\/"]}]},{"@type":"ImageObject","inLanguage":"pl-PL","@id":"https:\/\/factoryfam.ua\/pl\/product\/erborian-clair-bb-cream-40-ml\/#primaryimage","url":"https:\/\/factoryfam.ua\/wp-content\/uploads\/2025\/07\/large-bb_creme_40ml_nude-6aa10389-.jpg","contentUrl":"https:\/\/factoryfam.ua\/wp-content\/uploads\/2025\/07\/large-bb_creme_40ml_nude-6aa10389-.jpg","width":962,"height":962},{"@type":"BreadcrumbList","@id":"https:\/\/factoryfam.ua\/pl\/product\/erborian-clair-bb-cream-40-ml\/#breadcrumb","itemListElement":[{"@type":"ListItem","position":1,"name":"\u0413\u043e\u043b\u043e\u0432\u043d\u0430","item":"https:\/\/factoryfam.ua\/pl\/"},{"@type":"ListItem","position":2,"name":"Sklep","item":"https:\/\/factoryfam.ua\/shop\/"},{"@type":"ListItem","position":3,"name":"Erborian Clair BB Cream 40 ml"}]},{"@type":"WebSite","@id":"https:\/\/factoryfam.ua\/pl\/#website","url":"https:\/\/factoryfam.ua\/pl\/","name":"Factory Family","description":"","potentialAction":[{"@type":"SearchAction","target":{"@type":"EntryPoint","urlTemplate":"https:\/\/factoryfam.ua\/pl\/?s={search_term_string}"},"query-input":{"@type":"PropertyValueSpecification","valueRequired":true,"valueName":"search_term_string"}}],"inLanguage":"pl-PL"}]}},"_links":{"self":[{"href":"https:\/\/factoryfam.ua\/pl\/wp-json\/wp\/v2\/product\/9090","targetHints":{"allow":["GET"]}}],"collection":[{"href":"https:\/\/factoryfam.ua\/pl\/wp-json\/wp\/v2\/product"}],"about":[{"href":"https:\/\/factoryfam.ua\/pl\/wp-json\/wp\/v2\/types\/product"}],"replies":[{"embeddable":true,"href":"https:\/\/factoryfam.ua\/pl\/wp-json\/wp\/v2\/comments?post=9090"}],"wp:featuredmedia":[{"embeddable":true,"href":"https:\/\/factoryfam.ua\/pl\/wp-json\/wp\/v2\/media\/8716"}],"wp:attachment":[{"href":"https:\/\/factoryfam.ua\/pl\/wp-json\/wp\/v2\/media?parent=9090"}],"wp:term":[{"taxonomy":"product_brand","embeddable":true,"href":"https:\/\/factoryfam.ua\/pl\/wp-json\/wp\/v2\/product_brand?post=9090"},{"taxonomy":"product_cat","embeddable":true,"href":"https:\/\/factoryfam.ua\/pl\/wp-json\/wp\/v2\/product_cat?post=9090"},{"taxonomy":"product_tag","embeddable":true,"href":"https:\/\/factoryfam.ua\/pl\/wp-json\/wp\/v2\/product_tag?post=9090"}],"curies":[{"name":"wp","href":"https:\/\/api.w.org\/{rel}","templated":true}]}}