{"id":9094,"date":"2025-07-03T14:21:11","date_gmt":"2025-07-03T11:21:11","guid":{"rendered":"https:\/\/factoryfam.ua\/product\/medik-8-refresh-balancing-toner\/"},"modified":"2025-07-03T14:21:11","modified_gmt":"2025-07-03T11:21:11","slug":"medik-8-refresh-balancing-toner","status":"publish","type":"product","link":"https:\/\/factoryfam.ua\/pl\/product\/medik-8-refresh-balancing-toner\/","title":{"rendered":"Medik 8 Refresh Balancing Toner"},"content":{"rendered":"<p data-start=\"895\" data-end=\"1086\">Medik8 Daily Refresh Balancing Toner to niezb\u0119dny produkt w codziennej piel\u0119gnacji sk\u00f3ry. Tonik oczyszczaj\u0105cy pomaga przywr\u00f3ci\u0107 naturalne pH sk\u00f3ry, jednocze\u015bnie nawil\u017caj\u0105c i od\u015bwie\u017caj\u0105c cer\u0119.<\/p>\n<p data-start=\"1088\" data-end=\"1539\">Formu\u0142a zawiera ekstrakt z oczaru wirginijskiego, kt\u00f3ry zw\u0119\u017ca pory, tonizuje i poprawia elastyczno\u015b\u0107 sk\u00f3ry. Alantoina przywraca optymaln\u0105 r\u00f3wnowag\u0119 kwasowo-zasadow\u0105, chroni\u0105c sk\u00f3r\u0119 przed szkodliwymi czynnikami \u015brodowiskowymi oraz pozostawiaj\u0105c j\u0105 g\u0142adk\u0105 i aksamitn\u0105. Witamina B3 \u0142agodzi stany zapalne i redukuje zaczerwienienia. Ekstrakt z aloesu dzia\u0142a antybakteryjnie i nawil\u017caj\u0105co. Prebiotyki poprawiaj\u0105 koloryt sk\u00f3ry i wspieraj\u0105 jej zdrowy wygl\u0105d.<\/p>\n","protected":false},"excerpt":{"rendered":"<p>Daily Refresh Balancing Toner \u2014 nawil\u017caj\u0105cy tonik bez alkoholu<\/p>\n","protected":false},"featured_media":8706,"comment_status":"open","ping_status":"closed","template":"","meta":[],"product_brand":[111],"product_cat":[144],"product_tag":[],"class_list":{"0":"post-9094","1":"product","2":"type-product","3":"status-publish","4":"has-post-thumbnail","6":"product_brand-medik8","7":"product_cat-makijaz","9":"first","10":"instock","11":"shipping-taxable","12":"purchasable","13":"product-type-simple"},"yoast_head":"<!-- This site is optimized with the Yoast SEO plugin v26.8 - https:\/\/yoast.com\/product\/yoast-seo-wordpress\/ -->\n<title>Medik 8 Refresh Balancing Toner - Factory Family<\/title>\n<meta name=\"robots\" content=\"index, follow, max-snippet:-1, max-image-preview:large, max-video-preview:-1\" \/>\n<link rel=\"canonical\" href=\"https:\/\/factoryfam.ua\/pl\/product\/medik-8-refresh-balancing-toner\/\" \/>\n<meta property=\"og:locale\" content=\"pl_PL\" \/>\n<meta property=\"og:type\" content=\"article\" \/>\n<meta property=\"og:title\" content=\"Medik 8 Refresh Balancing Toner - Factory Family\" \/>\n<meta property=\"og:description\" content=\"Daily Refresh Balancing Toner \u2014 nawil\u017caj\u0105cy tonik bez alkoholu\" \/>\n<meta property=\"og:url\" content=\"https:\/\/factoryfam.ua\/pl\/product\/medik-8-refresh-balancing-toner\/\" \/>\n<meta property=\"og:site_name\" content=\"Factory Family\" \/>\n<meta property=\"og:image\" content=\"https:\/\/factoryfam.ua\/wp-content\/uploads\/2025\/07\/ctq3akitglrf.jpg\" \/>\n\t<meta property=\"og:image:width\" content=\"1200\" \/>\n\t<meta property=\"og:image:height\" content=\"1200\" \/>\n\t<meta property=\"og:image:type\" content=\"image\/jpeg\" \/>\n<meta name=\"twitter:card\" content=\"summary_large_image\" \/>\n<meta name=\"twitter:label1\" content=\"Szacowany czas czytania\" \/>\n\t<meta name=\"twitter:data1\" content=\"1 minuta\" \/>\n<script type=\"application\/ld+json\" class=\"yoast-schema-graph\">{\"@context\":\"https:\/\/schema.org\",\"@graph\":[{\"@type\":\"WebPage\",\"@id\":\"https:\/\/factoryfam.ua\/pl\/product\/medik-8-refresh-balancing-toner\/\",\"url\":\"https:\/\/factoryfam.ua\/pl\/product\/medik-8-refresh-balancing-toner\/\",\"name\":\"Medik 8 Refresh Balancing Toner - Factory Family\",\"isPartOf\":{\"@id\":\"https:\/\/factoryfam.ua\/pl\/#website\"},\"primaryImageOfPage\":{\"@id\":\"https:\/\/factoryfam.ua\/pl\/product\/medik-8-refresh-balancing-toner\/#primaryimage\"},\"image\":{\"@id\":\"https:\/\/factoryfam.ua\/pl\/product\/medik-8-refresh-balancing-toner\/#primaryimage\"},\"thumbnailUrl\":\"https:\/\/factoryfam.ua\/wp-content\/uploads\/2025\/07\/ctq3akitglrf.jpg\",\"datePublished\":\"2025-07-03T11:21:11+00:00\",\"breadcrumb\":{\"@id\":\"https:\/\/factoryfam.ua\/pl\/product\/medik-8-refresh-balancing-toner\/#breadcrumb\"},\"inLanguage\":\"pl-PL\",\"potentialAction\":[{\"@type\":\"ReadAction\",\"target\":[\"https:\/\/factoryfam.ua\/pl\/product\/medik-8-refresh-balancing-toner\/\"]}]},{\"@type\":\"ImageObject\",\"inLanguage\":\"pl-PL\",\"@id\":\"https:\/\/factoryfam.ua\/pl\/product\/medik-8-refresh-balancing-toner\/#primaryimage\",\"url\":\"https:\/\/factoryfam.ua\/wp-content\/uploads\/2025\/07\/ctq3akitglrf.jpg\",\"contentUrl\":\"https:\/\/factoryfam.ua\/wp-content\/uploads\/2025\/07\/ctq3akitglrf.jpg\",\"width\":1200,\"height\":1200},{\"@type\":\"BreadcrumbList\",\"@id\":\"https:\/\/factoryfam.ua\/pl\/product\/medik-8-refresh-balancing-toner\/#breadcrumb\",\"itemListElement\":[{\"@type\":\"ListItem\",\"position\":1,\"name\":\"\u0413\u043e\u043b\u043e\u0432\u043d\u0430\",\"item\":\"https:\/\/factoryfam.ua\/pl\/\"},{\"@type\":\"ListItem\",\"position\":2,\"name\":\"Sklep\",\"item\":\"https:\/\/factoryfam.ua\/shop\/\"},{\"@type\":\"ListItem\",\"position\":3,\"name\":\"Medik 8 Refresh Balancing Toner\"}]},{\"@type\":\"WebSite\",\"@id\":\"https:\/\/factoryfam.ua\/pl\/#website\",\"url\":\"https:\/\/factoryfam.ua\/pl\/\",\"name\":\"Factory Family\",\"description\":\"\",\"potentialAction\":[{\"@type\":\"SearchAction\",\"target\":{\"@type\":\"EntryPoint\",\"urlTemplate\":\"https:\/\/factoryfam.ua\/pl\/?s={search_term_string}\"},\"query-input\":{\"@type\":\"PropertyValueSpecification\",\"valueRequired\":true,\"valueName\":\"search_term_string\"}}],\"inLanguage\":\"pl-PL\"}]}<\/script>\n<!-- \/ Yoast SEO plugin. -->","yoast_head_json":{"title":"Medik 8 Refresh Balancing Toner - Factory Family","robots":{"index":"index","follow":"follow","max-snippet":"max-snippet:-1","max-image-preview":"max-image-preview:large","max-video-preview":"max-video-preview:-1"},"canonical":"https:\/\/factoryfam.ua\/pl\/product\/medik-8-refresh-balancing-toner\/","og_locale":"pl_PL","og_type":"article","og_title":"Medik 8 Refresh Balancing Toner - Factory Family","og_description":"Daily Refresh Balancing Toner \u2014 nawil\u017caj\u0105cy tonik bez alkoholu","og_url":"https:\/\/factoryfam.ua\/pl\/product\/medik-8-refresh-balancing-toner\/","og_site_name":"Factory Family","og_image":[{"width":1200,"height":1200,"url":"https:\/\/factoryfam.ua\/wp-content\/uploads\/2025\/07\/ctq3akitglrf.jpg","type":"image\/jpeg"}],"twitter_card":"summary_large_image","twitter_misc":{"Szacowany czas czytania":"1 minuta"},"schema":{"@context":"https:\/\/schema.org","@graph":[{"@type":"WebPage","@id":"https:\/\/factoryfam.ua\/pl\/product\/medik-8-refresh-balancing-toner\/","url":"https:\/\/factoryfam.ua\/pl\/product\/medik-8-refresh-balancing-toner\/","name":"Medik 8 Refresh Balancing Toner - Factory Family","isPartOf":{"@id":"https:\/\/factoryfam.ua\/pl\/#website"},"primaryImageOfPage":{"@id":"https:\/\/factoryfam.ua\/pl\/product\/medik-8-refresh-balancing-toner\/#primaryimage"},"image":{"@id":"https:\/\/factoryfam.ua\/pl\/product\/medik-8-refresh-balancing-toner\/#primaryimage"},"thumbnailUrl":"https:\/\/factoryfam.ua\/wp-content\/uploads\/2025\/07\/ctq3akitglrf.jpg","datePublished":"2025-07-03T11:21:11+00:00","breadcrumb":{"@id":"https:\/\/factoryfam.ua\/pl\/product\/medik-8-refresh-balancing-toner\/#breadcrumb"},"inLanguage":"pl-PL","potentialAction":[{"@type":"ReadAction","target":["https:\/\/factoryfam.ua\/pl\/product\/medik-8-refresh-balancing-toner\/"]}]},{"@type":"ImageObject","inLanguage":"pl-PL","@id":"https:\/\/factoryfam.ua\/pl\/product\/medik-8-refresh-balancing-toner\/#primaryimage","url":"https:\/\/factoryfam.ua\/wp-content\/uploads\/2025\/07\/ctq3akitglrf.jpg","contentUrl":"https:\/\/factoryfam.ua\/wp-content\/uploads\/2025\/07\/ctq3akitglrf.jpg","width":1200,"height":1200},{"@type":"BreadcrumbList","@id":"https:\/\/factoryfam.ua\/pl\/product\/medik-8-refresh-balancing-toner\/#breadcrumb","itemListElement":[{"@type":"ListItem","position":1,"name":"\u0413\u043e\u043b\u043e\u0432\u043d\u0430","item":"https:\/\/factoryfam.ua\/pl\/"},{"@type":"ListItem","position":2,"name":"Sklep","item":"https:\/\/factoryfam.ua\/shop\/"},{"@type":"ListItem","position":3,"name":"Medik 8 Refresh Balancing Toner"}]},{"@type":"WebSite","@id":"https:\/\/factoryfam.ua\/pl\/#website","url":"https:\/\/factoryfam.ua\/pl\/","name":"Factory Family","description":"","potentialAction":[{"@type":"SearchAction","target":{"@type":"EntryPoint","urlTemplate":"https:\/\/factoryfam.ua\/pl\/?s={search_term_string}"},"query-input":{"@type":"PropertyValueSpecification","valueRequired":true,"valueName":"search_term_string"}}],"inLanguage":"pl-PL"}]}},"_links":{"self":[{"href":"https:\/\/factoryfam.ua\/pl\/wp-json\/wp\/v2\/product\/9094","targetHints":{"allow":["GET"]}}],"collection":[{"href":"https:\/\/factoryfam.ua\/pl\/wp-json\/wp\/v2\/product"}],"about":[{"href":"https:\/\/factoryfam.ua\/pl\/wp-json\/wp\/v2\/types\/product"}],"replies":[{"embeddable":true,"href":"https:\/\/factoryfam.ua\/pl\/wp-json\/wp\/v2\/comments?post=9094"}],"wp:featuredmedia":[{"embeddable":true,"href":"https:\/\/factoryfam.ua\/pl\/wp-json\/wp\/v2\/media\/8706"}],"wp:attachment":[{"href":"https:\/\/factoryfam.ua\/pl\/wp-json\/wp\/v2\/media?parent=9094"}],"wp:term":[{"taxonomy":"product_brand","embeddable":true,"href":"https:\/\/factoryfam.ua\/pl\/wp-json\/wp\/v2\/product_brand?post=9094"},{"taxonomy":"product_cat","embeddable":true,"href":"https:\/\/factoryfam.ua\/pl\/wp-json\/wp\/v2\/product_cat?post=9094"},{"taxonomy":"product_tag","embeddable":true,"href":"https:\/\/factoryfam.ua\/pl\/wp-json\/wp\/v2\/product_tag?post=9094"}],"curies":[{"name":"wp","href":"https:\/\/api.w.org\/{rel}","templated":true}]}}