{"id":9496,"date":"2025-10-29T14:57:42","date_gmt":"2025-10-29T12:57:42","guid":{"rendered":"https:\/\/factoryfam.ua\/product\/abonament-na-5-masazy\/"},"modified":"2025-10-29T14:57:42","modified_gmt":"2025-10-29T12:57:42","slug":"abonament-na-5-masazy","status":"publish","type":"product","link":"https:\/\/factoryfam.ua\/pl\/product\/abonament-na-5-masazy\/","title":{"rendered":"Abonament na 5 masa\u017cy"},"content":{"rendered":"","protected":false},"excerpt":{"rendered":"<p>Masa\u017c antystresowy, regeneruj\u0105cy, relaksuj\u0105cy, tonizuj\u0105cy<\/p>\n","protected":false},"featured_media":9490,"comment_status":"open","ping_status":"closed","template":"","meta":[],"product_brand":[],"product_cat":[96],"product_tag":[],"class_list":{"0":"post-9496","1":"product","2":"type-product","3":"status-publish","4":"has-post-thumbnail","6":"product_cat-certyfikaty","8":"first","9":"instock","10":"shipping-taxable","11":"purchasable","12":"product-type-simple"},"yoast_head":"<!-- This site is optimized with the Yoast SEO plugin v26.8 - https:\/\/yoast.com\/product\/yoast-seo-wordpress\/ -->\n<title>Abonament na 5 masa\u017cy - Factory Family<\/title>\n<meta name=\"robots\" content=\"index, follow, max-snippet:-1, max-image-preview:large, max-video-preview:-1\" \/>\n<link rel=\"canonical\" href=\"https:\/\/factoryfam.ua\/pl\/product\/abonament-na-5-masazy\/\" \/>\n<meta property=\"og:locale\" content=\"pl_PL\" \/>\n<meta property=\"og:type\" content=\"article\" \/>\n<meta property=\"og:title\" content=\"Abonament na 5 masa\u017cy - Factory Family\" \/>\n<meta property=\"og:description\" content=\"Masa\u017c antystresowy, regeneruj\u0105cy, relaksuj\u0105cy, tonizuj\u0105cy\" \/>\n<meta property=\"og:url\" content=\"https:\/\/factoryfam.ua\/pl\/product\/abonament-na-5-masazy\/\" \/>\n<meta property=\"og:site_name\" content=\"Factory Family\" \/>\n<meta property=\"og:image\" content=\"https:\/\/factoryfam.ua\/wp-content\/uploads\/2025\/10\/certifikate.jpg\" \/>\n\t<meta property=\"og:image:width\" content=\"615\" \/>\n\t<meta property=\"og:image:height\" content=\"615\" \/>\n\t<meta property=\"og:image:type\" content=\"image\/jpeg\" \/>\n<meta name=\"twitter:card\" content=\"summary_large_image\" \/>\n<script type=\"application\/ld+json\" class=\"yoast-schema-graph\">{\"@context\":\"https:\/\/schema.org\",\"@graph\":[{\"@type\":\"WebPage\",\"@id\":\"https:\/\/factoryfam.ua\/pl\/product\/abonament-na-5-masazy\/\",\"url\":\"https:\/\/factoryfam.ua\/pl\/product\/abonament-na-5-masazy\/\",\"name\":\"Abonament na 5 masa\u017cy - Factory Family\",\"isPartOf\":{\"@id\":\"https:\/\/factoryfam.ua\/pl\/#website\"},\"primaryImageOfPage\":{\"@id\":\"https:\/\/factoryfam.ua\/pl\/product\/abonament-na-5-masazy\/#primaryimage\"},\"image\":{\"@id\":\"https:\/\/factoryfam.ua\/pl\/product\/abonament-na-5-masazy\/#primaryimage\"},\"thumbnailUrl\":\"https:\/\/factoryfam.ua\/wp-content\/uploads\/2025\/10\/certifikate.jpg\",\"datePublished\":\"2025-10-29T12:57:42+00:00\",\"breadcrumb\":{\"@id\":\"https:\/\/factoryfam.ua\/pl\/product\/abonament-na-5-masazy\/#breadcrumb\"},\"inLanguage\":\"pl-PL\",\"potentialAction\":[{\"@type\":\"ReadAction\",\"target\":[\"https:\/\/factoryfam.ua\/pl\/product\/abonament-na-5-masazy\/\"]}]},{\"@type\":\"ImageObject\",\"inLanguage\":\"pl-PL\",\"@id\":\"https:\/\/factoryfam.ua\/pl\/product\/abonament-na-5-masazy\/#primaryimage\",\"url\":\"https:\/\/factoryfam.ua\/wp-content\/uploads\/2025\/10\/certifikate.jpg\",\"contentUrl\":\"https:\/\/factoryfam.ua\/wp-content\/uploads\/2025\/10\/certifikate.jpg\",\"width\":615,\"height\":615},{\"@type\":\"BreadcrumbList\",\"@id\":\"https:\/\/factoryfam.ua\/pl\/product\/abonament-na-5-masazy\/#breadcrumb\",\"itemListElement\":[{\"@type\":\"ListItem\",\"position\":1,\"name\":\"\u0413\u043e\u043b\u043e\u0432\u043d\u0430\",\"item\":\"https:\/\/factoryfam.ua\/pl\/\"},{\"@type\":\"ListItem\",\"position\":2,\"name\":\"Sklep\",\"item\":\"https:\/\/factoryfam.ua\/shop\/\"},{\"@type\":\"ListItem\",\"position\":3,\"name\":\"Abonament na 5 masa\u017cy\"}]},{\"@type\":\"WebSite\",\"@id\":\"https:\/\/factoryfam.ua\/pl\/#website\",\"url\":\"https:\/\/factoryfam.ua\/pl\/\",\"name\":\"Factory Family\",\"description\":\"\",\"potentialAction\":[{\"@type\":\"SearchAction\",\"target\":{\"@type\":\"EntryPoint\",\"urlTemplate\":\"https:\/\/factoryfam.ua\/pl\/?s={search_term_string}\"},\"query-input\":{\"@type\":\"PropertyValueSpecification\",\"valueRequired\":true,\"valueName\":\"search_term_string\"}}],\"inLanguage\":\"pl-PL\"}]}<\/script>\n<!-- \/ Yoast SEO plugin. -->","yoast_head_json":{"title":"Abonament na 5 masa\u017cy - Factory Family","robots":{"index":"index","follow":"follow","max-snippet":"max-snippet:-1","max-image-preview":"max-image-preview:large","max-video-preview":"max-video-preview:-1"},"canonical":"https:\/\/factoryfam.ua\/pl\/product\/abonament-na-5-masazy\/","og_locale":"pl_PL","og_type":"article","og_title":"Abonament na 5 masa\u017cy - Factory Family","og_description":"Masa\u017c antystresowy, regeneruj\u0105cy, relaksuj\u0105cy, tonizuj\u0105cy","og_url":"https:\/\/factoryfam.ua\/pl\/product\/abonament-na-5-masazy\/","og_site_name":"Factory Family","og_image":[{"width":615,"height":615,"url":"https:\/\/factoryfam.ua\/wp-content\/uploads\/2025\/10\/certifikate.jpg","type":"image\/jpeg"}],"twitter_card":"summary_large_image","schema":{"@context":"https:\/\/schema.org","@graph":[{"@type":"WebPage","@id":"https:\/\/factoryfam.ua\/pl\/product\/abonament-na-5-masazy\/","url":"https:\/\/factoryfam.ua\/pl\/product\/abonament-na-5-masazy\/","name":"Abonament na 5 masa\u017cy - Factory Family","isPartOf":{"@id":"https:\/\/factoryfam.ua\/pl\/#website"},"primaryImageOfPage":{"@id":"https:\/\/factoryfam.ua\/pl\/product\/abonament-na-5-masazy\/#primaryimage"},"image":{"@id":"https:\/\/factoryfam.ua\/pl\/product\/abonament-na-5-masazy\/#primaryimage"},"thumbnailUrl":"https:\/\/factoryfam.ua\/wp-content\/uploads\/2025\/10\/certifikate.jpg","datePublished":"2025-10-29T12:57:42+00:00","breadcrumb":{"@id":"https:\/\/factoryfam.ua\/pl\/product\/abonament-na-5-masazy\/#breadcrumb"},"inLanguage":"pl-PL","potentialAction":[{"@type":"ReadAction","target":["https:\/\/factoryfam.ua\/pl\/product\/abonament-na-5-masazy\/"]}]},{"@type":"ImageObject","inLanguage":"pl-PL","@id":"https:\/\/factoryfam.ua\/pl\/product\/abonament-na-5-masazy\/#primaryimage","url":"https:\/\/factoryfam.ua\/wp-content\/uploads\/2025\/10\/certifikate.jpg","contentUrl":"https:\/\/factoryfam.ua\/wp-content\/uploads\/2025\/10\/certifikate.jpg","width":615,"height":615},{"@type":"BreadcrumbList","@id":"https:\/\/factoryfam.ua\/pl\/product\/abonament-na-5-masazy\/#breadcrumb","itemListElement":[{"@type":"ListItem","position":1,"name":"\u0413\u043e\u043b\u043e\u0432\u043d\u0430","item":"https:\/\/factoryfam.ua\/pl\/"},{"@type":"ListItem","position":2,"name":"Sklep","item":"https:\/\/factoryfam.ua\/shop\/"},{"@type":"ListItem","position":3,"name":"Abonament na 5 masa\u017cy"}]},{"@type":"WebSite","@id":"https:\/\/factoryfam.ua\/pl\/#website","url":"https:\/\/factoryfam.ua\/pl\/","name":"Factory Family","description":"","potentialAction":[{"@type":"SearchAction","target":{"@type":"EntryPoint","urlTemplate":"https:\/\/factoryfam.ua\/pl\/?s={search_term_string}"},"query-input":{"@type":"PropertyValueSpecification","valueRequired":true,"valueName":"search_term_string"}}],"inLanguage":"pl-PL"}]}},"_links":{"self":[{"href":"https:\/\/factoryfam.ua\/pl\/wp-json\/wp\/v2\/product\/9496","targetHints":{"allow":["GET"]}}],"collection":[{"href":"https:\/\/factoryfam.ua\/pl\/wp-json\/wp\/v2\/product"}],"about":[{"href":"https:\/\/factoryfam.ua\/pl\/wp-json\/wp\/v2\/types\/product"}],"replies":[{"embeddable":true,"href":"https:\/\/factoryfam.ua\/pl\/wp-json\/wp\/v2\/comments?post=9496"}],"wp:featuredmedia":[{"embeddable":true,"href":"https:\/\/factoryfam.ua\/pl\/wp-json\/wp\/v2\/media\/9490"}],"wp:attachment":[{"href":"https:\/\/factoryfam.ua\/pl\/wp-json\/wp\/v2\/media?parent=9496"}],"wp:term":[{"taxonomy":"product_brand","embeddable":true,"href":"https:\/\/factoryfam.ua\/pl\/wp-json\/wp\/v2\/product_brand?post=9496"},{"taxonomy":"product_cat","embeddable":true,"href":"https:\/\/factoryfam.ua\/pl\/wp-json\/wp\/v2\/product_cat?post=9496"},{"taxonomy":"product_tag","embeddable":true,"href":"https:\/\/factoryfam.ua\/pl\/wp-json\/wp\/v2\/product_tag?post=9496"}],"curies":[{"name":"wp","href":"https:\/\/api.w.org\/{rel}","templated":true}]}}